{"id":13,"date":"2021-12-15T09:09:27","date_gmt":"2021-12-15T09:09:27","guid":{"rendered":"https:\/\/startersites.io\/blocksy\/garderobe\/?page_id=13"},"modified":"2025-07-07T15:20:02","modified_gmt":"2025-07-07T21:20:02","slug":"contacto","status":"publish","type":"page","link":"https:\/\/bocimx.com.mx\/inicio\/contacto\/","title":{"rendered":"Contacto"},"content":{"rendered":"\n<div class=\"wp-block-stackable-columns alignfull stk-block-columns stk-block stk-31deafe stk-block-background\" data-block-id=\"31deafe\"><style>.stk-31deafe {background-color:var(--theme-palette-color-8, #ffffff) !important;padding-top:150px !important;padding-bottom:270px !important;margin-bottom:0px !important;}.stk-31deafe:before{background-color:var(--theme-palette-color-8, #ffffff) !important;}@media screen and (max-width: 1023px){.stk-31deafe {padding-top:110px !important;padding-bottom:250px !important;}}<\/style><div class=\"stk-row stk-inner-blocks stk-block-content stk-content-align stk-31deafe-column\">\n<div class=\"wp-block-stackable-column stk-block-column stk-column stk-block stk-e5b129f\" data-block-id=\"e5b129f\"><style>.stk-e5b129f-container{margin-top:0px !important;margin-right:0px !important;margin-bottom:0px !important;margin-left:0px !important;}<\/style><div class=\"stk-column-wrapper stk-block-column__content stk-container stk-e5b129f-container stk--no-background stk--no-padding\"><div class=\"has-text-align-center stk-block-content stk-inner-blocks stk-e5b129f-inner-blocks\"><p>[blocksy_breadcrumbs]<\/p>\n\n\n\n<div class=\"wp-block-stackable-heading stk-block-heading stk-block-heading--v2 stk-block stk-e3c7835\" id=\"contacto\" data-block-id=\"e3c7835\"><style>.stk-e3c7835 {margin-top:15px !important;}.stk-e3c7835 .stk-block-heading__text{font-size:70px !important;font-family:\"Archivo Black\", Sans-serif !important;}@media screen and (max-width: 1023px){.stk-e3c7835 .stk-block-heading__text{font-size:40px !important;}}<\/style><h2 class=\"stk-block-heading__text has-text-align-center\">Contacto<\/h2><\/div>\n<\/div><\/div><\/div>\n<\/div><\/div>\n\n\n\n<div class=\"wp-block-stackable-columns stk-block-columns stk-block stk-25acfd9\" data-block-id=\"25acfd9\"><style>.stk-25acfd9 {margin-top:-120px !important;margin-bottom:0px !important;}.stk-25acfd9-column{--stk-column-gap:50px !important;row-gap:50px !important;}<\/style><div class=\"stk-row stk-inner-blocks stk-block-content stk-content-align stk-25acfd9-column\">\n<div class=\"wp-block-stackable-column stk-block-column stk-column stk-block stk-4f39026 stk-block-background\" data-block-id=\"4f39026\"><style>.stk-4f39026-container{margin-top:0px !important;margin-right:0px !important;margin-bottom:0px !important;margin-left:0px !important;}.stk-4f39026 {background-color:#084b6b !important;padding-top:0px !important;padding-right:0px !important;padding-bottom:0px !important;padding-left:0px !important;overflow:visible !important;}.stk-4f39026:before{background-color:#084b6b !important;}.stk-4f39026 .stk-container{overflow:visible !important;}@media screen and (min-width: 768px){.stk-4f39026 {flex:var(--stk-flex-grow, 1) 1 calc(50% - var(--stk-column-gap, 0px) * 1 \/ 2 ) !important;}}@media screen and (min-width: 768px) and (max-width: 1023px){.stk-4f39026 {flex:var(--stk-flex-grow, 1) 1 calc(100% - var(--stk-column-gap, 0px) * 0 \/ 1 ) !important;}}@media screen and (max-width: 1023px){.stk-4f39026-container{max-width:400px !important;min-width:auto !important;margin-right:auto !important;margin-left:auto !important;}}<\/style><div class=\"stk-column-wrapper stk-block-column__content stk-container stk-4f39026-container stk--no-background stk--no-padding\"><div class=\"stk-block-content stk-inner-blocks stk-4f39026-inner-blocks\">\n<div class=\"wp-block-stackable-image stk-block-image stk-block stk-aab377d\" data-block-id=\"aab377d\"><style>.stk-aab377d {margin-top:-50px !important;}.stk-aab377d .stk-img-wrapper{width:100% !important;}@media screen and (max-width: 1023px){.stk-aab377d .stk-img-wrapper{width:100% !important;height:500px !important;}.stk-aab377d .stk-img-wrapper img{object-position:47% 1% !important;}}<\/style><figure><span class=\"stk-img-wrapper stk-image--shape-stretch\"><img loading=\"lazy\" decoding=\"async\" class=\"stk-img wp-image-750\" src=\"https:\/\/bocimx.com.mx\/wp-content\/uploads\/2025\/07\/Contacto.png\" width=\"888\" height=\"1192\" srcset=\"https:\/\/bocimx.com.mx\/wp-content\/uploads\/2025\/07\/Contacto.png 888w, https:\/\/bocimx.com.mx\/wp-content\/uploads\/2025\/07\/Contacto-223x300.png 223w, https:\/\/bocimx.com.mx\/wp-content\/uploads\/2025\/07\/Contacto-763x1024.png 763w, https:\/\/bocimx.com.mx\/wp-content\/uploads\/2025\/07\/Contacto-768x1031.png 768w, https:\/\/bocimx.com.mx\/wp-content\/uploads\/2025\/07\/Contacto-300x403.png 300w, https:\/\/bocimx.com.mx\/wp-content\/uploads\/2025\/07\/Contacto-600x805.png 600w\" sizes=\"auto, (max-width: 888px) 100vw, 888px\" \/><\/span><\/figure><\/div>\n<\/div><\/div><\/div>\n\n\n\n<div class=\"wp-block-stackable-column stk-block-column stk-column stk-block stk-290ec13\" data-block-id=\"290ec13\"><style>.stk-290ec13-container{margin-top:0px !important;margin-right:0px !important;margin-bottom:0px !important;margin-left:0px !important;}.stk-290ec13 {align-self:flex-end !important;}@media screen and (min-width: 768px){.stk-290ec13 {flex:var(--stk-flex-grow, 1) 1 calc(50% - var(--stk-column-gap, 0px) * 1 \/ 2 ) !important;}}@media screen and (min-width: 768px) and (max-width: 1023px){.stk-290ec13 {flex:var(--stk-flex-grow, 1) 1 calc(100% - var(--stk-column-gap, 0px) * 0 \/ 1 ) !important;}}<\/style><div class=\"stk-column-wrapper stk-block-column__content stk-container stk-290ec13-container stk--no-background stk--no-padding\"><div class=\"stk-block-content stk-inner-blocks stk-290ec13-inner-blocks\">\n<div class=\"wp-block-stackable-heading stk-block-heading stk-block-heading--v2 stk-block stk-e0c4eb8\" id=\"contactanos\" data-block-id=\"e0c4eb8\"><style>.stk-e0c4eb8 .stk-block-heading__text{font-family:\"Archivo Black\", Sans-serif !important;}@media screen and (max-width: 1023px){.stk-e0c4eb8 {margin-bottom:15px !important;}.stk-e0c4eb8 .stk-block-heading__text{font-size:30px !important;}}<\/style><h2 class=\"stk-block-heading__text stk-block-heading--use-theme-margins\">Cont\u00e1ctanos<\/h2><\/div>\n\n\n<div class=\"wpforms-container wpforms-container-full wpforms-block wpforms-block-430a01c7-5316-4645-a2d1-3f7edd121e5e wpforms-render-modern\" id=\"wpforms-156\"><form id=\"wpforms-form-156\" class=\"wpforms-validate wpforms-form\" data-formid=\"156\" method=\"post\" enctype=\"multipart\/form-data\" action=\"\/inicio\/wp-json\/wp\/v2\/pages\/13\" data-token=\"456f5639b77b87783dc6adba1eebace6\" data-token-time=\"1777627506\"><noscript class=\"wpforms-error-noscript\">Por favor, activa JavaScript en tu navegador para completar este formulario.<\/noscript><div id=\"wpforms-error-noscript\" style=\"display: none;\">Por favor, activa JavaScript en tu navegador para completar este formulario.<\/div><div class=\"wpforms-field-container\"><div id=\"wpforms-156-field_0-container\" class=\"wpforms-field wpforms-field-name\" data-field-id=\"0\"><label class=\"wpforms-field-label\" for=\"wpforms-156-field_0\">Nombre <span class=\"wpforms-required-label\" aria-hidden=\"true\">*<\/span><\/label><input type=\"text\" id=\"wpforms-156-field_0\" class=\"wpforms-field-large wpforms-field-required\" name=\"wpforms[fields][0]\" aria-errormessage=\"wpforms-156-field_0-error\" required><\/div><div id=\"wpforms-156-field_4-container\" class=\"wpforms-field wpforms-field-text\" data-field-id=\"4\"><label class=\"wpforms-field-label\" for=\"wpforms-156-field_4\">Tel\u00e9fono <span class=\"wpforms-required-label\" aria-hidden=\"true\">*<\/span><\/label><input type=\"text\" id=\"wpforms-156-field_4\" class=\"wpforms-field-large wpforms-field-required\" name=\"wpforms[fields][4]\" aria-errormessage=\"wpforms-156-field_4-error\" required><\/div><div id=\"wpforms-156-field_1-container\" class=\"wpforms-field wpforms-field-email\" data-field-id=\"1\"><label class=\"wpforms-field-label\" for=\"wpforms-156-field_1\">Correo electr\u00f3nico <span class=\"wpforms-required-label\" aria-hidden=\"true\">*<\/span><\/label><input type=\"email\" id=\"wpforms-156-field_1\" class=\"wpforms-field-large wpforms-field-required\" name=\"wpforms[fields][1]\" spellcheck=\"false\" aria-errormessage=\"wpforms-156-field_1-error\" required><\/div><div id=\"wpforms-156-field_2-container\" class=\"wpforms-field wpforms-field-textarea\" data-field-id=\"2\"><label class=\"wpforms-field-label\" for=\"wpforms-156-field_2\">Tu mensaje <span class=\"wpforms-required-label\" aria-hidden=\"true\">*<\/span><\/label><textarea id=\"wpforms-156-field_2\" class=\"wpforms-field-medium wpforms-field-required\" name=\"wpforms[fields][2]\" aria-errormessage=\"wpforms-156-field_2-error\" required><\/textarea><\/div><\/div><!-- .wpforms-field-container --><div class=\"wpforms-submit-container\" ><input type=\"hidden\" name=\"wpforms[id]\" value=\"156\"><input type=\"hidden\" name=\"page_title\" value=\"\"><input type=\"hidden\" name=\"page_url\" value=\"https:\/\/bocimx.com.mx\/inicio\/wp-json\/wp\/v2\/pages\/13\"><input type=\"hidden\" name=\"url_referer\" value=\"\"><button type=\"submit\" name=\"wpforms[submit]\" id=\"wpforms-submit-156\" class=\"wpforms-submit\" data-alt-text=\"Enviando...\" data-submit-text=\"Enviar\" aria-live=\"assertive\" value=\"wpforms-submit\">Enviar<\/button><\/div><\/form><\/div>  <!-- .wpforms-container --><\/div><\/div><\/div>\n<\/div><\/div>\n\n\n\n<div class=\"wp-block-stackable-spacer stk-block-spacer stk--no-padding stk-block stk-1e53790\" data-block-id=\"1e53790\"><style>.stk-1e53790 {height:130px !important;}@media screen and (max-width: 1023px){.stk-1e53790 {height:80px !important;}}<\/style><\/div>\n\n\n\n<div class=\"wp-block-stackable-columns stk-block-columns stk-block stk-8b0558a stk-block-background stk--has-background-overlay\" data-block-id=\"8b0558a\"><style>.stk-8b0558a {background-image:url(https:\/\/bocimx.com.mx\/wp-content\/uploads\/2021\/12\/newsletter-container-image_optimized.webp) !important;padding-top:120px !important;padding-right:90px !important;padding-bottom:120px !important;padding-left:90px !important;margin-bottom:1px !important;}.stk-8b0558a:before{background-color:#000000 !important;opacity:0.6 !important;}@media screen and (max-width: 1023px){.stk-8b0558a {padding-top:80px !important;padding-right:80px !important;padding-bottom:80px !important;padding-left:80px !important;}}@media screen and (max-width: 767px){.stk-8b0558a {padding-top:30px !important;padding-right:30px !important;padding-bottom:30px !important;padding-left:30px !important;}}<\/style><div class=\"stk-row stk-inner-blocks stk-block-content stk-content-align stk-8b0558a-column\">\n<div class=\"wp-block-stackable-column stk-block-column stk-column stk-block stk-339c1c9\" data-block-id=\"339c1c9\"><style>.stk-339c1c9-container{margin-top:0px !important;margin-right:0px !important;margin-bottom:0px !important;margin-left:0px !important;}.stk-339c1c9 {max-width:600px !important;min-width:auto !important;margin-right:auto !important;margin-left:auto !important;}<\/style><div class=\"stk-column-wrapper stk-block-column__content stk-container stk-339c1c9-container stk--no-background stk--no-padding\"><div class=\"stk-block-content stk-inner-blocks stk-339c1c9-inner-blocks\">\n<div class=\"wp-block-stackable-heading stk-block-heading stk-block-heading--v2 stk-block stk-f482705\" id=\"suscribete\" data-block-id=\"f482705\"><style>.stk-f482705 {margin-bottom:15px !important;}.stk-f482705 .stk-block-heading__text{font-size:40px !important;color:var(--theme-palette-color-8, #ffffff) !important;font-weight:900 !important;font-family:\"Archivo\", Sans-serif !important;}@media screen and (max-width: 1023px){.stk-f482705 .stk-block-heading__text{font-size:30px !important;}}<\/style><h2 class=\"stk-block-heading__text has-text-color has-palette-color-8-color has-text-align-center stk-block-heading--use-theme-margins\">Suscr\u00edbete<\/h2><\/div>\n\n\n\n<div class=\"wp-block-stackable-text stk-block-text stk-block stk-4f369ec\" data-block-id=\"4f369ec\"><style>.stk-4f369ec .stk-block-text__text{font-size:21px !important;color:var(--theme-palette-color-8, #ffffff) !important;}@media screen and (max-width: 1023px){.stk-4f369ec .stk-block-text__text{font-size:20px !important;}}<\/style><p class=\"stk-block-text__text has-text-color has-palette-color-8-color has-text-align-center\">Subscr\u00edbete para recibir noticias y ofertas antes que todos.<\/p><\/div>\n\n\n<div class=\"wpforms-container wpforms-container-full wpforms-block wpforms-block-b0cf837a-1a33-43bc-9e15-5c221badb752 inline-fields wpforms-subscribe-form wpforms-render-modern\" id=\"wpforms-157\"><form id=\"wpforms-form-157\" class=\"wpforms-validate wpforms-form\" data-formid=\"157\" method=\"post\" enctype=\"multipart\/form-data\" action=\"\/inicio\/wp-json\/wp\/v2\/pages\/13\" data-token=\"1fdf1a2990f4bdb383e479c8299b002a\" data-token-time=\"1777627507\"><noscript class=\"wpforms-error-noscript\">Por favor, activa JavaScript en tu navegador para completar este formulario.<\/noscript><div id=\"wpforms-error-noscript\" style=\"display: none;\">Por favor, activa JavaScript en tu navegador para completar este formulario.<\/div><div class=\"wpforms-field-container\"><div id=\"wpforms-157-field_1-container\" class=\"wpforms-field wpforms-field-email\" data-field-id=\"1\"><label class=\"wpforms-field-label wpforms-label-hide\" for=\"wpforms-157-field_1\" aria-hidden=\"false\">Email <span class=\"wpforms-required-label\" aria-hidden=\"true\">*<\/span><\/label><input type=\"email\" id=\"wpforms-157-field_1\" class=\"wpforms-field-medium wpforms-field-required\" name=\"wpforms[fields][1]\" placeholder=\"Email address\" spellcheck=\"false\" aria-errormessage=\"wpforms-157-field_1-error\" required><\/div><\/div><!-- .wpforms-field-container --><div class=\"wpforms-submit-container\" ><input type=\"hidden\" name=\"wpforms[id]\" value=\"157\"><input type=\"hidden\" name=\"page_title\" value=\"\"><input type=\"hidden\" name=\"page_url\" value=\"https:\/\/bocimx.com.mx\/inicio\/wp-json\/wp\/v2\/pages\/13\"><input type=\"hidden\" name=\"url_referer\" value=\"\"><button type=\"submit\" name=\"wpforms[submit]\" id=\"wpforms-submit-157\" class=\"wpforms-submit\" data-alt-text=\"Enviando...\" data-submit-text=\"Subscribir\" aria-live=\"assertive\" value=\"wpforms-submit\">Subscribir<\/button><\/div><\/form><\/div>  <!-- .wpforms-container --><\/div><\/div><\/div>\n<\/div><\/div>\n\n\n\n<div class=\"wp-block-stackable-spacer stk-block-spacer stk--no-padding stk-block stk-a7f8d9a\" data-block-id=\"a7f8d9a\"><style>.stk-a7f8d9a {height:130px !important;}@media screen and (max-width: 1023px){.stk-a7f8d9a {height:100px !important;}}<\/style><\/div>\n","protected":false},"excerpt":{"rendered":"<p>Contacto Cont\u00e1ctanos Suscr\u00edbete Subscr\u00edbete para recibir noticias y ofertas antes que todos.<\/p>\n","protected":false},"author":1,"featured_media":0,"parent":0,"menu_order":0,"comment_status":"closed","ping_status":"closed","template":"","meta":{"site-sidebar-layout":"default","site-content-layout":"","ast-site-content-layout":"default","site-content-style":"default","site-sidebar-style":"default","ast-global-header-display":"","ast-banner-title-visibility":"","ast-main-header-display":"","ast-hfb-above-header-display":"","ast-hfb-below-header-display":"","ast-hfb-mobile-header-display":"","site-post-title":"","ast-breadcrumbs-content":"","ast-featured-img":"","footer-sml-layout":"","ast-disable-related-posts":"","theme-transparent-header-meta":"","adv-header-id-meta":"","stick-header-meta":"","header-above-stick-meta":"","header-main-stick-meta":"","header-below-stick-meta":"","astra-migrate-meta-layouts":"default","ast-page-background-enabled":"default","ast-page-background-meta":{"desktop":{"background-color":"var(--ast-global-color-5)","background-image":"","background-repeat":"repeat","background-position":"center center","background-size":"auto","background-attachment":"scroll","background-type":"","background-media":"","overlay-type":"","overlay-color":"","overlay-opacity":"","overlay-gradient":""},"tablet":{"background-color":"","background-image":"","background-repeat":"repeat","background-position":"center center","background-size":"auto","background-attachment":"scroll","background-type":"","background-media":"","overlay-type":"","overlay-color":"","overlay-opacity":"","overlay-gradient":""},"mobile":{"background-color":"","background-image":"","background-repeat":"repeat","background-position":"center center","background-size":"auto","background-attachment":"scroll","background-type":"","background-media":"","overlay-type":"","overlay-color":"","overlay-opacity":"","overlay-gradient":""}},"ast-content-background-meta":{"desktop":{"background-color":"var(--ast-global-color-4)","background-image":"","background-repeat":"repeat","background-position":"center center","background-size":"auto","background-attachment":"scroll","background-type":"","background-media":"","overlay-type":"","overlay-color":"","overlay-opacity":"","overlay-gradient":""},"tablet":{"background-color":"var(--ast-global-color-4)","background-image":"","background-repeat":"repeat","background-position":"center center","background-size":"auto","background-attachment":"scroll","background-type":"","background-media":"","overlay-type":"","overlay-color":"","overlay-opacity":"","overlay-gradient":""},"mobile":{"background-color":"var(--ast-global-color-4)","background-image":"","background-repeat":"repeat","background-position":"center center","background-size":"auto","background-attachment":"scroll","background-type":"","background-media":"","overlay-type":"","overlay-color":"","overlay-opacity":"","overlay-gradient":""}},"footnotes":""},"class_list":["post-13","page","type-page","status-publish","hentry"],"_links":{"self":[{"href":"https:\/\/bocimx.com.mx\/inicio\/wp-json\/wp\/v2\/pages\/13","targetHints":{"allow":["GET"]}}],"collection":[{"href":"https:\/\/bocimx.com.mx\/inicio\/wp-json\/wp\/v2\/pages"}],"about":[{"href":"https:\/\/bocimx.com.mx\/inicio\/wp-json\/wp\/v2\/types\/page"}],"author":[{"embeddable":true,"href":"https:\/\/bocimx.com.mx\/inicio\/wp-json\/wp\/v2\/users\/1"}],"replies":[{"embeddable":true,"href":"https:\/\/bocimx.com.mx\/inicio\/wp-json\/wp\/v2\/comments?post=13"}],"version-history":[{"count":7,"href":"https:\/\/bocimx.com.mx\/inicio\/wp-json\/wp\/v2\/pages\/13\/revisions"}],"predecessor-version":[{"id":754,"href":"https:\/\/bocimx.com.mx\/inicio\/wp-json\/wp\/v2\/pages\/13\/revisions\/754"}],"wp:attachment":[{"href":"https:\/\/bocimx.com.mx\/inicio\/wp-json\/wp\/v2\/media?parent=13"}],"curies":[{"name":"wp","href":"https:\/\/api.w.org\/{rel}","templated":true}]}}