{"id":203,"date":"2021-12-17T16:46:02","date_gmt":"2021-12-17T16:46:02","guid":{"rendered":"https:\/\/startersites.io\/blocksy\/garderobe\/?page_id=203"},"modified":"2025-07-07T13:07:07","modified_gmt":"2025-07-07T19:07:07","slug":"nosotros","status":"publish","type":"page","link":"https:\/\/bocimx.com.mx\/inicio\/nosotros\/","title":{"rendered":"Nosotros"},"content":{"rendered":"\n<div class=\"wp-block-stackable-columns alignfull stk-block-columns stk-block stk-626ebfe stk-block-background\" data-block-id=\"626ebfe\"><style>.stk-626ebfe {background-color:var(--theme-palette-color-8, #ffffff) !important;padding-top:150px !important;padding-bottom:340px !important;margin-bottom:0px !important;}.stk-626ebfe:before{background-color:var(--theme-palette-color-8, #ffffff) !important;}@media screen and (max-width: 1023px){.stk-626ebfe {padding-top:110px !important;padding-bottom:300px !important;}}<\/style><div class=\"stk-row stk-inner-blocks stk-block-content stk-content-align stk-626ebfe-column\">\n<div class=\"wp-block-stackable-column stk-block-column stk-column stk-block stk-ce7a188\" data-v=\"4\" data-block-id=\"ce7a188\"><style>.stk-ce7a188-container{margin-top:0px !important;margin-right:0px !important;margin-bottom:0px !important;margin-left:0px !important;}<\/style><div class=\"stk-column-wrapper stk-block-column__content stk-container stk-ce7a188-container stk--no-background stk--no-padding\"><div class=\"has-text-align-center stk-block-content stk-inner-blocks stk-ce7a188-inner-blocks\"><p>[blocksy_breadcrumbs]<\/p>\n\n\n\n<div class=\"wp-block-stackable-heading stk-block-heading stk-block-heading--v2 stk-block stk-83aa64e\" id=\"nosotros\" data-block-id=\"83aa64e\"><style>.stk-83aa64e {margin-top:15px !important;}.stk-83aa64e .stk-block-heading__text{font-size:70px !important;font-family:\"Archivo Black\", Sans-serif !important;}@media screen and (max-width: 1023px){.stk-83aa64e .stk-block-heading__text{font-size:50px !important;}}<\/style><h2 class=\"stk-block-heading__text has-text-align-center\">Nosotros<\/h2><\/div>\n<\/div><\/div><\/div>\n<\/div><\/div>\n\n\n\n<div class=\"wp-block-stackable-columns stk-block-columns stk-block stk-b2ae33e stk-block-background stk--has-background-overlay\" data-block-id=\"b2ae33e\"><style>.stk-b2ae33e {background-color:#084b6b !important;background-image:url(https:\/\/bocimx.com.mx\/wp-content\/uploads\/2021\/12\/shop-sale-cta-background.svg) !important;background-position:bottom right !important;background-repeat:no-repeat !important;background-size:auto !important;padding-top:0px !important;padding-right:40px !important;padding-bottom:40px !important;padding-left:40px !important;margin-top:-120px !important;margin-bottom:0px !important;overflow:visible !important;}.stk-b2ae33e:before{background-color:#084b6b !important;opacity:0.9 !important;}.stk-b2ae33e .stk-container{overflow:visible !important;}.stk-b2ae33e-column{--stk-column-gap:70px !important;row-gap:50px !important;}@media screen and (max-width: 767px){.stk-b2ae33e {padding-top:0px !important;padding-right:30px !important;padding-bottom:40px !important;padding-left:30px !important;}}<\/style><div class=\"stk-row stk-inner-blocks stk-block-content stk-content-align stk-b2ae33e-column\">\n<div class=\"wp-block-stackable-column stk-block-column stk-column stk-block stk-2c7ce1b\" data-v=\"4\" data-block-id=\"2c7ce1b\"><style>.stk-2c7ce1b-container{margin-top:0px !important;margin-right:0px !important;margin-bottom:0px !important;margin-left:0px !important;}@media screen and (min-width: 768px){.stk-2c7ce1b {flex:var(--stk-flex-grow, 1) 1 calc(44.3% - var(--stk-column-gap, 0px) * 1 \/ 2 ) !important;}}@media screen and (min-width: 768px) and (max-width: 1023px){.stk-2c7ce1b {flex:var(--stk-flex-grow, 1) 1 calc(100% - var(--stk-column-gap, 0px) * 0 \/ 1 ) !important;}}<\/style><div class=\"stk-column-wrapper stk-block-column__content stk-container stk-2c7ce1b-container stk--no-background stk--no-padding\"><div class=\"stk-block-content stk-inner-blocks stk-2c7ce1b-inner-blocks\">\n<div class=\"wp-block-stackable-image stk-block-image stk-block stk-2ef1bf9\" data-block-id=\"2ef1bf9\"><style>.stk-2ef1bf9 {margin-top:-100px !important;}@media screen and (max-width: 1023px){.stk-2ef1bf9 .stk-img-wrapper{height:500px !important;}}<\/style><figure><span class=\"stk-img-wrapper stk-image--shape-stretch\"><img loading=\"lazy\" decoding=\"async\" class=\"stk-img wp-image-723\" src=\"https:\/\/bocimx.com.mx\/wp-content\/uploads\/2025\/07\/MC-2208-1.png\" width=\"1080\" height=\"1080\" srcset=\"https:\/\/bocimx.com.mx\/wp-content\/uploads\/2025\/07\/MC-2208-1.png 1080w, https:\/\/bocimx.com.mx\/wp-content\/uploads\/2025\/07\/MC-2208-1-300x300.png 300w, https:\/\/bocimx.com.mx\/wp-content\/uploads\/2025\/07\/MC-2208-1-1024x1024.png 1024w, https:\/\/bocimx.com.mx\/wp-content\/uploads\/2025\/07\/MC-2208-1-150x150.png 150w, https:\/\/bocimx.com.mx\/wp-content\/uploads\/2025\/07\/MC-2208-1-768x768.png 768w, https:\/\/bocimx.com.mx\/wp-content\/uploads\/2025\/07\/MC-2208-1-600x600.png 600w, https:\/\/bocimx.com.mx\/wp-content\/uploads\/2025\/07\/MC-2208-1-100x100.png 100w\" sizes=\"auto, (max-width: 1080px) 100vw, 1080px\" \/><\/span><\/figure><\/div>\n<\/div><\/div><\/div>\n\n\n\n<div class=\"wp-block-stackable-column stk-block-column stk-column stk-block stk-a715aa5\" data-v=\"4\" data-block-id=\"a715aa5\"><style>.stk-a715aa5-container{margin-top:0px !important;margin-right:0px !important;margin-bottom:0px !important;margin-left:0px !important;}.stk-a715aa5 {padding-top:90px !important;}@media screen and (min-width: 768px){.stk-a715aa5 {flex:var(--stk-flex-grow, 1) 1 calc(55.7% - var(--stk-column-gap, 0px) * 1 \/ 2 ) !important;}}@media screen and (min-width: 768px) and (max-width: 1023px){.stk-a715aa5 {flex:var(--stk-flex-grow, 1) 1 calc(100% - var(--stk-column-gap, 0px) * 0 \/ 1 ) !important;}}@media screen and (max-width: 1023px){.stk-a715aa5 {padding-top:0px !important;}}<\/style><div class=\"stk-column-wrapper stk-block-column__content stk-container stk-a715aa5-container stk--no-background stk--no-padding\"><div class=\"stk-block-content stk-inner-blocks stk-a715aa5-inner-blocks\">\n<div class=\"wp-block-stackable-heading stk-block-heading stk-block-heading--v2 stk-block stk-290f15a\" id=\"bocimx\" data-block-id=\"290f15a\"><style>.stk-290f15a {margin-bottom:15px !important;}.stk-290f15a .stk-block-heading__text{color:var(--theme-palette-color-8, #ffffff) !important;font-family:\"Archivo Black\", Sans-serif !important;}@media screen and (max-width: 1023px){.stk-290f15a {margin-bottom:30px !important;}}<\/style><h1 class=\"stk-block-heading__text has-text-color has-palette-color-8-color stk-block-heading--use-theme-margins\">BOCIMX<\/h1><\/div>\n\n\n\n<div class=\"wp-block-stackable-columns stk-block-columns stk-block stk-97bf972\" data-block-id=\"97bf972\"><style>.stk-97bf972-column{--stk-column-gap:50px !important;row-gap:50px !important;}<\/style><div class=\"stk-row stk-inner-blocks stk-block-content stk-content-align stk-97bf972-column\">\n<div class=\"wp-block-stackable-column stk-block-column stk-column stk-block stk-77f1576\" data-v=\"4\" data-block-id=\"77f1576\"><style>.stk-77f1576-container{margin-top:0px !important;margin-right:0px !important;margin-bottom:0px !important;margin-left:0px !important;}<\/style><div class=\"stk-column-wrapper stk-block-column__content stk-container stk-77f1576-container stk--no-background stk--no-padding\"><div class=\"stk-block-content stk-inner-blocks stk-77f1576-inner-blocks\">\n<div class=\"wp-block-stackable-text stk-block-text stk-block stk-721b0ac\" data-block-id=\"721b0ac\"><style>.stk-721b0ac .stk-block-text__text{color:var(--theme-palette-color-8, #ffffff) !important;font-family:\"Archivo\", Sans-serif !important;letter-spacing:1.8px !important;}<\/style><p class=\"stk-block-text__text has-text-color has-palette-color-8-color\">Somos una empresa comprometida con ofrecer productos de excelente calidad, gran durabilidad y a un precio justo. Nuestra misi\u00f3n es sencilla: acercar a las personas a los mejores productos, aquellos que realmente cumplen con lo que prometen y mejoran su d\u00eda a d\u00eda. En cada producto que ofrecemos, encontrar\u00e1s nuestro compromiso con la calidad y la satisfacci\u00f3n de nuestros clientes.<\/p><\/div>\n<\/div><\/div><\/div>\n<\/div><\/div>\n<\/div><\/div><\/div>\n<\/div><\/div>\n\n\n\n<div class=\"wp-block-stackable-spacer stk-block-spacer stk--no-padding stk-block stk-aed6e82\" data-block-id=\"aed6e82\"><style>.stk-aed6e82 {height:80px !important;}@media screen and (max-width: 1023px){.stk-aed6e82 {height:80px !important;}}<\/style><\/div>\n\n\n\n<div class=\"wp-block-stackable-columns alignfull stk-block-columns stk-block stk-238a9bc stk-block-background\" data-block-id=\"238a9bc\"><style>.stk-238a9bc {background-color:#f7f6f5 !important;padding-top:0px !important;padding-right:0px !important;padding-bottom:0px !important;padding-left:0px !important;margin-bottom:0px !important;}.stk-238a9bc:before{background-color:#f7f6f5 !important;}.stk-238a9bc-column{--stk-column-gap:50px !important;row-gap:50px !important;}<\/style><div class=\"stk-row stk-inner-blocks stk-block-content stk-content-align stk-238a9bc-column\">\n<div class=\"wp-block-stackable-column stk-block-column stk-column stk-block stk-63a0c3e\" data-v=\"4\" data-block-id=\"63a0c3e\"><style>.stk-63a0c3e-container{margin-top:0px !important;margin-right:0px !important;margin-bottom:0px !important;margin-left:0px !important;}.stk-63a0c3e {align-self:center !important;}@media screen and (min-width: 768px){.stk-63a0c3e {flex:var(--stk-flex-grow, 1) 1 calc(41.2% - var(--stk-column-gap, 0px) * 1 \/ 2 ) !important;}}@media screen and (min-width: 768px) and (max-width: 1023px){.stk-63a0c3e {flex:var(--stk-flex-grow, 1) 1 calc(100% - var(--stk-column-gap, 0px) * 0 \/ 1 ) !important;}}@media screen and (max-width: 1023px){.stk-63a0c3e {padding-top:80px !important;padding-right:30px !important;padding-bottom:0px !important;padding-left:30px !important;}}<\/style><div class=\"stk-column-wrapper stk-block-column__content stk-container stk-63a0c3e-container stk--no-background stk--no-padding\"><div class=\"stk-block-content stk-inner-blocks stk-63a0c3e-inner-blocks\">\n<div class=\"wp-block-stackable-heading stk-block-heading stk-block-heading--v2 stk-block stk-808eb2a\" id=\"strong-los-mejores-productos-strong\" data-block-id=\"808eb2a\"><style>.stk-808eb2a {margin-bottom:0px !important;}.stk-808eb2a .stk-block-heading__text{font-size:52px !important;font-family:\"Archivo\", Sans-serif !important;}@media screen and (max-width: 1023px){.stk-808eb2a {margin-bottom:25px !important;}.stk-808eb2a .stk-block-heading__text{font-size:50px !important;}}<\/style><h2 class=\"stk-block-heading__text has-text-align-center-tablet stk-block-heading--use-theme-margins\"><strong>Los mejores productos<\/strong><\/h2><\/div>\n\n\n\n<div class=\"wp-block-stackable-text stk-block-text stk-block stk-7c72239\" data-block-id=\"7c72239\"><style>.stk-7c72239 {margin-bottom:19px !important;}@media screen and (max-width: 1023px){.stk-7c72239 {margin-bottom:35px !important;}}<\/style><p class=\"stk-block-text__text has-text-align-center-tablet\">En cada uno de nuestros productos encontrar\u00e1s calidad, durabilidad y un excelente precio. Nos apasiona ofrecerte lo mejor, combinando materiales de alto rendimiento con un dise\u00f1o pensado para durar. \u00a1Con\u00f3cenos y comprueba por qu\u00e9 somos tu mejor opci\u00f3n! <\/p><\/div>\n\n\n\n<div class=\"wp-block-stackable-button-group stk-block-button-group stk-block stk-c36310e\" data-block-id=\"c36310e\"><style>.stk-c36310e .stk-inner-blocks{column-gap:5px !important;row-gap:5px !important;}<\/style><div class=\"stk-row stk-inner-blocks has-text-align-center-tablet stk-block-content stk-button-group\">\n<div class=\"wp-block-stackable-button stk-block-button stk-block stk-fbdf709\" data-block-id=\"fbdf709\"><style>.stk-fbdf709 .stk-button{padding-top:15px !important;padding-right:30px !important;padding-bottom:15px !important;padding-left:30px !important;background:#084b6b !important;}.stk-fbdf709 .stk-button__inner-text{font-weight:700 !important;text-transform:uppercase !important;}<\/style><a class=\"stk-link stk-button stk--hover-effect-darken\" href=\"https:\/\/bocimx.com.mx\/inicio\/tienda\/\"><span class=\"stk-button__inner-text\">Tienda<\/span><\/a><\/div>\n<\/div><\/div>\n<\/div><\/div><\/div>\n\n\n\n<div class=\"wp-block-stackable-column stk-block-column stk-column stk-block stk-abfc6ec\" data-v=\"4\" data-block-id=\"abfc6ec\"><style>.stk-abfc6ec-container{margin-top:0px !important;margin-right:0px !important;margin-bottom:0px !important;margin-left:0px !important;}@media screen and (min-width: 768px){.stk-abfc6ec {flex:var(--stk-flex-grow, 1) 1 calc(58.8% - var(--stk-column-gap, 0px) * 1 \/ 2 ) !important;}}@media screen and (min-width: 768px) and (max-width: 1023px){.stk-abfc6ec {flex:var(--stk-flex-grow, 1) 1 calc(100% - var(--stk-column-gap, 0px) * 0 \/ 1 ) !important;}}<\/style><div class=\"stk-column-wrapper stk-block-column__content stk-container stk-abfc6ec-container stk--no-background stk--no-padding\"><div class=\"stk-block-content stk-inner-blocks stk-abfc6ec-inner-blocks\">\n<div class=\"wp-block-stackable-image stk-block-image stk-block stk-171cc07\" data-block-id=\"171cc07\"><style>.stk-171cc07 .stk-img-wrapper{width:100% !important;height:750px !important;}@media screen and (max-width: 1023px){.stk-171cc07 .stk-img-wrapper{width:60% !important;}}<\/style><figure><span class=\"stk-img-wrapper stk-image--shape-stretch\"><img loading=\"lazy\" decoding=\"async\" class=\"stk-img wp-image-732\" src=\"https:\/\/bocimx.com.mx\/wp-content\/uploads\/2025\/07\/MC-8139.png\" width=\"1080\" height=\"1080\" srcset=\"https:\/\/bocimx.com.mx\/wp-content\/uploads\/2025\/07\/MC-8139.png 1080w, https:\/\/bocimx.com.mx\/wp-content\/uploads\/2025\/07\/MC-8139-300x300.png 300w, https:\/\/bocimx.com.mx\/wp-content\/uploads\/2025\/07\/MC-8139-1024x1024.png 1024w, https:\/\/bocimx.com.mx\/wp-content\/uploads\/2025\/07\/MC-8139-150x150.png 150w, https:\/\/bocimx.com.mx\/wp-content\/uploads\/2025\/07\/MC-8139-768x768.png 768w, https:\/\/bocimx.com.mx\/wp-content\/uploads\/2025\/07\/MC-8139-600x600.png 600w, https:\/\/bocimx.com.mx\/wp-content\/uploads\/2025\/07\/MC-8139-100x100.png 100w\" sizes=\"auto, (max-width: 1080px) 100vw, 1080px\" \/><\/span><\/figure><\/div>\n<\/div><\/div><\/div>\n<\/div><\/div>\n","protected":false},"excerpt":{"rendered":"<p>Nosotros BOCIMX Somos una empresa comprometida con ofrecer productos de excelente calidad, gran durabilidad y a un precio justo. Nuestra [&hellip;]<\/p>\n","protected":false},"author":1,"featured_media":0,"parent":0,"menu_order":0,"comment_status":"closed","ping_status":"closed","template":"","meta":{"site-sidebar-layout":"default","site-content-layout":"","ast-site-content-layout":"default","site-content-style":"default","site-sidebar-style":"default","ast-global-header-display":"","ast-banner-title-visibility":"","ast-main-header-display":"","ast-hfb-above-header-display":"","ast-hfb-below-header-display":"","ast-hfb-mobile-header-display":"","site-post-title":"","ast-breadcrumbs-content":"","ast-featured-img":"","footer-sml-layout":"","ast-disable-related-posts":"","theme-transparent-header-meta":"","adv-header-id-meta":"","stick-header-meta":"","header-above-stick-meta":"","header-main-stick-meta":"","header-below-stick-meta":"","astra-migrate-meta-layouts":"default","ast-page-background-enabled":"default","ast-page-background-meta":{"desktop":{"background-color":"var(--ast-global-color-5)","background-image":"","background-repeat":"repeat","background-position":"center center","background-size":"auto","background-attachment":"scroll","background-type":"","background-media":"","overlay-type":"","overlay-color":"","overlay-opacity":"","overlay-gradient":""},"tablet":{"background-color":"","background-image":"","background-repeat":"repeat","background-position":"center center","background-size":"auto","background-attachment":"scroll","background-type":"","background-media":"","overlay-type":"","overlay-color":"","overlay-opacity":"","overlay-gradient":""},"mobile":{"background-color":"","background-image":"","background-repeat":"repeat","background-position":"center center","background-size":"auto","background-attachment":"scroll","background-type":"","background-media":"","overlay-type":"","overlay-color":"","overlay-opacity":"","overlay-gradient":""}},"ast-content-background-meta":{"desktop":{"background-color":"var(--ast-global-color-4)","background-image":"","background-repeat":"repeat","background-position":"center center","background-size":"auto","background-attachment":"scroll","background-type":"","background-media":"","overlay-type":"","overlay-color":"","overlay-opacity":"","overlay-gradient":""},"tablet":{"background-color":"var(--ast-global-color-4)","background-image":"","background-repeat":"repeat","background-position":"center center","background-size":"auto","background-attachment":"scroll","background-type":"","background-media":"","overlay-type":"","overlay-color":"","overlay-opacity":"","overlay-gradient":""},"mobile":{"background-color":"var(--ast-global-color-4)","background-image":"","background-repeat":"repeat","background-position":"center center","background-size":"auto","background-attachment":"scroll","background-type":"","background-media":"","overlay-type":"","overlay-color":"","overlay-opacity":"","overlay-gradient":""}},"footnotes":""},"class_list":["post-203","page","type-page","status-publish","hentry"],"_links":{"self":[{"href":"https:\/\/bocimx.com.mx\/inicio\/wp-json\/wp\/v2\/pages\/203","targetHints":{"allow":["GET"]}}],"collection":[{"href":"https:\/\/bocimx.com.mx\/inicio\/wp-json\/wp\/v2\/pages"}],"about":[{"href":"https:\/\/bocimx.com.mx\/inicio\/wp-json\/wp\/v2\/types\/page"}],"author":[{"embeddable":true,"href":"https:\/\/bocimx.com.mx\/inicio\/wp-json\/wp\/v2\/users\/1"}],"replies":[{"embeddable":true,"href":"https:\/\/bocimx.com.mx\/inicio\/wp-json\/wp\/v2\/comments?post=203"}],"version-history":[{"count":11,"href":"https:\/\/bocimx.com.mx\/inicio\/wp-json\/wp\/v2\/pages\/203\/revisions"}],"predecessor-version":[{"id":741,"href":"https:\/\/bocimx.com.mx\/inicio\/wp-json\/wp\/v2\/pages\/203\/revisions\/741"}],"wp:attachment":[{"href":"https:\/\/bocimx.com.mx\/inicio\/wp-json\/wp\/v2\/media?parent=203"}],"curies":[{"name":"wp","href":"https:\/\/api.w.org\/{rel}","templated":true}]}}