{"id":1003,"date":"2025-07-30T15:59:27","date_gmt":"2025-07-30T21:59:27","guid":{"rendered":"https:\/\/bocimx.com.mx\/inicio\/?post_type=product&#038;p=1003"},"modified":"2026-03-21T11:39:55","modified_gmt":"2026-03-21T17:39:55","slug":"bocina-bs-56","status":"publish","type":"product","link":"https:\/\/bocimx.com.mx\/inicio\/product\/bocina-bs-56\/","title":{"rendered":"Bocina BS-56"},"content":{"rendered":"<p>Sonido envolvente est\u00e9reo de 360 grados<br \/>\n50 W, 4 potentes altavoces que mejoran su audio, brindan un sonido s\u00faper claro y un efecto de graves ultra impactante, le brindan una fant\u00e1stica experiencia de cine en casa sin precedentes, le permiten escuchar y sentir cada explosi\u00f3n de sonido y sentir la experiencia de audio m\u00e1s inmersiva.<\/p>\n<p>Tecnolog\u00eda DSP superior 3D<br \/>\nLa salida de sonido garantizada es m\u00e1s estable y precisa, reduce la p\u00e9rdida de transmisi\u00f3n de sonido. Puede obtener la calidad de sonido m\u00e1s rentable sin afectar o agotar su equipo original. Esfu\u00e9rcese por restaurar la calidad del sonido de manera veraz y precisa, no reducir\u00e1 la b\u00fasqueda de efectos de sonido al amplificar el volumen.<\/p>\n<p>Bastante f\u00e1cil de usar<br \/>\nEstablece el modo, conecta el cable, conectado. Independientemente del cable de datos que elija, los pasos son muy simples y convenientes. Di adi\u00f3s a las conexiones complicadas y tediosas, la tecnolog\u00eda es para hacerte la vida m\u00e1s c\u00f3moda. 1: presione el modo en el control remoto; 2: conecte el cable. 2 simples pasos le brindan una experiencia de sonido diferente.<\/p>\n<p>Dise\u00f1o desmontable 2 en 1<br \/>\nBluetooth 5.0\/\u00d3ptico\/HDMI\/AUX: puede elegir cualquier conexi\u00f3n que desee. Incluso si necesita reemplazar su televisor, siempre puede encontrar una conexi\u00f3n que funcione para su nuevo dispositivo. Innovador dise\u00f1o desmontable: dividido en dos altavoces est\u00e9reo y conectado con una base de metal, que ahorra espacio y es retro como una decoraci\u00f3n delicada para su habitaci\u00f3n.<\/p>\n<p>Bluetooth 5.0<br \/>\nConexi\u00f3n Bluetooth mejorada de alta fidelidad, alta definici\u00f3n y alta estabilidad. 5.0 ofrece el DOBLE de velocidad de datos en comparaci\u00f3n con 4.2, env\u00eda y recibe m\u00e1s datos a una velocidad m\u00e1s r\u00e1pida. Aumente la distancia de transmisi\u00f3n a 4 VECES mayor<\/p>\n<p>Sonido envolvente est\u00e9reo de 360\u00b0:<br \/>\n50W<br \/>\n4 potentes altavoces<br \/>\nTecnolog\u00eda DSP<br \/>\nCanal 2.0<br \/>\nConexi\u00f3n m\u00faltiple:<br \/>\nBluetooth 5.0<br \/>\n\u00d3ptico<br \/>\nHDMI (ARCO)<br \/>\nauxiliar<br \/>\nColocaci\u00f3n flexible (dise\u00f1o desmontable 2 en 1):<br \/>\nQuiere ahorrar espacio: div\u00eddalo en 2 altavoces con base de metal.<\/p>\n","protected":false},"excerpt":{"rendered":"<p>Vive una experiencia de cine en casa con esta barra de sonido de 50\u202fW y 4 altavoces que ofrecen audio envolvente 360\u00b0. Con tecnolog\u00eda DSP 3D, dise\u00f1o desmontable 2 en 1 y m\u00faltiples conexiones como Bluetooth 5.0, HDMI y \u00f3ptico, es potente, vers\u00e1til y f\u00e1cil de usar. \u00a1Calidad de sonido superior en cada rinc\u00f3n!<\/p>\n","protected":false},"featured_media":1004,"template":"","meta":{"site-sidebar-layout":"default","site-content-layout":"","ast-site-content-layout":"default","site-content-style":"default","site-sidebar-style":"default","ast-global-header-display":"","ast-banner-title-visibility":"","ast-main-header-display":"","ast-hfb-above-header-display":"","ast-hfb-below-header-display":"","ast-hfb-mobile-header-display":"","site-post-title":"","ast-breadcrumbs-content":"","ast-featured-img":"","footer-sml-layout":"","ast-disable-related-posts":"","theme-transparent-header-meta":"","adv-header-id-meta":"","stick-header-meta":"","header-above-stick-meta":"","header-main-stick-meta":"","header-below-stick-meta":"","astra-migrate-meta-layouts":"default","ast-page-background-enabled":"default","ast-page-background-meta":{"desktop":{"background-color":"var(--ast-global-color-5)","background-image":"","background-repeat":"repeat","background-position":"center center","background-size":"auto","background-attachment":"scroll","background-type":"","background-media":"","overlay-type":"","overlay-color":"","overlay-opacity":"","overlay-gradient":""},"tablet":{"background-color":"","background-image":"","background-repeat":"repeat","background-position":"center center","background-size":"auto","background-attachment":"scroll","background-type":"","background-media":"","overlay-type":"","overlay-color":"","overlay-opacity":"","overlay-gradient":""},"mobile":{"background-color":"","background-image":"","background-repeat":"repeat","background-position":"center center","background-size":"auto","background-attachment":"scroll","background-type":"","background-media":"","overlay-type":"","overlay-color":"","overlay-opacity":"","overlay-gradient":""}},"ast-content-background-meta":{"desktop":{"background-color":"var(--ast-global-color-4)","background-image":"","background-repeat":"repeat","background-position":"center center","background-size":"auto","background-attachment":"scroll","background-type":"","background-media":"","overlay-type":"","overlay-color":"","overlay-opacity":"","overlay-gradient":""},"tablet":{"background-color":"var(--ast-global-color-4)","background-image":"","background-repeat":"repeat","background-position":"center center","background-size":"auto","background-attachment":"scroll","background-type":"","background-media":"","overlay-type":"","overlay-color":"","overlay-opacity":"","overlay-gradient":""},"mobile":{"background-color":"var(--ast-global-color-4)","background-image":"","background-repeat":"repeat","background-position":"center center","background-size":"auto","background-attachment":"scroll","background-type":"","background-media":"","overlay-type":"","overlay-color":"","overlay-opacity":"","overlay-gradient":""}}},"product_brand":[],"product_cat":[42],"product_tag":[],"class_list":{"0":"post-1003","1":"product","2":"type-product","3":"status-publish","4":"has-post-thumbnail","6":"product_cat-bocinas","7":"product_shipping_class-ligero-medio","8":"desktop-align-left","9":"tablet-align-left","10":"mobile-align-left","12":"first","13":"instock","14":"shipping-taxable","15":"purchasable","16":"product-type-simple"},"_links":{"self":[{"href":"https:\/\/bocimx.com.mx\/inicio\/wp-json\/wp\/v2\/product\/1003","targetHints":{"allow":["GET"]}}],"collection":[{"href":"https:\/\/bocimx.com.mx\/inicio\/wp-json\/wp\/v2\/product"}],"about":[{"href":"https:\/\/bocimx.com.mx\/inicio\/wp-json\/wp\/v2\/types\/product"}],"wp:featuredmedia":[{"embeddable":true,"href":"https:\/\/bocimx.com.mx\/inicio\/wp-json\/wp\/v2\/media\/1004"}],"wp:attachment":[{"href":"https:\/\/bocimx.com.mx\/inicio\/wp-json\/wp\/v2\/media?parent=1003"}],"wp:term":[{"taxonomy":"product_brand","embeddable":true,"href":"https:\/\/bocimx.com.mx\/inicio\/wp-json\/wp\/v2\/product_brand?post=1003"},{"taxonomy":"product_cat","embeddable":true,"href":"https:\/\/bocimx.com.mx\/inicio\/wp-json\/wp\/v2\/product_cat?post=1003"},{"taxonomy":"product_tag","embeddable":true,"href":"https:\/\/bocimx.com.mx\/inicio\/wp-json\/wp\/v2\/product_tag?post=1003"}],"curies":[{"name":"wp","href":"https:\/\/api.w.org\/{rel}","templated":true}]}}