{"id":1008,"date":"2025-07-30T16:08:28","date_gmt":"2025-07-30T22:08:28","guid":{"rendered":"https:\/\/bocimx.com.mx\/inicio\/?post_type=product&#038;p=1008"},"modified":"2025-10-23T10:32:01","modified_gmt":"2025-10-23T16:32:01","slug":"bocina-bs-15","status":"publish","type":"product","link":"https:\/\/bocimx.com.mx\/inicio\/product\/bocina-bs-15\/","title":{"rendered":"Bocina BS-15"},"content":{"rendered":"<p>Nuestra barra de sonido de nueva generaci\u00f3n (5W*4) activar\u00e1 cada c\u00e9lula de tu cuerpo. El enorme espacio de la c\u00e1mara del subwoofer hace que el subwoofer sea magn\u00e9tico. El recinto del subwoofer externo crea un sonido envolvente realista con calidad musical que sacude la pared de ecos como si estuvieras en una pel\u00edcula, m\u00fasica o juego. Experimenta la emoci\u00f3n del cine en casa y siente la acci\u00f3n, el drama y el suspense como si estuvieras all\u00ed.<\/p>\n<p>Sonido envolvente est\u00e9reo<br \/>\nBarras de sonido ofrece un sonido m\u00e1s alto, bocinas para tv hace que sea f\u00e1cil cambiar el sonido de su televisor y su experiencia de cine. Maximiza la claridad del sonido, reduce el retardo de la voz y lleva a tus o\u00eddos una nueva experiencia de audio din\u00e1mico.<\/p>\n<p>Se conecta f\u00e1cilmente a varios dispositivos<br \/>\nEste altavoz para barra de bocinas para televisor viene con un cable de 3,5 a RCA y un cable AUX para ofrecer opciones flexibles de conectividad por cable e inal\u00e1mbrica para su televisor. Es f\u00e1cil de configurar, por lo que es perfecto tanto para entusiastas de la tecnolog\u00eda como para principiantes.<\/p>\n<p>Karaoke en cualquier momento y lugar<br \/>\nEste bocinas port\u00e1tiles tiene un micr\u00f3fono que se puede conectar directamente al equipo de m\u00fasica, Karaoke est\u00e9reo, home theatreK song, home theatre te permite disfrutar del karaoke en casa. Tambi\u00e9n la bater\u00eda incorporada le permite cantar al aire libre, bocina subwoofer bluetooth enlace inal\u00e1mbrico, f\u00e1cil de lograr karaoke al aire libre.<\/p>\n<p>Es adecuado para muchos escenarios<br \/>\nConexi\u00f3n inal\u00e1mbrica significa que puede conectar la barra de sonido a cualquier dispositivo bluetooth como ordenadores, tel\u00e9fonos inteligentes, tabletas, etc a trav\u00e9s de la funci\u00f3n bluetooth, apoyamos bluetooth hasta 5.0. barra de sonido bluetooth hdmi 2.1 (cable no incluido) o cable auxiliar AUX para conectar la barra de sonido a su televisor, que tambi\u00e9n es f\u00e1cil de conectar. teatros La encasa\/teatro en casa se puede llevar con usted para que las actividades al aire libre tambi\u00e9n barras de sonido\/barra de sonido steren\/barra de sonido. Esta bocina subwoofer, que incluye una funci\u00f3n de radio FM, no s\u00f3lo escuchar m\u00fasica, emisoras de radio y noticias de actualidad sobre la marcha, pero tambi\u00e9n es el mejor regalo para acompa\u00f1ar a su El mejor regalo para los padres.<\/p>\n<p>Cuatro altavoces + conducto dise\u00f1o HIFI calidad de sonido<br \/>\nBarra de sonido bluetooth configurado con cuatro altavoces internos combinados 2.0 canales, dise\u00f1o de conducto bilateral, sino que tambi\u00e9n proporciona un efecto subwoofer impactante, por lo que la barra de sonido stereo en barra de sonido con subwoofer, el sintonizador de d\u00eda y de noche, s\u00f3lo para dedicar una fiesta para los o\u00eddos.<\/p>\n<p>El dise\u00f1o ligero y discreto<br \/>\nEsta barra de sonido bluetooth forma le permite h\u00e1bilmente colocado debajo del televisor, sin perder demasiado espacio, al mismo tiempo, dej\u00f3 el borde de la red de altavoces, los agujeros cuadrados y redondos a trav\u00e9s del sonido, es los requisitos visuales, sino tambi\u00e9n para la calidad de sonido del partido sin problemas!.<\/p>\n","protected":false},"excerpt":{"rendered":"<p>Disfruta un sonido envolvente y potente con esta barra de sonido de nueva generaci\u00f3n con subwoofer y 4 altavoces. Ofrece conexi\u00f3n Bluetooth 5.0, AUX, micr\u00f3fono para karaoke, radio FM y dise\u00f1o compacto ideal para cualquier espacio. Perfecta para cine en casa, m\u00fasica o entretenimiento en exteriores. \u00a1Calidad, versatilidad y estilo en un solo equipo!<\/p>\n","protected":false},"featured_media":1009,"template":"","meta":{"site-sidebar-layout":"default","site-content-layout":"","ast-site-content-layout":"default","site-content-style":"default","site-sidebar-style":"default","ast-global-header-display":"","ast-banner-title-visibility":"","ast-main-header-display":"","ast-hfb-above-header-display":"","ast-hfb-below-header-display":"","ast-hfb-mobile-header-display":"","site-post-title":"","ast-breadcrumbs-content":"","ast-featured-img":"","footer-sml-layout":"","ast-disable-related-posts":"","theme-transparent-header-meta":"","adv-header-id-meta":"","stick-header-meta":"","header-above-stick-meta":"","header-main-stick-meta":"","header-below-stick-meta":"","astra-migrate-meta-layouts":"default","ast-page-background-enabled":"default","ast-page-background-meta":{"desktop":{"background-color":"var(--ast-global-color-5)","background-image":"","background-repeat":"repeat","background-position":"center center","background-size":"auto","background-attachment":"scroll","background-type":"","background-media":"","overlay-type":"","overlay-color":"","overlay-opacity":"","overlay-gradient":""},"tablet":{"background-color":"","background-image":"","background-repeat":"repeat","background-position":"center center","background-size":"auto","background-attachment":"scroll","background-type":"","background-media":"","overlay-type":"","overlay-color":"","overlay-opacity":"","overlay-gradient":""},"mobile":{"background-color":"","background-image":"","background-repeat":"repeat","background-position":"center center","background-size":"auto","background-attachment":"scroll","background-type":"","background-media":"","overlay-type":"","overlay-color":"","overlay-opacity":"","overlay-gradient":""}},"ast-content-background-meta":{"desktop":{"background-color":"var(--ast-global-color-4)","background-image":"","background-repeat":"repeat","background-position":"center center","background-size":"auto","background-attachment":"scroll","background-type":"","background-media":"","overlay-type":"","overlay-color":"","overlay-opacity":"","overlay-gradient":""},"tablet":{"background-color":"var(--ast-global-color-4)","background-image":"","background-repeat":"repeat","background-position":"center center","background-size":"auto","background-attachment":"scroll","background-type":"","background-media":"","overlay-type":"","overlay-color":"","overlay-opacity":"","overlay-gradient":""},"mobile":{"background-color":"var(--ast-global-color-4)","background-image":"","background-repeat":"repeat","background-position":"center center","background-size":"auto","background-attachment":"scroll","background-type":"","background-media":"","overlay-type":"","overlay-color":"","overlay-opacity":"","overlay-gradient":""}}},"product_brand":[],"product_cat":[42],"product_tag":[],"class_list":{"0":"post-1008","1":"product","2":"type-product","3":"status-publish","4":"has-post-thumbnail","6":"product_cat-bocinas","7":"product_shipping_class-ligero","8":"desktop-align-left","9":"tablet-align-left","10":"mobile-align-left","12":"first","13":"outofstock","14":"shipping-taxable","15":"purchasable","16":"product-type-simple"},"_links":{"self":[{"href":"https:\/\/bocimx.com.mx\/inicio\/wp-json\/wp\/v2\/product\/1008","targetHints":{"allow":["GET"]}}],"collection":[{"href":"https:\/\/bocimx.com.mx\/inicio\/wp-json\/wp\/v2\/product"}],"about":[{"href":"https:\/\/bocimx.com.mx\/inicio\/wp-json\/wp\/v2\/types\/product"}],"wp:featuredmedia":[{"embeddable":true,"href":"https:\/\/bocimx.com.mx\/inicio\/wp-json\/wp\/v2\/media\/1009"}],"wp:attachment":[{"href":"https:\/\/bocimx.com.mx\/inicio\/wp-json\/wp\/v2\/media?parent=1008"}],"wp:term":[{"taxonomy":"product_brand","embeddable":true,"href":"https:\/\/bocimx.com.mx\/inicio\/wp-json\/wp\/v2\/product_brand?post=1008"},{"taxonomy":"product_cat","embeddable":true,"href":"https:\/\/bocimx.com.mx\/inicio\/wp-json\/wp\/v2\/product_cat?post=1008"},{"taxonomy":"product_tag","embeddable":true,"href":"https:\/\/bocimx.com.mx\/inicio\/wp-json\/wp\/v2\/product_tag?post=1008"}],"curies":[{"name":"wp","href":"https:\/\/api.w.org\/{rel}","templated":true}]}}