{"id":1017,"date":"2025-07-30T16:20:03","date_gmt":"2025-07-30T22:20:03","guid":{"rendered":"https:\/\/bocimx.com.mx\/inicio\/?post_type=product&#038;p=1017"},"modified":"2025-09-13T11:39:04","modified_gmt":"2025-09-13T17:39:04","slug":"bocina-sy-933","status":"publish","type":"product","link":"https:\/\/bocimx.com.mx\/inicio\/product\/bocina-sy-933\/","title":{"rendered":"Bocina SY-933"},"content":{"rendered":"<p>Autocarga solar + Iluminaci\u00f3n con linterna<br \/>\nPor la noche, la funci\u00f3n de linterna de este altavoz bluetooth inal\u00e1mbrico puede proporcionarle iluminaci\u00f3n, disfrutando de la m\u00fasica mientras le mantiene seguro en la carretera.<\/p>\n<p>Calidad de sonido superior<br \/>\nEl altavoz de rango completo de 8W y el radiador pasivo superior ofrecen un audio sorprendentemente rico y claro, lo que le permite sumergirse en su m\u00fasica en cualquier momento y en cualquier lugar.<\/p>\n<p>Es ampliamente utilizado para una gran variedad de ocasiones.<br \/>\nNuestros altavoces son el compa\u00f1ero perfecto para cualquier evento. Compatible con ordenadores, smartphones, tabletas, PS4, video consolas y otros dispositivos con Bluetooth, admite los modos Bluetooth, tarjeta TF, USB, FM y AUX. Tanto si se trata de una animada fiesta como de un concierto en solitario, este altavoz es su primera opci\u00f3n para disfrutar de una excelente calidad de sonido y efectos visuales.<\/p>\n<p>Mejor opci\u00f3n de regalo<br \/>\nEl mini altavoz bonito y delicado con sonido potente y luz bonita es la mejor opci\u00f3n de regalo para ni\u00f1os, familiares y amigos. Se puede utilizar para cualquier ocasi\u00f3n, como yoga, fiesta de amigos, camping al aire libre con la familia y amigos, Navidad, Pascua, Acci\u00f3n de Gracias, cumplea\u00f1os, aniversario, D\u00eda de la Madre, D\u00eda del Padre, Halloween, boda y as\u00ed sucesivamente.<\/p>\n<p>\u00a1El emparejamiento de TWS duplica la diversi\u00f3n!<br \/>\nDisfrute el doble emparejando de forma inal\u00e1mbrica dos altavoces del mismo modelo. Esta funci\u00f3n TWS (True Wireless Stereo) aumenta el volumen, mejora la iluminaci\u00f3n y proporciona una experiencia de sonido envolvente que realmente te sumerge en tu entorno de juego o fiesta.<\/p>\n<p>Bater\u00eda de larga duraci\u00f3n<br \/>\nEquipado con una potente bater\u00eda recargable de 1200 mAh, puede jugar de forma continua durante m\u00e1s de 2 horas. Y lo que es mejor, se puede cargar mientras se reproduce, para que la m\u00fasica nunca se detenga.<\/p>\n","protected":false},"excerpt":{"rendered":"<p>Altavoz Bluetooth compacto con carga solar, linterna integrada y sonido de alta calidad. Compatible con m\u00faltiples dispositivos y modos de reproducci\u00f3n, ofrece funci\u00f3n TWS, luces decorativas y bater\u00eda recargable. Ideal para exteriores, fiestas o como regalo para cualquier ocasi\u00f3n. \u00a1Versatilidad y potencia en la palma de tu mano!<\/p>\n","protected":false},"featured_media":1018,"template":"","meta":{"site-sidebar-layout":"default","site-content-layout":"","ast-site-content-layout":"default","site-content-style":"default","site-sidebar-style":"default","ast-global-header-display":"","ast-banner-title-visibility":"","ast-main-header-display":"","ast-hfb-above-header-display":"","ast-hfb-below-header-display":"","ast-hfb-mobile-header-display":"","site-post-title":"","ast-breadcrumbs-content":"","ast-featured-img":"","footer-sml-layout":"","ast-disable-related-posts":"","theme-transparent-header-meta":"","adv-header-id-meta":"","stick-header-meta":"","header-above-stick-meta":"","header-main-stick-meta":"","header-below-stick-meta":"","astra-migrate-meta-layouts":"default","ast-page-background-enabled":"default","ast-page-background-meta":{"desktop":{"background-color":"var(--ast-global-color-5)","background-image":"","background-repeat":"repeat","background-position":"center center","background-size":"auto","background-attachment":"scroll","background-type":"","background-media":"","overlay-type":"","overlay-color":"","overlay-opacity":"","overlay-gradient":""},"tablet":{"background-color":"","background-image":"","background-repeat":"repeat","background-position":"center center","background-size":"auto","background-attachment":"scroll","background-type":"","background-media":"","overlay-type":"","overlay-color":"","overlay-opacity":"","overlay-gradient":""},"mobile":{"background-color":"","background-image":"","background-repeat":"repeat","background-position":"center center","background-size":"auto","background-attachment":"scroll","background-type":"","background-media":"","overlay-type":"","overlay-color":"","overlay-opacity":"","overlay-gradient":""}},"ast-content-background-meta":{"desktop":{"background-color":"var(--ast-global-color-4)","background-image":"","background-repeat":"repeat","background-position":"center center","background-size":"auto","background-attachment":"scroll","background-type":"","background-media":"","overlay-type":"","overlay-color":"","overlay-opacity":"","overlay-gradient":""},"tablet":{"background-color":"var(--ast-global-color-4)","background-image":"","background-repeat":"repeat","background-position":"center center","background-size":"auto","background-attachment":"scroll","background-type":"","background-media":"","overlay-type":"","overlay-color":"","overlay-opacity":"","overlay-gradient":""},"mobile":{"background-color":"var(--ast-global-color-4)","background-image":"","background-repeat":"repeat","background-position":"center center","background-size":"auto","background-attachment":"scroll","background-type":"","background-media":"","overlay-type":"","overlay-color":"","overlay-opacity":"","overlay-gradient":""}}},"product_brand":[],"product_cat":[42],"product_tag":[],"class_list":{"0":"post-1017","1":"product","2":"type-product","3":"status-publish","4":"has-post-thumbnail","6":"product_cat-bocinas","7":"product_shipping_class-ligero","8":"desktop-align-left","9":"tablet-align-left","10":"mobile-align-left","12":"first","13":"outofstock","14":"shipping-taxable","15":"purchasable","16":"product-type-simple"},"_links":{"self":[{"href":"https:\/\/bocimx.com.mx\/inicio\/wp-json\/wp\/v2\/product\/1017","targetHints":{"allow":["GET"]}}],"collection":[{"href":"https:\/\/bocimx.com.mx\/inicio\/wp-json\/wp\/v2\/product"}],"about":[{"href":"https:\/\/bocimx.com.mx\/inicio\/wp-json\/wp\/v2\/types\/product"}],"wp:featuredmedia":[{"embeddable":true,"href":"https:\/\/bocimx.com.mx\/inicio\/wp-json\/wp\/v2\/media\/1018"}],"wp:attachment":[{"href":"https:\/\/bocimx.com.mx\/inicio\/wp-json\/wp\/v2\/media?parent=1017"}],"wp:term":[{"taxonomy":"product_brand","embeddable":true,"href":"https:\/\/bocimx.com.mx\/inicio\/wp-json\/wp\/v2\/product_brand?post=1017"},{"taxonomy":"product_cat","embeddable":true,"href":"https:\/\/bocimx.com.mx\/inicio\/wp-json\/wp\/v2\/product_cat?post=1017"},{"taxonomy":"product_tag","embeddable":true,"href":"https:\/\/bocimx.com.mx\/inicio\/wp-json\/wp\/v2\/product_tag?post=1017"}],"curies":[{"name":"wp","href":"https:\/\/api.w.org\/{rel}","templated":true}]}}