{"id":1022,"date":"2025-07-30T16:26:45","date_gmt":"2025-07-30T22:26:45","guid":{"rendered":"https:\/\/bocimx.com.mx\/inicio\/?post_type=product&#038;p=1022"},"modified":"2025-08-16T09:36:23","modified_gmt":"2025-08-16T15:36:23","slug":"bocina-mc-xsh6616","status":"publish","type":"product","link":"https:\/\/bocimx.com.mx\/inicio\/product\/bocina-mc-xsh6616\/","title":{"rendered":"Bocina MC-XSH6616"},"content":{"rendered":"<p>Barra de sonido con subwoofer<br \/>\nNuestra barra de sonido de nueva generaci\u00f3n (30W+20W*2) activar\u00e1 cada c\u00e9lula de tu cuerpo. El enorme espacio de la cavidad del subwoofer hace que \u00e9ste sea magn\u00e9tico. El recinto del subwoofer externo crea un sonido envolvente realista con calidad musical que sacude la pared de ecos como si estuvieras en una pel\u00edcula, m\u00fasica o juego. Experimenta la emoci\u00f3n del cine en casa con acci\u00f3n, drama y suspense como si estuvieras all\u00ed.<\/p>\n<p>Sonido envolvente est\u00e9reo<br \/>\nBarras de sonido ofrece un sonido superior, bocinas para tv hace que sea f\u00e1cil cambiar el sonido de su televisor y su experiencia de cine. Maximiza la claridad del sonido, reduce el retardo de la voz y lleva a tus o\u00eddos una nueva experiencia de audio din\u00e1mico.<\/p>\n<p>Se conecta f\u00e1cilmente a varios dispositivos<br \/>\nEl altavoz de barra viene con un cable de audio de 3,5 mm, mando a distancia y opciones flexibles de conectividad inal\u00e1mbrica y por cable para tu televisor. Es f\u00e1cil de configurar y perfecto tanto para entusiastas de la tecnolog\u00eda como para principiantes.<\/p>\n<p>Se adapta a muchos escenarios<br \/>\nLa conectividad inal\u00e1mbrica significa que puede conectar la barra de sonido a cualquier dispositivo Bluetooth como ordenadores, smartphones, tabletas, etc. mediante la funci\u00f3n Bluetooth, y admitimos Bluetooth hasta 5.3. barra de sonido bluetooth hdmi 2.1 (cable no incluido) o un cable auxiliar AUX para conectar la barra de sonido al televisor, que tambi\u00e9n es f\u00e1cil de conectar. teatros La encasa\/teatro en casa se puede llevar con usted para hacer actividades al aire libre tambi\u00e9n barras de sonido\/barra de sonido steren\/barra de sonido. Esta bocina subwoofer, que incluye una funci\u00f3n de radio FM, no s\u00f3lo escuchar m\u00fasica, emisoras de radio, noticias de actualidad y otros sobre la marcha de conmutaci\u00f3n, tambi\u00e9n es el mejor regalo para sus padres. El mejor regalo para los padres.<\/p>\n<p>Tres altavoces + dise\u00f1o de conducto calidad de sonido HIFI<br \/>\nBarras de sonido configurado con tres altavoces, proporciona un efecto de choque subwoofer, por lo que barra de sonido tiene una calidad superior de sonido.<\/p>\n<p>Dise\u00f1o ligero y de perfil bajo<br \/>\nLa forma de esta barra de sonido bluetooth le permite colocar inteligentemente al lado del televisor o el ordenador sin perder demasiado espacio, mientras que \u00e9l dej\u00f3 el borde de la red de altavoces, agujeros cuadrados y redondos a trav\u00e9s del sonido, es un requisito para la visual, sino tambi\u00e9n para la calidad de sonido del partido sin problemas.<\/p>\n","protected":false},"excerpt":{"rendered":"<p>Vive el cine en casa con esta barra de sonido con subwoofer externo, sonido est\u00e9reo envolvente y calidad Hi-Fi. Con Bluetooth 5.3, HDMI, AUX y radio FM, es compatible con m\u00faltiples dispositivos. Su dise\u00f1o compacto y elegante se adapta a cualquier espacio. \u00a1Potencia, claridad y estilo en un solo equipo!<\/p>\n","protected":false},"featured_media":1023,"template":"","meta":{"site-sidebar-layout":"default","site-content-layout":"","ast-site-content-layout":"default","site-content-style":"default","site-sidebar-style":"default","ast-global-header-display":"","ast-banner-title-visibility":"","ast-main-header-display":"","ast-hfb-above-header-display":"","ast-hfb-below-header-display":"","ast-hfb-mobile-header-display":"","site-post-title":"","ast-breadcrumbs-content":"","ast-featured-img":"","footer-sml-layout":"","ast-disable-related-posts":"","theme-transparent-header-meta":"","adv-header-id-meta":"","stick-header-meta":"","header-above-stick-meta":"","header-main-stick-meta":"","header-below-stick-meta":"","astra-migrate-meta-layouts":"default","ast-page-background-enabled":"default","ast-page-background-meta":{"desktop":{"background-color":"var(--ast-global-color-5)","background-image":"","background-repeat":"repeat","background-position":"center center","background-size":"auto","background-attachment":"scroll","background-type":"","background-media":"","overlay-type":"","overlay-color":"","overlay-opacity":"","overlay-gradient":""},"tablet":{"background-color":"","background-image":"","background-repeat":"repeat","background-position":"center center","background-size":"auto","background-attachment":"scroll","background-type":"","background-media":"","overlay-type":"","overlay-color":"","overlay-opacity":"","overlay-gradient":""},"mobile":{"background-color":"","background-image":"","background-repeat":"repeat","background-position":"center center","background-size":"auto","background-attachment":"scroll","background-type":"","background-media":"","overlay-type":"","overlay-color":"","overlay-opacity":"","overlay-gradient":""}},"ast-content-background-meta":{"desktop":{"background-color":"var(--ast-global-color-4)","background-image":"","background-repeat":"repeat","background-position":"center center","background-size":"auto","background-attachment":"scroll","background-type":"","background-media":"","overlay-type":"","overlay-color":"","overlay-opacity":"","overlay-gradient":""},"tablet":{"background-color":"var(--ast-global-color-4)","background-image":"","background-repeat":"repeat","background-position":"center center","background-size":"auto","background-attachment":"scroll","background-type":"","background-media":"","overlay-type":"","overlay-color":"","overlay-opacity":"","overlay-gradient":""},"mobile":{"background-color":"var(--ast-global-color-4)","background-image":"","background-repeat":"repeat","background-position":"center center","background-size":"auto","background-attachment":"scroll","background-type":"","background-media":"","overlay-type":"","overlay-color":"","overlay-opacity":"","overlay-gradient":""}}},"product_brand":[],"product_cat":[42],"product_tag":[],"class_list":{"0":"post-1022","1":"product","2":"type-product","3":"status-publish","4":"has-post-thumbnail","6":"product_cat-bocinas","7":"desktop-align-left","8":"tablet-align-left","9":"mobile-align-left","11":"first","12":"outofstock","13":"shipping-taxable","14":"purchasable","15":"product-type-simple"},"_links":{"self":[{"href":"https:\/\/bocimx.com.mx\/inicio\/wp-json\/wp\/v2\/product\/1022","targetHints":{"allow":["GET"]}}],"collection":[{"href":"https:\/\/bocimx.com.mx\/inicio\/wp-json\/wp\/v2\/product"}],"about":[{"href":"https:\/\/bocimx.com.mx\/inicio\/wp-json\/wp\/v2\/types\/product"}],"wp:featuredmedia":[{"embeddable":true,"href":"https:\/\/bocimx.com.mx\/inicio\/wp-json\/wp\/v2\/media\/1023"}],"wp:attachment":[{"href":"https:\/\/bocimx.com.mx\/inicio\/wp-json\/wp\/v2\/media?parent=1022"}],"wp:term":[{"taxonomy":"product_brand","embeddable":true,"href":"https:\/\/bocimx.com.mx\/inicio\/wp-json\/wp\/v2\/product_brand?post=1022"},{"taxonomy":"product_cat","embeddable":true,"href":"https:\/\/bocimx.com.mx\/inicio\/wp-json\/wp\/v2\/product_cat?post=1022"},{"taxonomy":"product_tag","embeddable":true,"href":"https:\/\/bocimx.com.mx\/inicio\/wp-json\/wp\/v2\/product_tag?post=1022"}],"curies":[{"name":"wp","href":"https:\/\/api.w.org\/{rel}","templated":true}]}}