{"id":1031,"date":"2025-08-01T10:26:47","date_gmt":"2025-08-01T16:26:47","guid":{"rendered":"https:\/\/bocimx.com.mx\/inicio\/?post_type=product&#038;p=1031"},"modified":"2026-03-21T11:39:16","modified_gmt":"2026-03-21T17:39:16","slug":"bocina-mc-611","status":"publish","type":"product","link":"https:\/\/bocimx.com.mx\/inicio\/product\/bocina-mc-611\/","title":{"rendered":"Bocina MC-611"},"content":{"rendered":"<div class=\"mb3\">\n<div class=\"dangerous-html mb3\">\n<p>400 MM SONIDO INCRE\u00cdBLE: Este bocina inal\u00e1mbrico altavoz de alta precisi\u00f3n de 400 mm, la tecnolog\u00eda de reducci\u00f3n de ruido inteligente permite una transmisi\u00f3n de alta definici\u00f3n del 100% Su voz suprime 80% de ruido ambiental para una sonido de alta calidad claridad y detalle extraordinarios y la m\u00e1xima libertad de disfrute inal\u00e1mbrico.<\/p>\n<\/div>\n<\/div>\n<div class=\"mb3 f6 mid-gray lh-title overflow-visible db\">\n<div class=\"dangerous-html mb3\">\n<div><span data-slate-fragment=\"JTVCJTdCJTIydHlwZSUyMiUzQSUyMnBhcmFncmFwaCUyMiUyQyUyMmNoaWxkcmVuJTIyJTNBJTVCJTdCJTIyaWQlMjIlM0ElMjJWb0F4Sk94TXduJTIyJTJDJTIycGFyYUlkeCUyMiUzQTAlMkMlMjJzcmMlMjIlM0ElMjI1JTIwSG9yYXMlMjBkZSUyME0lQzMlQkFzaWNhJTNBJTIwQmF0ZXIlQzMlQURhJTIwcmVjYXJnYWJsZSUyMGluY29ycG9yYWRhJTIwZGUlMjAxODAwJTIwbUFoJTIwcGFyYSUyMGRlJTIwbSVDMyVCQXNpY2ElMjBoYXN0YSUyMDUlMjBob3JhcyUyMHNlZ3VpZGFzJTJDJTIwcG9yJTIwbG8lMjBxdWUlMjB0dSUyMGZpZXN0YSUyMG5vJTIwc2UlMjBpbnRlcnJ1bXBpciVDMyVBMSUyMGRlJTIwcmVwZW50ZS4lMjBQdWVkZSUyMGNhcmdhciUyMGVzdG9zJTIwYm9jaW5hJTIwaW5hbCVDMyVBMW1icmljb3MlMjBhJTIwdHJhdiVDMyVBOXMlMjBkZWwlMjBjYWJsZSUyMGRlJTIwY2FyZ2ElMjBkZSUyMGN1YW5kbyUyMGxhJTIwYmF0ZXIlQzMlQURhJTIwZXN0JUMzJUExJTIwYmFqYS4lMjIlMkMlMjJkc3QlMjIlM0ElMjI1JUU1JUIwJThGJUU2JTk3JUI2JUU5JTlGJUIzJUU0JUI5JTkwJUVGJUJDJTlBJUU1JTg2JTg1JUU3JUJEJUFFMTgwMCVFNiVBRiVBQiVFNSVBRSU4OSVFNiU5NyVCNiVFNSU4NSU4NSVFNyU5NCVCNSVFNyU5NCVCNSVFNiVCMSVBMCVFRiVCQyU4QyVFOCVCRiU5RSVFNyVCQiVBRCVFNiU5MiVBRCVFNiU5NCVCRSVFOSU5RiVCMyVFNCVCOSU5MCVFOSU5NSVCRiVFOCVCRSVCRTUlRTUlQjAlOEYlRTYlOTclQjYlRUYlQkMlOEMlRTUlOUIlQTAlRTYlQUQlQTQlRTYlODIlQTglRTclOUElODQlRTYlQjQlQkUlRTUlQUYlQjklRTQlQjglOEQlRTQlQkMlOUElRTclQUElODElRTclODQlQjYlRTQlQjglQUQlRTYlOTYlQUQlRTMlODAlODIlRTUlQkQlOTMlRTclOTQlQjUlRTYlQjElQTAlRTclOTQlQjUlRTklODclOEYlRTQlQjglOEQlRTglQjYlQjMlRTYlOTclQjYlRUYlQkMlOEMlRTYlODIlQTglRTUlOEYlQUYlRTQlQkIlQTUlRTklODAlOUElRTglQkYlODclRTUlODUlODUlRTclOTQlQjUlRTclOTQlQjUlRTclQkMlODYlRTQlQjglQkElRTglQkYlOTklRTQlQkElOUIlRTYlOTclQTAlRTclQkElQkYlRTUlOTYlODclRTUlOEYlQUQlRTUlODUlODUlRTclOTQlQjUlRTMlODAlODIlMjIlMkMlMjJtZXRhZGF0YSUyMiUzQSUyMiUyMiUyQyUyMm1ldGFEYXRhJTIyJTNBJTVCJTVEJTJDJTIydGV4dCUyMiUzQSUyMjUlMjBIb3JhcyUyMGRlJTIwTSVDMyVCQXNpY2ElM0ElMjBCYXRlciVDMyVBRGElMjByZWNhcmdhYmxlJTIwaW5jb3Jwb3JhZGElMjBkZSUyMDE4MDAlMjBtQWglMjBwYXJhJTIwZGUlMjBtJUMzJUJBc2ljYSUyMGhhc3RhJTIwNSUyMGhvcmFzJTIwc2VndWlkYXMlMkMlMjBwb3IlMjBsbyUyMHF1ZSUyMHR1JTIwZmllc3RhJTIwbm8lMjBzZSUyMGludGVycnVtcGlyJUMzJUExJTIwZGUlMjByZXBlbnRlLiUyMFB1ZWRlJTIwY2FyZ2FyJTIwZXN0b3MlMjBib2NpbmElMjBpbmFsJUMzJUExbWJyaWNvcyUyMGElMjB0cmF2JUMzJUE5cyUyMGRlbCUyMGNhYmxlJTIwZGUlMjBjYXJnYSUyMGRlJTIwY3VhbmRvJTIwbGElMjBiYXRlciVDMyVBRGElMjBlc3QlQzMlQTElMjBiYWphLiUyMiU3RCU1RCU3RCU1RA==\">5 Horas de M\u00fasica: Bater\u00eda recargable incorporada de 1800 mAh para de m\u00fasica hasta 5 horas seguidas, por lo que tu fiesta no se interrumpir\u00e1 de repente. Puede cargar esta bocina inal\u00e1mbrica a trav\u00e9s del cable de carga cuando la bater\u00eda est\u00e1 baja.<\/span><\/div>\n<\/div>\n<\/div>\n","protected":false},"excerpt":{"rendered":"<p id=\"main-title\" class=\"lh-copy dark-gray mv1 f3 b\" data-pcss-show=\"true\" data-seo-id=\"hero-carousel-image\" data-fs-element=\"name\">Bocina Bluetooth Inal\u00e1mbrica, 10 Pulgadas Bluetooth Speaker Port\u00e1til 4~5 Horas | Luz Led | Bajos Profundos<\/p>\n","protected":false},"featured_media":1032,"template":"","meta":{"site-sidebar-layout":"default","site-content-layout":"","ast-site-content-layout":"default","site-content-style":"default","site-sidebar-style":"default","ast-global-header-display":"","ast-banner-title-visibility":"","ast-main-header-display":"","ast-hfb-above-header-display":"","ast-hfb-below-header-display":"","ast-hfb-mobile-header-display":"","site-post-title":"","ast-breadcrumbs-content":"","ast-featured-img":"","footer-sml-layout":"","ast-disable-related-posts":"","theme-transparent-header-meta":"","adv-header-id-meta":"","stick-header-meta":"","header-above-stick-meta":"","header-main-stick-meta":"","header-below-stick-meta":"","astra-migrate-meta-layouts":"default","ast-page-background-enabled":"default","ast-page-background-meta":{"desktop":{"background-color":"var(--ast-global-color-5)","background-image":"","background-repeat":"repeat","background-position":"center center","background-size":"auto","background-attachment":"scroll","background-type":"","background-media":"","overlay-type":"","overlay-color":"","overlay-opacity":"","overlay-gradient":""},"tablet":{"background-color":"","background-image":"","background-repeat":"repeat","background-position":"center center","background-size":"auto","background-attachment":"scroll","background-type":"","background-media":"","overlay-type":"","overlay-color":"","overlay-opacity":"","overlay-gradient":""},"mobile":{"background-color":"","background-image":"","background-repeat":"repeat","background-position":"center center","background-size":"auto","background-attachment":"scroll","background-type":"","background-media":"","overlay-type":"","overlay-color":"","overlay-opacity":"","overlay-gradient":""}},"ast-content-background-meta":{"desktop":{"background-color":"var(--ast-global-color-4)","background-image":"","background-repeat":"repeat","background-position":"center center","background-size":"auto","background-attachment":"scroll","background-type":"","background-media":"","overlay-type":"","overlay-color":"","overlay-opacity":"","overlay-gradient":""},"tablet":{"background-color":"var(--ast-global-color-4)","background-image":"","background-repeat":"repeat","background-position":"center center","background-size":"auto","background-attachment":"scroll","background-type":"","background-media":"","overlay-type":"","overlay-color":"","overlay-opacity":"","overlay-gradient":""},"mobile":{"background-color":"var(--ast-global-color-4)","background-image":"","background-repeat":"repeat","background-position":"center center","background-size":"auto","background-attachment":"scroll","background-type":"","background-media":"","overlay-type":"","overlay-color":"","overlay-opacity":"","overlay-gradient":""}}},"product_brand":[],"product_cat":[42],"product_tag":[],"class_list":{"0":"post-1031","1":"product","2":"type-product","3":"status-publish","4":"has-post-thumbnail","6":"product_cat-bocinas","7":"product_shipping_class-ligero-medio","8":"desktop-align-left","9":"tablet-align-left","10":"mobile-align-left","12":"first","13":"instock","14":"shipping-taxable","15":"purchasable","16":"product-type-simple"},"_links":{"self":[{"href":"https:\/\/bocimx.com.mx\/inicio\/wp-json\/wp\/v2\/product\/1031","targetHints":{"allow":["GET"]}}],"collection":[{"href":"https:\/\/bocimx.com.mx\/inicio\/wp-json\/wp\/v2\/product"}],"about":[{"href":"https:\/\/bocimx.com.mx\/inicio\/wp-json\/wp\/v2\/types\/product"}],"wp:featuredmedia":[{"embeddable":true,"href":"https:\/\/bocimx.com.mx\/inicio\/wp-json\/wp\/v2\/media\/1032"}],"wp:attachment":[{"href":"https:\/\/bocimx.com.mx\/inicio\/wp-json\/wp\/v2\/media?parent=1031"}],"wp:term":[{"taxonomy":"product_brand","embeddable":true,"href":"https:\/\/bocimx.com.mx\/inicio\/wp-json\/wp\/v2\/product_brand?post=1031"},{"taxonomy":"product_cat","embeddable":true,"href":"https:\/\/bocimx.com.mx\/inicio\/wp-json\/wp\/v2\/product_cat?post=1031"},{"taxonomy":"product_tag","embeddable":true,"href":"https:\/\/bocimx.com.mx\/inicio\/wp-json\/wp\/v2\/product_tag?post=1031"}],"curies":[{"name":"wp","href":"https:\/\/api.w.org\/{rel}","templated":true}]}}