{"id":1037,"date":"2025-08-01T10:51:11","date_gmt":"2025-08-01T16:51:11","guid":{"rendered":"https:\/\/bocimx.com.mx\/inicio\/?post_type=product&#038;p=1037"},"modified":"2026-04-09T12:50:25","modified_gmt":"2026-04-09T18:50:25","slug":"bocina-mc-1201","status":"publish","type":"product","link":"https:\/\/bocimx.com.mx\/inicio\/product\/bocina-mc-1201\/","title":{"rendered":"Bocina MC-1201"},"content":{"rendered":"<p><span class=\"a-list-item\">ALTAVOZ BLUETOOTH &#8211; Disfruta de este potente bluetooth Karaoke en exteriores ya que es impermeable, pasa ratos divertidos y crea tu propia discoteca gracias a sus luces LED y \u00bfporque no? \u00a1Si se anima la fiesta\u00a1 Utiliza su micr\u00f3fono Karaoke con tus amigos<\/span><\/p>\n<p><span class=\"a-list-item\">ALTAVOZ PORTATIL &#8211; Su bater\u00eda (1200mAh) es interna y recargable mediante microUSB y contiene dos Potentes altavoces con una potencia de salida de 12W<\/span><\/p>\n<p><span class=\"a-list-item\">ALTAVOZ INAL\u00c1MBRICO &#8211; Ranuras para memorias USB y MICROSD , radio FM, Bluetooth, ordenador, micr\u00f3fono, mando, correa ajustable<\/span><\/p>\n<p><span class=\"a-list-item\">ALTAVOZ CON LUCES LED &#8211; Si tiene alguna pregunta respecto a este reproductor de m\u00fasica y sonido no dude en contactar con nosotros, estaremos encantados de atenderle y le responderemos en el menor tiempo posible<\/span><\/p>\n<p>Potencia: 6 W X 2<br \/>\nRespuesta en frecuencia: 150 Hz \u00bf 18 kHz<br \/>\nBater\u00eda recargable: 1200 mAh<br \/>\nVoltaje: 3.7 V<br \/>\nConexi\u00f3n: Bluetooth<br \/>\nDuraci\u00f3n de la bater\u00eda: 1.5 &#8211; 3 horas<br \/>\nPuertos: micro USB, USB, microSD, micr\u00f3fono<br \/>\nAlcancce: 10 m lineales sin obstrucciones<\/p>\n","protected":false},"excerpt":{"rendered":"<p id=\"title\" class=\"a-size-large a-spacing-none\"><span id=\"productTitle\" class=\"a-size-large product-title-word-break\">Altavoz Bluetooth \u2013 Altavoz Port\u00e1til con Modo Karaoke y Micr\u00f3fono, Radio FM Y Lector USB y SD, Luces LED Discoteca, Altavoz Inal\u00e1mbrico<\/span><\/p>\n","protected":false},"featured_media":1038,"template":"","meta":{"site-sidebar-layout":"default","site-content-layout":"","ast-site-content-layout":"default","site-content-style":"default","site-sidebar-style":"default","ast-global-header-display":"","ast-banner-title-visibility":"","ast-main-header-display":"","ast-hfb-above-header-display":"","ast-hfb-below-header-display":"","ast-hfb-mobile-header-display":"","site-post-title":"","ast-breadcrumbs-content":"","ast-featured-img":"","footer-sml-layout":"","ast-disable-related-posts":"","theme-transparent-header-meta":"","adv-header-id-meta":"","stick-header-meta":"","header-above-stick-meta":"","header-main-stick-meta":"","header-below-stick-meta":"","astra-migrate-meta-layouts":"default","ast-page-background-enabled":"default","ast-page-background-meta":{"desktop":{"background-color":"var(--ast-global-color-5)","background-image":"","background-repeat":"repeat","background-position":"center center","background-size":"auto","background-attachment":"scroll","background-type":"","background-media":"","overlay-type":"","overlay-color":"","overlay-opacity":"","overlay-gradient":""},"tablet":{"background-color":"","background-image":"","background-repeat":"repeat","background-position":"center center","background-size":"auto","background-attachment":"scroll","background-type":"","background-media":"","overlay-type":"","overlay-color":"","overlay-opacity":"","overlay-gradient":""},"mobile":{"background-color":"","background-image":"","background-repeat":"repeat","background-position":"center center","background-size":"auto","background-attachment":"scroll","background-type":"","background-media":"","overlay-type":"","overlay-color":"","overlay-opacity":"","overlay-gradient":""}},"ast-content-background-meta":{"desktop":{"background-color":"var(--ast-global-color-4)","background-image":"","background-repeat":"repeat","background-position":"center center","background-size":"auto","background-attachment":"scroll","background-type":"","background-media":"","overlay-type":"","overlay-color":"","overlay-opacity":"","overlay-gradient":""},"tablet":{"background-color":"var(--ast-global-color-4)","background-image":"","background-repeat":"repeat","background-position":"center center","background-size":"auto","background-attachment":"scroll","background-type":"","background-media":"","overlay-type":"","overlay-color":"","overlay-opacity":"","overlay-gradient":""},"mobile":{"background-color":"var(--ast-global-color-4)","background-image":"","background-repeat":"repeat","background-position":"center center","background-size":"auto","background-attachment":"scroll","background-type":"","background-media":"","overlay-type":"","overlay-color":"","overlay-opacity":"","overlay-gradient":""}}},"product_brand":[],"product_cat":[42],"product_tag":[],"class_list":{"0":"post-1037","1":"product","2":"type-product","3":"status-publish","4":"has-post-thumbnail","6":"product_cat-bocinas","7":"product_shipping_class-ligero-medio","8":"desktop-align-left","9":"tablet-align-left","10":"mobile-align-left","12":"first","13":"instock","14":"shipping-taxable","15":"purchasable","16":"product-type-simple"},"_links":{"self":[{"href":"https:\/\/bocimx.com.mx\/inicio\/wp-json\/wp\/v2\/product\/1037","targetHints":{"allow":["GET"]}}],"collection":[{"href":"https:\/\/bocimx.com.mx\/inicio\/wp-json\/wp\/v2\/product"}],"about":[{"href":"https:\/\/bocimx.com.mx\/inicio\/wp-json\/wp\/v2\/types\/product"}],"wp:featuredmedia":[{"embeddable":true,"href":"https:\/\/bocimx.com.mx\/inicio\/wp-json\/wp\/v2\/media\/1038"}],"wp:attachment":[{"href":"https:\/\/bocimx.com.mx\/inicio\/wp-json\/wp\/v2\/media?parent=1037"}],"wp:term":[{"taxonomy":"product_brand","embeddable":true,"href":"https:\/\/bocimx.com.mx\/inicio\/wp-json\/wp\/v2\/product_brand?post=1037"},{"taxonomy":"product_cat","embeddable":true,"href":"https:\/\/bocimx.com.mx\/inicio\/wp-json\/wp\/v2\/product_cat?post=1037"},{"taxonomy":"product_tag","embeddable":true,"href":"https:\/\/bocimx.com.mx\/inicio\/wp-json\/wp\/v2\/product_tag?post=1037"}],"curies":[{"name":"wp","href":"https:\/\/api.w.org\/{rel}","templated":true}]}}