{"id":1049,"date":"2025-08-01T11:56:31","date_gmt":"2025-08-01T17:56:31","guid":{"rendered":"https:\/\/bocimx.com.mx\/inicio\/?post_type=product&#038;p=1049"},"modified":"2026-03-21T11:37:43","modified_gmt":"2026-03-21T17:37:43","slug":"bocina-mc-1204","status":"publish","type":"product","link":"https:\/\/bocimx.com.mx\/inicio\/product\/bocina-mc-1204\/","title":{"rendered":"Bocina MC-1204"},"content":{"rendered":"<p>Dise\u00f1o compacto y port\u00e1til<br \/>\nLa bocina est\u00e1 dise\u00f1ada para ser ligera y f\u00e1cil de transportar, ideal para uso en exteriores, fiestas, picnics o presentaciones en escenario.<\/p>\n<p>Sonido est\u00e9reo con graves potentes (8\u202fW)<br \/>\nCuenta con una salida de 8\u202fW que proporciona sonido est\u00e9reo con realce de bajos, ofreciendo una experiencia ac\u00fastica envolvente y con presencia.<\/p>\n<p>Conectividad vers\u00e1til<br \/>\nAdmite m\u00faltiples modos de entrada: Bluetooth\u202fv5.0, USB, tarjeta TF (micro\u2011SD), FM y modo AUX. Tambi\u00e9n puede funcionar en modo TWS (True Wireless Stereo), permitiendo emparejar dos unidades para sonido est\u00e9reo ampliado .<\/p>\n<p>Iluminaci\u00f3n LED RGB din\u00e1mica<br \/>\nLas luces LED RGB sincronizadas con la m\u00fasica crean un ambiente visual envolvente, perfecto para ambientes festivos o karaoke.<\/p>\n<p>Bater\u00eda de larga duraci\u00f3n<br \/>\nEquipado con una bater\u00eda recargable de 18650\u202f3.7\u202fV\/2400\u202fmAh, ofrece varias horas de reproducci\u00f3n continua tras una carga de 3\u20135\u202fhoras.<\/p>\n<p>Funciones adicionales<br \/>\nIncluye micr\u00f3fono para llamadas manos libres o karaoke. Adem\u00e1s, soporta FM radio, control por bot\u00f3n f\u00edsico y funciones como llamada en espera.<\/p>\n<p>&nbsp;<\/p>\n<p class=\"p1\">Tipo de altavoz: Altavoz Bluetooth inal\u00e1mbrico<\/p>\n<p class=\"p1\">Especificaciones del altavoz: 4 pulgadas *2<\/p>\n<p class=\"p1\">Versi\u00f3n de Bluetooth: 5.1<\/p>\n<p class=\"p1\">Funciones admitidas: BT\/USB\/TF\/AUX\/FM\/TWS\/MIC<\/p>\n<p class=\"p1\">Distancia de conexi\u00f3n: \u226510 metros<\/p>\n<p class=\"p1\">Nombre de Bluetooth: MC-1204<\/p>\n<p class=\"p1\">Voltaje nominal: DC 5V<\/p>\n<p class=\"p1\">Potencia nominal: 8W*2<\/p>\n<p class=\"p1\">Tiempo de carga: 3-4horas<\/p>\n<p class=\"p1\">Capacidad de la bater\u00eda: 2000mAh<\/p>\n<p class=\"p1\">Tama\u00f1o del producto: 160x160x346MM<\/p>\n<p class=\"p1\">Peso del producto: 1.1KG<\/p>\n","protected":false},"excerpt":{"rendered":"<p>Destaca por su sonido est\u00e9reo con bajos profundos y su iluminaci\u00f3n LED RGB din\u00e1mica que animar\u00e1 cualquier evento. Compatible con m\u00faltiples fuentes \u2014desde Bluetooth hasta FM y tarjetas de memoria\u2014 y con la posibilidad de emparejar dos unidades en modo TWS. Su bater\u00eda recargable te asegura varias horas de uso continuo.<\/p>\n","protected":false},"featured_media":1050,"template":"","meta":{"site-sidebar-layout":"default","site-content-layout":"","ast-site-content-layout":"default","site-content-style":"default","site-sidebar-style":"default","ast-global-header-display":"","ast-banner-title-visibility":"","ast-main-header-display":"","ast-hfb-above-header-display":"","ast-hfb-below-header-display":"","ast-hfb-mobile-header-display":"","site-post-title":"","ast-breadcrumbs-content":"","ast-featured-img":"","footer-sml-layout":"","ast-disable-related-posts":"","theme-transparent-header-meta":"","adv-header-id-meta":"","stick-header-meta":"","header-above-stick-meta":"","header-main-stick-meta":"","header-below-stick-meta":"","astra-migrate-meta-layouts":"default","ast-page-background-enabled":"default","ast-page-background-meta":{"desktop":{"background-color":"var(--ast-global-color-5)","background-image":"","background-repeat":"repeat","background-position":"center center","background-size":"auto","background-attachment":"scroll","background-type":"","background-media":"","overlay-type":"","overlay-color":"","overlay-opacity":"","overlay-gradient":""},"tablet":{"background-color":"","background-image":"","background-repeat":"repeat","background-position":"center center","background-size":"auto","background-attachment":"scroll","background-type":"","background-media":"","overlay-type":"","overlay-color":"","overlay-opacity":"","overlay-gradient":""},"mobile":{"background-color":"","background-image":"","background-repeat":"repeat","background-position":"center center","background-size":"auto","background-attachment":"scroll","background-type":"","background-media":"","overlay-type":"","overlay-color":"","overlay-opacity":"","overlay-gradient":""}},"ast-content-background-meta":{"desktop":{"background-color":"var(--ast-global-color-4)","background-image":"","background-repeat":"repeat","background-position":"center center","background-size":"auto","background-attachment":"scroll","background-type":"","background-media":"","overlay-type":"","overlay-color":"","overlay-opacity":"","overlay-gradient":""},"tablet":{"background-color":"var(--ast-global-color-4)","background-image":"","background-repeat":"repeat","background-position":"center center","background-size":"auto","background-attachment":"scroll","background-type":"","background-media":"","overlay-type":"","overlay-color":"","overlay-opacity":"","overlay-gradient":""},"mobile":{"background-color":"var(--ast-global-color-4)","background-image":"","background-repeat":"repeat","background-position":"center center","background-size":"auto","background-attachment":"scroll","background-type":"","background-media":"","overlay-type":"","overlay-color":"","overlay-opacity":"","overlay-gradient":""}}},"product_brand":[],"product_cat":[42],"product_tag":[],"class_list":{"0":"post-1049","1":"product","2":"type-product","3":"status-publish","4":"has-post-thumbnail","6":"product_cat-bocinas","7":"product_shipping_class-ligero-medio","8":"desktop-align-left","9":"tablet-align-left","10":"mobile-align-left","12":"first","13":"instock","14":"shipping-taxable","15":"purchasable","16":"product-type-simple"},"_links":{"self":[{"href":"https:\/\/bocimx.com.mx\/inicio\/wp-json\/wp\/v2\/product\/1049","targetHints":{"allow":["GET"]}}],"collection":[{"href":"https:\/\/bocimx.com.mx\/inicio\/wp-json\/wp\/v2\/product"}],"about":[{"href":"https:\/\/bocimx.com.mx\/inicio\/wp-json\/wp\/v2\/types\/product"}],"wp:featuredmedia":[{"embeddable":true,"href":"https:\/\/bocimx.com.mx\/inicio\/wp-json\/wp\/v2\/media\/1050"}],"wp:attachment":[{"href":"https:\/\/bocimx.com.mx\/inicio\/wp-json\/wp\/v2\/media?parent=1049"}],"wp:term":[{"taxonomy":"product_brand","embeddable":true,"href":"https:\/\/bocimx.com.mx\/inicio\/wp-json\/wp\/v2\/product_brand?post=1049"},{"taxonomy":"product_cat","embeddable":true,"href":"https:\/\/bocimx.com.mx\/inicio\/wp-json\/wp\/v2\/product_cat?post=1049"},{"taxonomy":"product_tag","embeddable":true,"href":"https:\/\/bocimx.com.mx\/inicio\/wp-json\/wp\/v2\/product_tag?post=1049"}],"curies":[{"name":"wp","href":"https:\/\/api.w.org\/{rel}","templated":true}]}}