{"id":1197,"date":"2025-08-05T15:56:51","date_gmt":"2025-08-05T21:56:51","guid":{"rendered":"https:\/\/bocimx.com.mx\/inicio\/?post_type=product&#038;p=1197"},"modified":"2026-01-14T16:19:02","modified_gmt":"2026-01-14T22:19:02","slug":"bocina-mc-8245","status":"publish","type":"product","link":"https:\/\/bocimx.com.mx\/inicio\/product\/bocina-mc-8245\/","title":{"rendered":"Bocina MC-8245"},"content":{"rendered":"<p data-start=\"44\" data-end=\"77\">Sonido potente y profundo<\/p>\n<p data-start=\"78\" data-end=\"153\"><span class=\"relative -mx-px my-[-0.2rem] rounded px-px py-[0.2rem] transition-colors duration-100 ease-in-out\">Ofrece una salida de 40\u202fW RMS (con capacidad pico PMPO de hasta 400\u202fW), gracias a tres drivers de 8 pulgadas en configuraci\u00f3n est\u00e9reo, proporcionando graves intensos y claridad en todo el rango de frecuencia de 80\u202fHz a 20\u202fkHz. Ideal para karaoke, fiestas, DJ sets o uso al aire libre.<\/span><\/p>\n<p data-start=\"160\" data-end=\"192\">Iluminaci\u00f3n RGB vibrante<\/p>\n<p data-start=\"193\" data-end=\"268\"><span class=\"relative -mx-px my-[-0.2rem] rounded px-px py-[0.2rem] transition-colors duration-100 ease-in-out\">Incluye luces LED multicolores que parpadean y sincronizan con la m\u00fasica, creando un ambiente visual festivo y muy animado. Tambi\u00e9n cuenta con bot\u00f3n para apagar la iluminaci\u00f3n si prefieres solo audio.<\/span><\/p>\n<p data-start=\"275\" data-end=\"320\">Conectividad vers\u00e1til y karaoke listo<\/p>\n<p data-start=\"321\" data-end=\"396\"><span class=\"relative -mx-px my-[-0.2rem] rounded px-px py-[0.2rem] transition-colors duration-100 ease-in-out\">Compatible con <em data-start=\"15\" data-end=\"30\">Bluetooth 5.0<\/em>, entradas <em data-start=\"41\" data-end=\"46\">USB<\/em>, <em data-start=\"48\" data-end=\"63\">tarjeta TF\/SD<\/em>, <em data-start=\"65\" data-end=\"70\">AUX<\/em> y <em data-start=\"73\" data-end=\"77\">FM<\/em>. Adem\u00e1s, puede emparejarse en modo TWS con otra unidad para sonido est\u00e9reo ampliado. El sistema incluye micr\u00f3fono inal\u00e1mbrico y control remoto para facilitar sesiones de karaoke sin cables.<\/span><\/p>\n<p data-start=\"403\" data-end=\"449\">Autonom\u00eda real y portabilidad pr\u00e1ctica<\/p>\n<p data-start=\"450\" data-end=\"525\"><span class=\"relative -mx-px my-[-0.2rem] rounded px-px py-[0.2rem] transition-colors duration-100 ease-in-out\">Incorpora bater\u00eda recargable de 3\u202f600\u202fmAh que ofrece entre 3 a 10 horas de reproducci\u00f3n continua seg\u00fan uso. Se recarga en 3\u20135 horas y su dise\u00f1o incluye ruedas en la base y asa telesc\u00f3pica para transportarla con facilidad. Adem\u00e1s, puede funcionar como power bank USB para cargar tus dispositivos.<\/span><\/p>\n","protected":false},"excerpt":{"rendered":"<p>Bocina Bluetooth dise\u00f1ada para quienes buscan una experiencia completa: sonido potente, visuales din\u00e1micas, karaoke sin complicaciones y conectividad total en un equipo f\u00e1cil de mover y operar. Ideal para eventos, fiestas o presentaciones m\u00f3viles.<\/p>\n","protected":false},"featured_media":1198,"template":"","meta":{"site-sidebar-layout":"default","site-content-layout":"","ast-site-content-layout":"default","site-content-style":"default","site-sidebar-style":"default","ast-global-header-display":"","ast-banner-title-visibility":"","ast-main-header-display":"","ast-hfb-above-header-display":"","ast-hfb-below-header-display":"","ast-hfb-mobile-header-display":"","site-post-title":"","ast-breadcrumbs-content":"","ast-featured-img":"","footer-sml-layout":"","ast-disable-related-posts":"","theme-transparent-header-meta":"","adv-header-id-meta":"","stick-header-meta":"","header-above-stick-meta":"","header-main-stick-meta":"","header-below-stick-meta":"","astra-migrate-meta-layouts":"default","ast-page-background-enabled":"default","ast-page-background-meta":{"desktop":{"background-color":"var(--ast-global-color-5)","background-image":"","background-repeat":"repeat","background-position":"center center","background-size":"auto","background-attachment":"scroll","background-type":"","background-media":"","overlay-type":"","overlay-color":"","overlay-opacity":"","overlay-gradient":""},"tablet":{"background-color":"","background-image":"","background-repeat":"repeat","background-position":"center center","background-size":"auto","background-attachment":"scroll","background-type":"","background-media":"","overlay-type":"","overlay-color":"","overlay-opacity":"","overlay-gradient":""},"mobile":{"background-color":"","background-image":"","background-repeat":"repeat","background-position":"center center","background-size":"auto","background-attachment":"scroll","background-type":"","background-media":"","overlay-type":"","overlay-color":"","overlay-opacity":"","overlay-gradient":""}},"ast-content-background-meta":{"desktop":{"background-color":"var(--ast-global-color-4)","background-image":"","background-repeat":"repeat","background-position":"center center","background-size":"auto","background-attachment":"scroll","background-type":"","background-media":"","overlay-type":"","overlay-color":"","overlay-opacity":"","overlay-gradient":""},"tablet":{"background-color":"var(--ast-global-color-4)","background-image":"","background-repeat":"repeat","background-position":"center center","background-size":"auto","background-attachment":"scroll","background-type":"","background-media":"","overlay-type":"","overlay-color":"","overlay-opacity":"","overlay-gradient":""},"mobile":{"background-color":"var(--ast-global-color-4)","background-image":"","background-repeat":"repeat","background-position":"center center","background-size":"auto","background-attachment":"scroll","background-type":"","background-media":"","overlay-type":"","overlay-color":"","overlay-opacity":"","overlay-gradient":""}}},"product_brand":[],"product_cat":[42],"product_tag":[],"class_list":{"0":"post-1197","1":"product","2":"type-product","3":"status-publish","4":"has-post-thumbnail","6":"product_cat-bocinas","7":"product_shipping_class-medio","8":"desktop-align-left","9":"tablet-align-left","10":"mobile-align-left","12":"first","13":"outofstock","14":"shipping-taxable","15":"purchasable","16":"product-type-simple"},"_links":{"self":[{"href":"https:\/\/bocimx.com.mx\/inicio\/wp-json\/wp\/v2\/product\/1197","targetHints":{"allow":["GET"]}}],"collection":[{"href":"https:\/\/bocimx.com.mx\/inicio\/wp-json\/wp\/v2\/product"}],"about":[{"href":"https:\/\/bocimx.com.mx\/inicio\/wp-json\/wp\/v2\/types\/product"}],"wp:featuredmedia":[{"embeddable":true,"href":"https:\/\/bocimx.com.mx\/inicio\/wp-json\/wp\/v2\/media\/1198"}],"wp:attachment":[{"href":"https:\/\/bocimx.com.mx\/inicio\/wp-json\/wp\/v2\/media?parent=1197"}],"wp:term":[{"taxonomy":"product_brand","embeddable":true,"href":"https:\/\/bocimx.com.mx\/inicio\/wp-json\/wp\/v2\/product_brand?post=1197"},{"taxonomy":"product_cat","embeddable":true,"href":"https:\/\/bocimx.com.mx\/inicio\/wp-json\/wp\/v2\/product_cat?post=1197"},{"taxonomy":"product_tag","embeddable":true,"href":"https:\/\/bocimx.com.mx\/inicio\/wp-json\/wp\/v2\/product_tag?post=1197"}],"curies":[{"name":"wp","href":"https:\/\/api.w.org\/{rel}","templated":true}]}}