{"id":1202,"date":"2025-08-05T16:11:28","date_gmt":"2025-08-05T22:11:28","guid":{"rendered":"https:\/\/bocimx.com.mx\/inicio\/?post_type=product&#038;p=1202"},"modified":"2026-03-21T11:32:16","modified_gmt":"2026-03-21T17:32:16","slug":"bocina-mc-8246","status":"publish","type":"product","link":"https:\/\/bocimx.com.mx\/inicio\/product\/bocina-mc-8246\/","title":{"rendered":"Bocina MC-8246"},"content":{"rendered":"<p data-start=\"44\" data-end=\"78\">Potencia sonora envolvente<\/p>\n<p data-start=\"79\" data-end=\"155\"><span class=\"relative -mx-px my-[-0.2rem] rounded px-px py-[0.2rem] transition-colors duration-100 ease-in-out\">Est\u00e1 equipada con tres altavoces de 8 pulgadas, ofreciendo 40\u202fW RMS (hasta 300\u2013400\u202fW PMPO) que garantizan una experiencia de audio con graves profundos y claridad en todo el espectro de frecuencia (\u2248\u202f45\u202fHz a 18\u201320\u202fkHz).<\/span><\/p>\n<p data-start=\"157\" data-end=\"197\">Iluminaci\u00f3n LED RGB sincronizada<\/p>\n<p data-start=\"198\" data-end=\"274\"><span class=\"relative -mx-px my-[-0.2rem] rounded px-px py-[0.2rem] transition-colors duration-100 ease-in-out\">Sus luces LED multicolores parpadean al ritmo del audio, aportando un ambiente visual festivo que ilumina cualquier entorno, ideal para fiestas, karaoke o eventos sociales.<\/span><\/p>\n<p data-start=\"276\" data-end=\"327\">Conectividad vers\u00e1til y karaoke incorporado<\/p>\n<p data-start=\"328\" data-end=\"404\"><span class=\"relative -mx-px my-[-0.2rem] rounded px-px py-[0.2rem] transition-colors duration-100 ease-in-out\">Incluye Bluetooth 5.0, reproducci\u00f3n v\u00eda USB, tarjeta TF\/SD, AUX, FM y soporte para emparejamiento TWS con otra unidad. Viene con micr\u00f3fono inal\u00e1mbrico, control remoto y soporte para karaoke desde el primer uso.<\/span><\/p>\n<p data-start=\"406\" data-end=\"464\">Bater\u00eda de larga duraci\u00f3n y facilidad de movilidad<\/p>\n<p data-start=\"465\" data-end=\"541\"><span class=\"relative -mx-px my-[-0.2rem] rounded px-px py-[0.2rem] transition-colors duration-100 ease-in-out\">Incorpora bater\u00eda de 3\u202f600\u20134\u202f500\u202fmAh con autonom\u00eda de 5 a 10 horas. Dise\u00f1ada tipo torre (~80\u202fcm de alto, ~7\u20137.5\u202fkg), incluye ruedas y asa telesc\u00f3pica, y puede funcionar como power bank USB para cargar dispositivos m\u00f3viles.<\/span><\/p>\n<p data-start=\"543\" data-end=\"594\">Dise\u00f1o robusto y funcionalidades pr\u00e1cticas<\/p>\n<p data-start=\"595\" data-end=\"673\"><span class=\"relative -mx-px my-[-0.2rem] rounded px-px py-[0.2rem] transition-colors duration-100 ease-in-out\">Construida en pl\u00e1stico PP resistente, con panel f\u00edsico para controles, pantalla LED, potenci\u00f3metro de volumen, y ofrece soporte para m\u00faltiples formatos (MP3, WMA, WAV, FLAC, APE).\u00a0<\/span><\/p>\n","protected":false},"excerpt":{"rendered":"<p>Bocina Bluetooth dise\u00f1ada para brindar una experiencia audiovisual completa: audio profesional, iluminaci\u00f3n impactante, karaoke instant\u00e1neo y total conectividad en un formato robusto, port\u00e1til y f\u00e1cil de usar. Perfecta para fiestas, eventos al aire libre o reuniones m\u00f3viles.<\/p>\n","protected":false},"featured_media":1203,"template":"","meta":{"site-sidebar-layout":"default","site-content-layout":"","ast-site-content-layout":"default","site-content-style":"default","site-sidebar-style":"default","ast-global-header-display":"","ast-banner-title-visibility":"","ast-main-header-display":"","ast-hfb-above-header-display":"","ast-hfb-below-header-display":"","ast-hfb-mobile-header-display":"","site-post-title":"","ast-breadcrumbs-content":"","ast-featured-img":"","footer-sml-layout":"","ast-disable-related-posts":"","theme-transparent-header-meta":"","adv-header-id-meta":"","stick-header-meta":"","header-above-stick-meta":"","header-main-stick-meta":"","header-below-stick-meta":"","astra-migrate-meta-layouts":"default","ast-page-background-enabled":"default","ast-page-background-meta":{"desktop":{"background-color":"var(--ast-global-color-5)","background-image":"","background-repeat":"repeat","background-position":"center center","background-size":"auto","background-attachment":"scroll","background-type":"","background-media":"","overlay-type":"","overlay-color":"","overlay-opacity":"","overlay-gradient":""},"tablet":{"background-color":"","background-image":"","background-repeat":"repeat","background-position":"center center","background-size":"auto","background-attachment":"scroll","background-type":"","background-media":"","overlay-type":"","overlay-color":"","overlay-opacity":"","overlay-gradient":""},"mobile":{"background-color":"","background-image":"","background-repeat":"repeat","background-position":"center center","background-size":"auto","background-attachment":"scroll","background-type":"","background-media":"","overlay-type":"","overlay-color":"","overlay-opacity":"","overlay-gradient":""}},"ast-content-background-meta":{"desktop":{"background-color":"var(--ast-global-color-4)","background-image":"","background-repeat":"repeat","background-position":"center center","background-size":"auto","background-attachment":"scroll","background-type":"","background-media":"","overlay-type":"","overlay-color":"","overlay-opacity":"","overlay-gradient":""},"tablet":{"background-color":"var(--ast-global-color-4)","background-image":"","background-repeat":"repeat","background-position":"center center","background-size":"auto","background-attachment":"scroll","background-type":"","background-media":"","overlay-type":"","overlay-color":"","overlay-opacity":"","overlay-gradient":""},"mobile":{"background-color":"var(--ast-global-color-4)","background-image":"","background-repeat":"repeat","background-position":"center center","background-size":"auto","background-attachment":"scroll","background-type":"","background-media":"","overlay-type":"","overlay-color":"","overlay-opacity":"","overlay-gradient":""}}},"product_brand":[],"product_cat":[42],"product_tag":[],"class_list":{"0":"post-1202","1":"product","2":"type-product","3":"status-publish","4":"has-post-thumbnail","6":"product_cat-bocinas","7":"product_shipping_class-medio","8":"desktop-align-left","9":"tablet-align-left","10":"mobile-align-left","12":"first","13":"outofstock","14":"shipping-taxable","15":"purchasable","16":"product-type-simple"},"_links":{"self":[{"href":"https:\/\/bocimx.com.mx\/inicio\/wp-json\/wp\/v2\/product\/1202","targetHints":{"allow":["GET"]}}],"collection":[{"href":"https:\/\/bocimx.com.mx\/inicio\/wp-json\/wp\/v2\/product"}],"about":[{"href":"https:\/\/bocimx.com.mx\/inicio\/wp-json\/wp\/v2\/types\/product"}],"wp:featuredmedia":[{"embeddable":true,"href":"https:\/\/bocimx.com.mx\/inicio\/wp-json\/wp\/v2\/media\/1203"}],"wp:attachment":[{"href":"https:\/\/bocimx.com.mx\/inicio\/wp-json\/wp\/v2\/media?parent=1202"}],"wp:term":[{"taxonomy":"product_brand","embeddable":true,"href":"https:\/\/bocimx.com.mx\/inicio\/wp-json\/wp\/v2\/product_brand?post=1202"},{"taxonomy":"product_cat","embeddable":true,"href":"https:\/\/bocimx.com.mx\/inicio\/wp-json\/wp\/v2\/product_cat?post=1202"},{"taxonomy":"product_tag","embeddable":true,"href":"https:\/\/bocimx.com.mx\/inicio\/wp-json\/wp\/v2\/product_tag?post=1202"}],"curies":[{"name":"wp","href":"https:\/\/api.w.org\/{rel}","templated":true}]}}