{"id":1255,"date":"2025-08-06T12:24:03","date_gmt":"2025-08-06T18:24:03","guid":{"rendered":"https:\/\/bocimx.com.mx\/inicio\/?post_type=product&#038;p=1255"},"modified":"2025-12-29T16:48:45","modified_gmt":"2025-12-29T22:48:45","slug":"bocina-mc-v-113","status":"publish","type":"product","link":"https:\/\/bocimx.com.mx\/inicio\/product\/bocina-mc-v-113\/","title":{"rendered":"Bocina MC-V-113"},"content":{"rendered":"<p data-start=\"82\" data-end=\"123\">Sonido n\u00edtido en formato compacto<\/p>\n<p data-start=\"124\" data-end=\"198\"><span class=\"relative -mx-px my-[-0.2rem] rounded px-px py-[0.2rem] transition-colors duration-100 ease-in-out\">Este altavoz Airamp ofrece 8\u202fW RMS con sistema de sonido est\u00e9reo 5.1 y graves naturales equilibrados, ideal para disfrutar m\u00fasica de forma clara y sin distorsiones en espacios peque\u00f1os o port\u00e1tiles.<\/span><\/p>\n<p data-start=\"200\" data-end=\"236\">Dise\u00f1o resistente y port\u00e1til<\/p>\n<p data-start=\"237\" data-end=\"311\"><span class=\"relative -mx-px my-[-0.2rem] rounded px-px py-[0.2rem] transition-colors duration-100 ease-in-out\">Cuenta con una estructura ligera recubierta de tela textil resistente a ca\u00eddas, equipada con un cord\u00f3n desmontable para colgarlo en mochila, bicicleta o tienda de campa\u00f1a. Perfecto para llevarlo contigo donde quieras.<\/span><\/p>\n<p data-start=\"313\" data-end=\"342\">Conectividad vers\u00e1til<\/p>\n<p data-start=\"343\" data-end=\"417\"><span class=\"relative -mx-px my-[-0.2rem] rounded px-px py-[0.2rem] transition-colors duration-100 ease-in-out\">Permite conexi\u00f3n v\u00eda Bluetooth 5.3, adem\u00e1s admite reproducci\u00f3n desde USB, TF (tarjeta memoria), entrada AUX y radio FM, ofreciendo m\u00faltiples formas de escuchar tu m\u00fasica favorita.<\/span><\/p>\n<p data-start=\"419\" data-end=\"459\">Bater\u00eda confiable para uso m\u00f3vil<\/p>\n<p data-start=\"460\" data-end=\"534\"><span class=\"relative -mx-px my-[-0.2rem] rounded px-px py-[0.2rem] transition-colors duration-100 ease-in-out\">Incluye una bater\u00eda recargable interna de 1000\u202fmAh, con hasta 3\u20135 horas de reproducci\u00f3n continua (dependiendo del volumen), y recarga r\u00e1pida en alrededor de 3 horas, ideal para actividades al aire libre.<\/span><\/p>\n","protected":false},"excerpt":{"rendered":"<p>Es una excelente opci\u00f3n para quienes buscan llevar su m\u00fasica a todas partes: compacto, resistente, f\u00e1cil de usar y con sonido claro. \u00a1Perfecto para viajes, paseos o como regalo funcional!<\/p>\n","protected":false},"featured_media":1256,"template":"","meta":{"site-sidebar-layout":"default","site-content-layout":"","ast-site-content-layout":"default","site-content-style":"default","site-sidebar-style":"default","ast-global-header-display":"","ast-banner-title-visibility":"","ast-main-header-display":"","ast-hfb-above-header-display":"","ast-hfb-below-header-display":"","ast-hfb-mobile-header-display":"","site-post-title":"","ast-breadcrumbs-content":"","ast-featured-img":"","footer-sml-layout":"","ast-disable-related-posts":"","theme-transparent-header-meta":"","adv-header-id-meta":"","stick-header-meta":"","header-above-stick-meta":"","header-main-stick-meta":"","header-below-stick-meta":"","astra-migrate-meta-layouts":"default","ast-page-background-enabled":"default","ast-page-background-meta":{"desktop":{"background-color":"var(--ast-global-color-5)","background-image":"","background-repeat":"repeat","background-position":"center center","background-size":"auto","background-attachment":"scroll","background-type":"","background-media":"","overlay-type":"","overlay-color":"","overlay-opacity":"","overlay-gradient":""},"tablet":{"background-color":"","background-image":"","background-repeat":"repeat","background-position":"center center","background-size":"auto","background-attachment":"scroll","background-type":"","background-media":"","overlay-type":"","overlay-color":"","overlay-opacity":"","overlay-gradient":""},"mobile":{"background-color":"","background-image":"","background-repeat":"repeat","background-position":"center center","background-size":"auto","background-attachment":"scroll","background-type":"","background-media":"","overlay-type":"","overlay-color":"","overlay-opacity":"","overlay-gradient":""}},"ast-content-background-meta":{"desktop":{"background-color":"var(--ast-global-color-4)","background-image":"","background-repeat":"repeat","background-position":"center center","background-size":"auto","background-attachment":"scroll","background-type":"","background-media":"","overlay-type":"","overlay-color":"","overlay-opacity":"","overlay-gradient":""},"tablet":{"background-color":"var(--ast-global-color-4)","background-image":"","background-repeat":"repeat","background-position":"center center","background-size":"auto","background-attachment":"scroll","background-type":"","background-media":"","overlay-type":"","overlay-color":"","overlay-opacity":"","overlay-gradient":""},"mobile":{"background-color":"var(--ast-global-color-4)","background-image":"","background-repeat":"repeat","background-position":"center center","background-size":"auto","background-attachment":"scroll","background-type":"","background-media":"","overlay-type":"","overlay-color":"","overlay-opacity":"","overlay-gradient":""}}},"product_brand":[],"product_cat":[42],"product_tag":[],"class_list":{"0":"post-1255","1":"product","2":"type-product","3":"status-publish","4":"has-post-thumbnail","6":"product_cat-bocinas","7":"product_shipping_class-ligero","8":"desktop-align-left","9":"tablet-align-left","10":"mobile-align-left","12":"first","13":"outofstock","14":"shipping-taxable","15":"purchasable","16":"product-type-simple"},"_links":{"self":[{"href":"https:\/\/bocimx.com.mx\/inicio\/wp-json\/wp\/v2\/product\/1255","targetHints":{"allow":["GET"]}}],"collection":[{"href":"https:\/\/bocimx.com.mx\/inicio\/wp-json\/wp\/v2\/product"}],"about":[{"href":"https:\/\/bocimx.com.mx\/inicio\/wp-json\/wp\/v2\/types\/product"}],"wp:featuredmedia":[{"embeddable":true,"href":"https:\/\/bocimx.com.mx\/inicio\/wp-json\/wp\/v2\/media\/1256"}],"wp:attachment":[{"href":"https:\/\/bocimx.com.mx\/inicio\/wp-json\/wp\/v2\/media?parent=1255"}],"wp:term":[{"taxonomy":"product_brand","embeddable":true,"href":"https:\/\/bocimx.com.mx\/inicio\/wp-json\/wp\/v2\/product_brand?post=1255"},{"taxonomy":"product_cat","embeddable":true,"href":"https:\/\/bocimx.com.mx\/inicio\/wp-json\/wp\/v2\/product_cat?post=1255"},{"taxonomy":"product_tag","embeddable":true,"href":"https:\/\/bocimx.com.mx\/inicio\/wp-json\/wp\/v2\/product_tag?post=1255"}],"curies":[{"name":"wp","href":"https:\/\/api.w.org\/{rel}","templated":true}]}}