{"id":1274,"date":"2025-08-06T13:52:49","date_gmt":"2025-08-06T19:52:49","guid":{"rendered":"https:\/\/bocimx.com.mx\/inicio\/?post_type=product&#038;p=1274"},"modified":"2025-12-09T17:03:57","modified_gmt":"2025-12-09T23:03:57","slug":"kf-mt-marron","status":"publish","type":"product","link":"https:\/\/bocimx.com.mx\/inicio\/product\/kf-mt-marron\/","title":{"rendered":"KF-MT Marr\u00f3n"},"content":{"rendered":"<p data-start=\"44\" data-end=\"90\">Tama\u00f1o generoso para m\u00e1xima comodidad<\/p>\n<p data-start=\"91\" data-end=\"166\"><span class=\"relative -mx-px my-[-0.2rem] rounded px-px py-[0.2rem] transition-colors duration-100 ease-in-out\">Diferentes tama\u00f1os para cada necesidad, esta cobija garantiza cobertura total y un ajuste c\u00f3modo que envuelve sin dejar espacios descubiertos.<\/span><\/p>\n<p data-start=\"168\" data-end=\"210\">Textura suave, c\u00e1lida y agradable<\/p>\n<p data-start=\"211\" data-end=\"286\"><span class=\"relative -mx-px my-[-0.2rem] rounded px-px py-[0.2rem] transition-colors duration-100 ease-in-out\">Su tejido liso y confortable proporciona una sensaci\u00f3n envolvente y acogedora, perfecta para mantenerse c\u00e1lido durante las noches fr\u00edas o simplemente para relajarse con estilo.<\/span><\/p>\n<p data-start=\"288\" data-end=\"324\">Variedad de tonos elegantes<\/p>\n<p data-start=\"325\" data-end=\"400\"><span class=\"relative -mx-px my-[-0.2rem] rounded px-px py-[0.2rem] transition-colors duration-100 ease-in-out\">Disponible en una gama de colores neutros y modernos como Negro, Marr\u00f3n, Gris Plateado, Gris Azulado, Beige y Rosa, permite combinar f\u00e1cilmente con distintos estilos de habitaci\u00f3n.<\/span><\/p>\n<p data-start=\"407\" data-end=\"428\">Beneficios clave<\/p>\n<ul data-start=\"430\" data-end=\"660\">\n<li data-start=\"430\" data-end=\"508\">\n<p data-start=\"432\" data-end=\"508\">Tama\u00f1o ideal para camas grandes, asegura comodidad y cobertura completa.<\/p>\n<\/li>\n<li data-start=\"509\" data-end=\"573\">\n<p data-start=\"511\" data-end=\"573\">Tejido suave y c\u00e1lido que invita al descanso y al confort.<\/p>\n<\/li>\n<li data-start=\"574\" data-end=\"660\">\n<p data-start=\"576\" data-end=\"660\">Dise\u00f1os vers\u00e1tiles y modernos que se adaptan a diferentes estilos de decoraci\u00f3n.<\/p>\n<\/li>\n<\/ul>\n","protected":false},"excerpt":{"rendered":"<p>Con un dise\u00f1o minimalista y de buen tama\u00f1o para cada necesidad, esta frazada destaca por su suavidad y comodidad. Disponible en colores modernos y neutros, es perfecta para quienes buscan una manta funcional, elegante y f\u00e1cil de combinar. Ideal para el d\u00eda a d\u00eda, para dormir o simplemente relajarse con confort.<\/p>\n","protected":false},"featured_media":1265,"template":"","meta":{"site-sidebar-layout":"default","site-content-layout":"","ast-site-content-layout":"default","site-content-style":"default","site-sidebar-style":"default","ast-global-header-display":"","ast-banner-title-visibility":"","ast-main-header-display":"","ast-hfb-above-header-display":"","ast-hfb-below-header-display":"","ast-hfb-mobile-header-display":"","site-post-title":"","ast-breadcrumbs-content":"","ast-featured-img":"","footer-sml-layout":"","ast-disable-related-posts":"","theme-transparent-header-meta":"","adv-header-id-meta":"","stick-header-meta":"","header-above-stick-meta":"","header-main-stick-meta":"","header-below-stick-meta":"","astra-migrate-meta-layouts":"default","ast-page-background-enabled":"default","ast-page-background-meta":{"desktop":{"background-color":"var(--ast-global-color-5)","background-image":"","background-repeat":"repeat","background-position":"center center","background-size":"auto","background-attachment":"scroll","background-type":"","background-media":"","overlay-type":"","overlay-color":"","overlay-opacity":"","overlay-gradient":""},"tablet":{"background-color":"","background-image":"","background-repeat":"repeat","background-position":"center center","background-size":"auto","background-attachment":"scroll","background-type":"","background-media":"","overlay-type":"","overlay-color":"","overlay-opacity":"","overlay-gradient":""},"mobile":{"background-color":"","background-image":"","background-repeat":"repeat","background-position":"center center","background-size":"auto","background-attachment":"scroll","background-type":"","background-media":"","overlay-type":"","overlay-color":"","overlay-opacity":"","overlay-gradient":""}},"ast-content-background-meta":{"desktop":{"background-color":"var(--ast-global-color-4)","background-image":"","background-repeat":"repeat","background-position":"center center","background-size":"auto","background-attachment":"scroll","background-type":"","background-media":"","overlay-type":"","overlay-color":"","overlay-opacity":"","overlay-gradient":""},"tablet":{"background-color":"var(--ast-global-color-4)","background-image":"","background-repeat":"repeat","background-position":"center center","background-size":"auto","background-attachment":"scroll","background-type":"","background-media":"","overlay-type":"","overlay-color":"","overlay-opacity":"","overlay-gradient":""},"mobile":{"background-color":"var(--ast-global-color-4)","background-image":"","background-repeat":"repeat","background-position":"center center","background-size":"auto","background-attachment":"scroll","background-type":"","background-media":"","overlay-type":"","overlay-color":"","overlay-opacity":"","overlay-gradient":""}}},"product_brand":[],"product_cat":[46],"product_tag":[],"class_list":{"0":"post-1274","1":"product","2":"type-product","3":"status-publish","4":"has-post-thumbnail","6":"product_cat-cobijas","7":"product_shipping_class-ligero","8":"desktop-align-left","9":"tablet-align-left","10":"mobile-align-left","12":"first","13":"outofstock","14":"shipping-taxable","15":"purchasable","16":"product-type-variable"},"_links":{"self":[{"href":"https:\/\/bocimx.com.mx\/inicio\/wp-json\/wp\/v2\/product\/1274","targetHints":{"allow":["GET"]}}],"collection":[{"href":"https:\/\/bocimx.com.mx\/inicio\/wp-json\/wp\/v2\/product"}],"about":[{"href":"https:\/\/bocimx.com.mx\/inicio\/wp-json\/wp\/v2\/types\/product"}],"wp:featuredmedia":[{"embeddable":true,"href":"https:\/\/bocimx.com.mx\/inicio\/wp-json\/wp\/v2\/media\/1265"}],"wp:attachment":[{"href":"https:\/\/bocimx.com.mx\/inicio\/wp-json\/wp\/v2\/media?parent=1274"}],"wp:term":[{"taxonomy":"product_brand","embeddable":true,"href":"https:\/\/bocimx.com.mx\/inicio\/wp-json\/wp\/v2\/product_brand?post=1274"},{"taxonomy":"product_cat","embeddable":true,"href":"https:\/\/bocimx.com.mx\/inicio\/wp-json\/wp\/v2\/product_cat?post=1274"},{"taxonomy":"product_tag","embeddable":true,"href":"https:\/\/bocimx.com.mx\/inicio\/wp-json\/wp\/v2\/product_tag?post=1274"}],"curies":[{"name":"wp","href":"https:\/\/api.w.org\/{rel}","templated":true}]}}