{"id":529,"date":"2021-12-23T22:43:09","date_gmt":"2021-12-23T22:43:09","guid":{"rendered":"https:\/\/startersites.io\/blocksy\/garderobe\/?post_type=product&#038;p=529"},"modified":"2026-01-14T16:24:05","modified_gmt":"2026-01-14T22:24:05","slug":"bocina-mc-8231","status":"publish","type":"product","link":"https:\/\/bocimx.com.mx\/inicio\/product\/bocina-mc-8231\/","title":{"rendered":"Bocina MC-8231"},"content":{"rendered":"<p>\u00a1Potencia tus fiestas y eventos con el Altavoz Inal\u00e1mbrico MC-8231!<\/p>\n<p>Descubre el Altavoz Inal\u00e1mbrico MC-8231, el compa\u00f1ero perfecto para llevar la m\u00fasica a otro nivel. Con un dise\u00f1o robusto y un sonido potente, este altavoz es ideal para fiestas, eventos al aire libre, reuniones familiares o incluso para uso profesional. \u00a1Convierte cualquier momento en una experiencia inolvidable!<\/p>\n<p>Sonido Potente y Claro: Equipado con 2 altavoces de 8 pulgadas y una potencia de 25W x 2, ofrece un sonido envolvente y de alta calidad.<br \/>\nConectividad Vers\u00e1til: Compatible con Bluetooth 5.1, USB, TF, AUX, FM, TWS y micr\u00f3fono inal\u00e1mbrico. \u00a1Con\u00e9ctate de la forma que prefieras!<br \/>\nBater\u00eda de Larga Duraci\u00f3n: Con una capacidad de 4800mAh, disfruta de horas de m\u00fasica sin interrupciones.<br \/>\nDise\u00f1o Port\u00e1til: Aunque potente, su dise\u00f1o compacto y asa integrada lo hacen f\u00e1cil de transportar.<br \/>\nIncluye Micr\u00f3fonos Inal\u00e1mbricos: Perfecto para karaoke o presentaciones.<\/p>\n<p>Caracter\u00edsticas destacadas:<br \/>\nBluetooth 5.1: Conexi\u00f3n estable y r\u00e1pida con un alcance de hasta 10 metros.<br \/>\nFunciones M\u00faltiples: Reproduce m\u00fasica desde USB, tarjetas TF, AUX o incluso sintoniza emisoras de radio FM.<br \/>\nTecnolog\u00eda TWS: Conecta dos altavoces para un sonido est\u00e9reo a\u00fan m\u00e1s potente.<br \/>\nMicr\u00f3fonos Inal\u00e1mbricos Incluidos: Ideal para cantar, hablar o animar tus eventos.<br \/>\nControl Remoto: Ajusta el volumen, cambia canciones o modos con el pr\u00e1ctico control remoto.<\/p>\n<p>Especificaciones T\u00e9cnicas:<br \/>\nDimensiones: 291 x 309 x 856 mm (compacto pero potente).<br \/>\nPeso: 12 kg (f\u00e1cil de transportar).<br \/>\nBater\u00eda: 4800mAh (hasta 6-7 horas de reproducci\u00f3n).<br \/>\nPotencia: 25W x 2 (sonido claro y potente).<br \/>\nBluetooth: Versi\u00f3n 5.1 (conexi\u00f3n estable y de largo alcance).<\/p>\n","protected":false},"excerpt":{"rendered":"<p class=\"ui-pdp-title\">Subwoofer Grande Altavoz Bluetooth Inal\u00e1mbrico con Micr\u00f3fono Baterias de Litio Recargables Bocina Bluetooth inal\u00e1mbrica Parlantes de 8 pulgadas x 2 Versi\u00f3n Bluetooth 5.1 BT\/USB\/TF\/AUX\/FM\/TWS<\/p>\n","protected":false},"featured_media":814,"template":"","meta":{"site-sidebar-layout":"default","site-content-layout":"","ast-site-content-layout":"default","site-content-style":"default","site-sidebar-style":"default","ast-global-header-display":"","ast-banner-title-visibility":"","ast-main-header-display":"","ast-hfb-above-header-display":"","ast-hfb-below-header-display":"","ast-hfb-mobile-header-display":"","site-post-title":"","ast-breadcrumbs-content":"","ast-featured-img":"","footer-sml-layout":"","ast-disable-related-posts":"","theme-transparent-header-meta":"","adv-header-id-meta":"","stick-header-meta":"","header-above-stick-meta":"","header-main-stick-meta":"","header-below-stick-meta":"","astra-migrate-meta-layouts":"default","ast-page-background-enabled":"default","ast-page-background-meta":{"desktop":{"background-color":"var(--ast-global-color-5)","background-image":"","background-repeat":"repeat","background-position":"center center","background-size":"auto","background-attachment":"scroll","background-type":"","background-media":"","overlay-type":"","overlay-color":"","overlay-opacity":"","overlay-gradient":""},"tablet":{"background-color":"","background-image":"","background-repeat":"repeat","background-position":"center center","background-size":"auto","background-attachment":"scroll","background-type":"","background-media":"","overlay-type":"","overlay-color":"","overlay-opacity":"","overlay-gradient":""},"mobile":{"background-color":"","background-image":"","background-repeat":"repeat","background-position":"center center","background-size":"auto","background-attachment":"scroll","background-type":"","background-media":"","overlay-type":"","overlay-color":"","overlay-opacity":"","overlay-gradient":""}},"ast-content-background-meta":{"desktop":{"background-color":"var(--ast-global-color-4)","background-image":"","background-repeat":"repeat","background-position":"center center","background-size":"auto","background-attachment":"scroll","background-type":"","background-media":"","overlay-type":"","overlay-color":"","overlay-opacity":"","overlay-gradient":""},"tablet":{"background-color":"var(--ast-global-color-4)","background-image":"","background-repeat":"repeat","background-position":"center center","background-size":"auto","background-attachment":"scroll","background-type":"","background-media":"","overlay-type":"","overlay-color":"","overlay-opacity":"","overlay-gradient":""},"mobile":{"background-color":"var(--ast-global-color-4)","background-image":"","background-repeat":"repeat","background-position":"center center","background-size":"auto","background-attachment":"scroll","background-type":"","background-media":"","overlay-type":"","overlay-color":"","overlay-opacity":"","overlay-gradient":""}}},"product_brand":[],"product_cat":[42],"product_tag":[],"class_list":{"0":"post-529","1":"product","2":"type-product","3":"status-publish","4":"has-post-thumbnail","6":"product_cat-bocinas","7":"product_shipping_class-pesados","8":"desktop-align-left","9":"tablet-align-left","10":"mobile-align-left","12":"first","13":"outofstock","14":"shipping-taxable","15":"purchasable","16":"product-type-simple"},"_links":{"self":[{"href":"https:\/\/bocimx.com.mx\/inicio\/wp-json\/wp\/v2\/product\/529","targetHints":{"allow":["GET"]}}],"collection":[{"href":"https:\/\/bocimx.com.mx\/inicio\/wp-json\/wp\/v2\/product"}],"about":[{"href":"https:\/\/bocimx.com.mx\/inicio\/wp-json\/wp\/v2\/types\/product"}],"wp:featuredmedia":[{"embeddable":true,"href":"https:\/\/bocimx.com.mx\/inicio\/wp-json\/wp\/v2\/media\/814"}],"wp:attachment":[{"href":"https:\/\/bocimx.com.mx\/inicio\/wp-json\/wp\/v2\/media?parent=529"}],"wp:term":[{"taxonomy":"product_brand","embeddable":true,"href":"https:\/\/bocimx.com.mx\/inicio\/wp-json\/wp\/v2\/product_brand?post=529"},{"taxonomy":"product_cat","embeddable":true,"href":"https:\/\/bocimx.com.mx\/inicio\/wp-json\/wp\/v2\/product_cat?post=529"},{"taxonomy":"product_tag","embeddable":true,"href":"https:\/\/bocimx.com.mx\/inicio\/wp-json\/wp\/v2\/product_tag?post=529"}],"curies":[{"name":"wp","href":"https:\/\/api.w.org\/{rel}","templated":true}]}}