{"id":857,"date":"2025-07-10T16:14:34","date_gmt":"2025-07-10T22:14:34","guid":{"rendered":"https:\/\/bocimx.com.mx\/inicio\/?post_type=product&#038;p=857"},"modified":"2026-01-14T16:23:48","modified_gmt":"2026-01-14T22:23:48","slug":"bocina-mc-610","status":"publish","type":"product","link":"https:\/\/bocimx.com.mx\/inicio\/product\/bocina-mc-610\/","title":{"rendered":"Bocina MC-610"},"content":{"rendered":"<p>Este bocina es adecuado para la reuni\u00f3n familiar, al aire libre, picnic, regalo de cumplea\u00f1os, etc bocina subwoofer es el compa\u00f1ero perfecto para el fan\u00e1tico de la m\u00fasica.<\/p>\n<p>Especificaciones<br \/>\nModelo del producto:MC-610<br \/>\nTipo de altavoz:Altavoz Bluetooth inal\u00e1mbrico<br \/>\nEspecificaciones del altavoz:2 pulgadas x2<br \/>\nFunci\u00f3n de soporte:BT\/USB\/TF\/AUX\/TWS\/IPX5<br \/>\nDistancia Bluetooth: unos 10 metros bajo el espacio sin barreras<br \/>\nNombre Bluetooth MC-610<br \/>\nPotencia nominal:10Wx2<br \/>\nTiempo de carga:4-5 horas<br \/>\nCapacidad de la bater\u00eda:2400mAh<br \/>\nTama\u00f1o del producto:255x110x124MM<br \/>\nPeso del producto:1KG<\/p>\n<p>Caracter\u00edsticas<br \/>\n20W alta potencia, alto volumen, subwoofer<br \/>\nEsta bocina port\u00e1til bluetooth karaoke tiene 2 altavoces incorporados de 15W, la calidad de sonido del audio bluetooth es muy claro y fuerte, el bajo es m\u00e1s potente, el volumen es m\u00e1s moderado, suficiente para llenar toda la gran sala, d\u00e1ndole un efecto audiovisual impactante. bocinas recargables port\u00e1tiles son perfectas para Fiestas, karaoke familiar, bodas, reuniones de eventos al aire libre\/interior.<br \/>\nIPX5 clasificaci\u00f3n impermeable<br \/>\nClasificaci\u00f3n IPX5 eficaz a prueba de agua, dise\u00f1o completamente sellado, sin miedo a la lluvia. Es perfecto para reuniones familiares, fiestas en la piscina, viajes a la playa, acampadas al aire libre o senderismo, etc. Micr\u00f3fono de cancelaci\u00f3n de ruido HD incorporado con fuerte capacidad de radio. No es necesario estar delante del tel\u00e9fono para ver v\u00eddeos y hacer llamadas.<br \/>\nSe conecta f\u00e1cilmente a varios dispositivos<br \/>\nLa bocina tiene cuatro tipos de conexiones, BT\/USB\/TF\/AUX, que se puede conectar al ordenador, mp3, tel\u00e9fono m\u00f3vil o CD; soporte de disco U, puede reproducir m\u00fasica en formato MP3 y WAV en el disco U. bocina bluetooth en cualquier momento y en cualquier lugar, escuchar cuando quiera escuchar, cantar en cualquier momento de alta.<br \/>\nDeslumbrantes luces RGB<br \/>\nM\u00faltiples modos de color deslumbrantes incorporados, una tecla para cambiar. La deslumbrante caja de luz de colores de este altavoz de karaoke bluetooth inal\u00e1mbrico crea una experiencia de karaoke envolvente y din\u00e1mica. El altavoz con caja de luz multicolor te acerca a ti y a tus amigos para que disfrut\u00e9is de la mejor m\u00fasica mientras observ\u00e1is las luces de colores que combinan con el ambiente. Gracias a su dise\u00f1o vers\u00e1til, este altavoz tambi\u00e9n se puede utilizar como decoraci\u00f3n navide\u00f1a, para ver v\u00eddeos y mucho m\u00e1s.<br \/>\nBater\u00eda de larga duraci\u00f3n<br \/>\nEstas bocinas bluetooth recargables llevan incorporada una bater\u00eda de 2400mAh de litio, que proporciona aproximadamente 3 horas de tiempo de reproducci\u00f3n (al 100% de potencia con volumen medio). La bater\u00eda recargable garantiza que puedas disfrutar de tu musica durante todo el d\u00eda, satisfaciendo plenamente tus necesidades audiovisuales diarias.<br \/>\nSe adapta a una amplia gama de escenarios.<br \/>\nEsta bocina port\u00e1til soporta TWS crosstalk, mas adecuado para uso en fiestas, 2 altavoces crosstalk realza el sonido en vivo, hace que el efecto en vivo sea mejor.<br \/>\nEs f\u00e1cil de llevar<br \/>\nPort\u00e1til bocinas bluetooth recargables son f\u00e1ciles de llevar, bocina bluetooth inal\u00e1mbrica est\u00e1 dise\u00f1ado para el entretenimiento. Cumplir con sus diversos usos escenario, perfecto para cualquier fiesta o reuni\u00f3n. bocinas bluetooth recargables ideal para cumplea\u00f1os, Navidad, A\u00f1o Nuevo y otras ocasiones especiales.<\/p>\n","protected":false},"excerpt":{"rendered":"<p id=\"title\" class=\"a-size-large a-spacing-none\"><span id=\"productTitle\" class=\"a-size-large product-title-word-break\">Bocina Bluetooth Port\u00e1til Altavoz Inal\u00e1mbrico 2400mAh 20W con Luces RGB Est\u00e9reo Subwoofer Bluetooth 5.3 Impermeable IPX5 para Exteriores Regalo para Todas Las Fiestas Soporte TF\/AUX\/USB\/TWS<\/span><\/p>\n","protected":false},"featured_media":858,"template":"","meta":{"site-sidebar-layout":"default","site-content-layout":"","ast-site-content-layout":"default","site-content-style":"default","site-sidebar-style":"default","ast-global-header-display":"","ast-banner-title-visibility":"","ast-main-header-display":"","ast-hfb-above-header-display":"","ast-hfb-below-header-display":"","ast-hfb-mobile-header-display":"","site-post-title":"","ast-breadcrumbs-content":"","ast-featured-img":"","footer-sml-layout":"","ast-disable-related-posts":"","theme-transparent-header-meta":"","adv-header-id-meta":"","stick-header-meta":"","header-above-stick-meta":"","header-main-stick-meta":"","header-below-stick-meta":"","astra-migrate-meta-layouts":"default","ast-page-background-enabled":"default","ast-page-background-meta":{"desktop":{"background-color":"var(--ast-global-color-5)","background-image":"","background-repeat":"repeat","background-position":"center center","background-size":"auto","background-attachment":"scroll","background-type":"","background-media":"","overlay-type":"","overlay-color":"","overlay-opacity":"","overlay-gradient":""},"tablet":{"background-color":"","background-image":"","background-repeat":"repeat","background-position":"center center","background-size":"auto","background-attachment":"scroll","background-type":"","background-media":"","overlay-type":"","overlay-color":"","overlay-opacity":"","overlay-gradient":""},"mobile":{"background-color":"","background-image":"","background-repeat":"repeat","background-position":"center center","background-size":"auto","background-attachment":"scroll","background-type":"","background-media":"","overlay-type":"","overlay-color":"","overlay-opacity":"","overlay-gradient":""}},"ast-content-background-meta":{"desktop":{"background-color":"var(--ast-global-color-4)","background-image":"","background-repeat":"repeat","background-position":"center center","background-size":"auto","background-attachment":"scroll","background-type":"","background-media":"","overlay-type":"","overlay-color":"","overlay-opacity":"","overlay-gradient":""},"tablet":{"background-color":"var(--ast-global-color-4)","background-image":"","background-repeat":"repeat","background-position":"center center","background-size":"auto","background-attachment":"scroll","background-type":"","background-media":"","overlay-type":"","overlay-color":"","overlay-opacity":"","overlay-gradient":""},"mobile":{"background-color":"var(--ast-global-color-4)","background-image":"","background-repeat":"repeat","background-position":"center center","background-size":"auto","background-attachment":"scroll","background-type":"","background-media":"","overlay-type":"","overlay-color":"","overlay-opacity":"","overlay-gradient":""}}},"product_brand":[],"product_cat":[42],"product_tag":[],"class_list":{"0":"post-857","1":"product","2":"type-product","3":"status-publish","4":"has-post-thumbnail","6":"product_cat-bocinas","7":"product_shipping_class-ligero","8":"desktop-align-left","9":"tablet-align-left","10":"mobile-align-left","12":"first","13":"outofstock","14":"shipping-taxable","15":"purchasable","16":"product-type-simple"},"_links":{"self":[{"href":"https:\/\/bocimx.com.mx\/inicio\/wp-json\/wp\/v2\/product\/857","targetHints":{"allow":["GET"]}}],"collection":[{"href":"https:\/\/bocimx.com.mx\/inicio\/wp-json\/wp\/v2\/product"}],"about":[{"href":"https:\/\/bocimx.com.mx\/inicio\/wp-json\/wp\/v2\/types\/product"}],"wp:featuredmedia":[{"embeddable":true,"href":"https:\/\/bocimx.com.mx\/inicio\/wp-json\/wp\/v2\/media\/858"}],"wp:attachment":[{"href":"https:\/\/bocimx.com.mx\/inicio\/wp-json\/wp\/v2\/media?parent=857"}],"wp:term":[{"taxonomy":"product_brand","embeddable":true,"href":"https:\/\/bocimx.com.mx\/inicio\/wp-json\/wp\/v2\/product_brand?post=857"},{"taxonomy":"product_cat","embeddable":true,"href":"https:\/\/bocimx.com.mx\/inicio\/wp-json\/wp\/v2\/product_cat?post=857"},{"taxonomy":"product_tag","embeddable":true,"href":"https:\/\/bocimx.com.mx\/inicio\/wp-json\/wp\/v2\/product_tag?post=857"}],"curies":[{"name":"wp","href":"https:\/\/api.w.org\/{rel}","templated":true}]}}