{"id":861,"date":"2025-07-10T16:26:41","date_gmt":"2025-07-10T22:26:41","guid":{"rendered":"https:\/\/bocimx.com.mx\/inicio\/?post_type=product&#038;p=861"},"modified":"2025-10-23T10:29:39","modified_gmt":"2025-10-23T16:29:39","slug":"bocina-mc-4247","status":"publish","type":"product","link":"https:\/\/bocimx.com.mx\/inicio\/product\/bocina-mc-4247\/","title":{"rendered":"Bocina MC-4247"},"content":{"rendered":"<p>Sonido Est\u00e9reo HD, Bajos Profundos<br \/>\nEquipada con un woofer de 4 pulgadas y un tweeter de 4 pulgadas, esta bocina bluetooth ofrece una calidad de sonido impresionante sin distorsi\u00f3n, incluso a vol\u00famenes altos. Agudos claros, medios c\u00e1lidos y graves potentes, perfectos para reuniones peque\u00f1as, eventos escolares, clases de gimnasia y reuniones.<\/p>\n<p>M\u00faltiples modos de reproducci\u00f3n<br \/>\nJuega como quieras, admite m\u00faltiples m\u00e9todos de reproducci\u00f3n Bluetooth\/FM\/U disco\/tarjeta TF\/AUX, compatible con iPhone, tel\u00e9fonos m\u00f3viles Android, iPad, tabletas y PC. Adem\u00e1s, la funci\u00f3n TWS te permite conectar dos sonidos similares y crear un sistema est\u00e9reo. Mantenga fluidas sus fiestas de fin de semana y actuaciones callejeras y divi\u00e9rtase, permiti\u00e9ndole disfrutar de la m\u00fasica en interiores y exteriores, brindando una opci\u00f3n de reproducci\u00f3n de m\u00fasica conveniente y vers\u00e1til en cualquier momento y en cualquier lugar.<\/p>\n<p>Luces r\u00edtmicas y coloridas apagadas<br \/>\nEfecto de iluminaci\u00f3n de fantas\u00eda, la iluminaci\u00f3n puede cambiar seg\u00fan el ritmo de la m\u00fasica y el canto de karaoke.<br \/>\nCrea un ambiente fresco y din\u00e1mico para la fiesta. Podr\u00e1s disfrutar del espect\u00e1culo de luces, escuchar tu m\u00fasica favorita y vivir una experiencia de karaoke inolvidable.<\/p>\n<p>Lleva el karaoke contigo dondequiera que vayas<br \/>\nPuede llevar su m\u00fasica a donde quiera que vaya con nuestro altavoz Bluetooth port\u00e1til, y el c\u00f3modo asa y la correa para el hombro desmontable facilitan su transporte. Ya sea en la playa, el gimnasio, una fiesta al aire libre o en el jard\u00edn, es perfecto para uso en interiores y exteriores, permiti\u00e9ndote disfrutar de tus canciones favoritas.<\/p>\n<p>Potentes funciones<br \/>\nSistema Bluetooth 5.1, emparejamiento instant\u00e1neo, larga distancia de transmisi\u00f3n. Todas las funciones se muestran claramente en el panel, f\u00e1cil de usar, funci\u00f3n de silencio con un solo clic, equipado con 2 micr\u00f3fonos inal\u00e1mbricos para un karaoke inmersivo en cualquier momento y en cualquier lugar, convirtiendo la fiesta en una escena de karaoke. Se puede controlar mediante mando a distancia, liberando tus manos.<\/p>\n<p>Duraci\u00f3n de bater\u00eda extra larga<br \/>\nBater\u00eda recargable incorporada de 3200 mAh, puede durar de 4 a 6 horas de reproducci\u00f3n (100 % de volumen) en medios graves. Si necesita un tiempo de reproducci\u00f3n m\u00e1s prolongado, puede conectar el altavoz a la fuente de alimentaci\u00f3n y reproducir m\u00fasica al mismo tiempo . Los nuestros te permiten disfrutar de tu m\u00fasica sin interrupciones.<\/p>\n<p>Parametros del producto:<br \/>\nModelo de producto: MC-4247<br \/>\nTipo de altavoz: Altavoz port\u00e1til bluetooth<br \/>\nEspecificaciones del altavoz: 4 pulgadas x2<br \/>\nVersi\u00f3n de Bluetooth: 5.1<br \/>\nFunciones compatibles: BT\/USB\/TF\/AUX\/FM\/TWS\/MIC<br \/>\nDistancia de Bluetooth: unos 10 metros<br \/>\nTensi\u00f3n nominal: CC 5 V.<br \/>\nPotencia nominal: 15Wx2<br \/>\nTiempo de carga: 5-6 horas<br \/>\nCapacidad de la bater\u00eda: 3200 mAh<br \/>\nTama\u00f1o del producto: 386x176x176MM<br \/>\nPeso del producto: 2,6 KG<br \/>\nCompatible con radio FM: S\u00ed<br \/>\nLuces LED:S\u00ed<\/p>\n","protected":false},"excerpt":{"rendered":"<p>Bocinas Portatiles Altavoz Bluetooth Radio Portatil Subwoofer Activo Bocina Con Microfono Inalambrico Airamp MC-4247 Color Negro<\/p>\n","protected":false},"featured_media":862,"template":"","meta":{"site-sidebar-layout":"default","site-content-layout":"","ast-site-content-layout":"default","site-content-style":"default","site-sidebar-style":"default","ast-global-header-display":"","ast-banner-title-visibility":"","ast-main-header-display":"","ast-hfb-above-header-display":"","ast-hfb-below-header-display":"","ast-hfb-mobile-header-display":"","site-post-title":"","ast-breadcrumbs-content":"","ast-featured-img":"","footer-sml-layout":"","ast-disable-related-posts":"","theme-transparent-header-meta":"","adv-header-id-meta":"","stick-header-meta":"","header-above-stick-meta":"","header-main-stick-meta":"","header-below-stick-meta":"","astra-migrate-meta-layouts":"default","ast-page-background-enabled":"default","ast-page-background-meta":{"desktop":{"background-color":"var(--ast-global-color-5)","background-image":"","background-repeat":"repeat","background-position":"center center","background-size":"auto","background-attachment":"scroll","background-type":"","background-media":"","overlay-type":"","overlay-color":"","overlay-opacity":"","overlay-gradient":""},"tablet":{"background-color":"","background-image":"","background-repeat":"repeat","background-position":"center center","background-size":"auto","background-attachment":"scroll","background-type":"","background-media":"","overlay-type":"","overlay-color":"","overlay-opacity":"","overlay-gradient":""},"mobile":{"background-color":"","background-image":"","background-repeat":"repeat","background-position":"center center","background-size":"auto","background-attachment":"scroll","background-type":"","background-media":"","overlay-type":"","overlay-color":"","overlay-opacity":"","overlay-gradient":""}},"ast-content-background-meta":{"desktop":{"background-color":"var(--ast-global-color-4)","background-image":"","background-repeat":"repeat","background-position":"center center","background-size":"auto","background-attachment":"scroll","background-type":"","background-media":"","overlay-type":"","overlay-color":"","overlay-opacity":"","overlay-gradient":""},"tablet":{"background-color":"var(--ast-global-color-4)","background-image":"","background-repeat":"repeat","background-position":"center center","background-size":"auto","background-attachment":"scroll","background-type":"","background-media":"","overlay-type":"","overlay-color":"","overlay-opacity":"","overlay-gradient":""},"mobile":{"background-color":"var(--ast-global-color-4)","background-image":"","background-repeat":"repeat","background-position":"center center","background-size":"auto","background-attachment":"scroll","background-type":"","background-media":"","overlay-type":"","overlay-color":"","overlay-opacity":"","overlay-gradient":""}}},"product_brand":[],"product_cat":[42],"product_tag":[],"class_list":{"0":"post-861","1":"product","2":"type-product","3":"status-publish","4":"has-post-thumbnail","6":"product_cat-bocinas","7":"product_shipping_class-ligero-medio","8":"desktop-align-left","9":"tablet-align-left","10":"mobile-align-left","12":"first","13":"outofstock","14":"shipping-taxable","15":"purchasable","16":"product-type-simple"},"_links":{"self":[{"href":"https:\/\/bocimx.com.mx\/inicio\/wp-json\/wp\/v2\/product\/861","targetHints":{"allow":["GET"]}}],"collection":[{"href":"https:\/\/bocimx.com.mx\/inicio\/wp-json\/wp\/v2\/product"}],"about":[{"href":"https:\/\/bocimx.com.mx\/inicio\/wp-json\/wp\/v2\/types\/product"}],"wp:featuredmedia":[{"embeddable":true,"href":"https:\/\/bocimx.com.mx\/inicio\/wp-json\/wp\/v2\/media\/862"}],"wp:attachment":[{"href":"https:\/\/bocimx.com.mx\/inicio\/wp-json\/wp\/v2\/media?parent=861"}],"wp:term":[{"taxonomy":"product_brand","embeddable":true,"href":"https:\/\/bocimx.com.mx\/inicio\/wp-json\/wp\/v2\/product_brand?post=861"},{"taxonomy":"product_cat","embeddable":true,"href":"https:\/\/bocimx.com.mx\/inicio\/wp-json\/wp\/v2\/product_cat?post=861"},{"taxonomy":"product_tag","embeddable":true,"href":"https:\/\/bocimx.com.mx\/inicio\/wp-json\/wp\/v2\/product_tag?post=861"}],"curies":[{"name":"wp","href":"https:\/\/api.w.org\/{rel}","templated":true}]}}