{"id":865,"date":"2025-07-10T16:32:41","date_gmt":"2025-07-10T22:32:41","guid":{"rendered":"https:\/\/bocimx.com.mx\/inicio\/?post_type=product&#038;p=865"},"modified":"2025-10-23T10:28:41","modified_gmt":"2025-10-23T16:28:41","slug":"bocina-mc-8211","status":"publish","type":"product","link":"https:\/\/bocimx.com.mx\/inicio\/product\/bocina-mc-8211\/","title":{"rendered":"Bocina MC-8211"},"content":{"rendered":"<p>Potentes efectos de sonido<br \/>\nAltavoces duales de 7 pulgadas, alta potencia impactante de 30 W, bocina subwoofer,sonido envolvente est\u00e9reo de 360, volumen incre\u00edble, \u00e1rea de cobertura de sonido amplia, sonido m\u00e1s tridimensional y m\u00e1s penetrante.<\/p>\n<p>Luces fr\u00edas RGB<br \/>\nGeniales efectos r\u00edtmicos y espect\u00e1culos de luces sincronizados con el ritmo, luces de colores,y m\u00faltiples modos de apagado de luces se pueden cambiar libremente, llev\u00e1ndote instant\u00e1neamente al mundo del entretenimiento y a la escena de los conciertos.<\/p>\n<p>Dise\u00f1o de maleta con ruedas port\u00e1til, adecuada para diversos escenarios.<br \/>\nEl asa telesc\u00f3pica incorporada y las ruedas deslizantes facilitan su transporte, ya sea en reuniones familiares, bailes al aire libre, viajes a la playa, campamentos al aire libre y otras ocasiones.<\/p>\n<p>Potentes funciones<br \/>\nSistema Bluetooth 5.1, led para pantalla con emparejamiento instant\u00e1neo, larga distancia de transmisi\u00f3n. Las entradas de micr\u00f3fono y guitarra convierten la fiesta en una escena de karaoke y puedes cantar cuando y donde quieras.<\/p>\n<p>M\u00faltiples modos de compatibilidad<br \/>\nEl bafle amplificado es ampliamente compatible con cualquier dispositivo y se puede reproducir a trav\u00e9s de Bluetooth\/radio FM\/disco U\/tarjeta TF\/cable de audio AUX3,5 mm, y se puede cambiar libremente entre diferentes modos de reproducci\u00f3n. La distancia efectiva sin barreras es de aproximadamente 10 m, lo que le permite disfrutar de la m\u00fasica en interiores y exteriores, brindando opciones de reproducci\u00f3n de m\u00fasica convenientes y vers\u00e1tiles en cualquier momento y en cualquier lugar.<\/p>\n<p>Duraci\u00f3n de bater\u00eda extra larga<br \/>\nBater\u00eda recargable incorporada de 2600 mAh, puede durar de 4 a 5 horas de reproducci\u00f3n (100% del volumen) en medios graves, lo que le permite disfrutar de la m\u00fasica sin interrupciones.<\/p>\n<p>Parametros del producto:<br \/>\nModelo de producto: MC-8211<br \/>\nTipo de altavoz: Altavoz Bluetooth inal\u00e1mbrico<br \/>\nEspecificaciones de los altavoces: 7 pulgadas \u00d7 2<br \/>\nVersi\u00f3n de Bluetooth: 5.1<br \/>\nFunciones compatibles: BT\/USB\/TF\/AUX\/FM\/TWS\/MIC<br \/>\nDistancia de conexi\u00f3n: Unos 10 metros<br \/>\nNombre de Bluetooth: MC-8211<br \/>\nTensi\u00f3n nominal: CC 5 V.<br \/>\nPotencia nominal: 15W\u00d72<br \/>\nTiempo de carga: 5-6 horas<br \/>\nCapacidad de la bater\u00eda: 2600 mAh<br \/>\nTama\u00f1o del producto: 258x251x592MM<br \/>\nPeso del producto: 4,2 KG<\/p>\n","protected":false},"excerpt":{"rendered":"<p class=\"ui-pdp-title\">Bocina Port\u00e1til Bafles Radio Fm Bocina Karaoke Audio Led<\/p>\n","protected":false},"featured_media":1369,"template":"","meta":{"site-sidebar-layout":"default","site-content-layout":"","ast-site-content-layout":"default","site-content-style":"default","site-sidebar-style":"default","ast-global-header-display":"","ast-banner-title-visibility":"","ast-main-header-display":"","ast-hfb-above-header-display":"","ast-hfb-below-header-display":"","ast-hfb-mobile-header-display":"","site-post-title":"","ast-breadcrumbs-content":"","ast-featured-img":"","footer-sml-layout":"","ast-disable-related-posts":"","theme-transparent-header-meta":"","adv-header-id-meta":"","stick-header-meta":"","header-above-stick-meta":"","header-main-stick-meta":"","header-below-stick-meta":"","astra-migrate-meta-layouts":"default","ast-page-background-enabled":"default","ast-page-background-meta":{"desktop":{"background-color":"var(--ast-global-color-5)","background-image":"","background-repeat":"repeat","background-position":"center center","background-size":"auto","background-attachment":"scroll","background-type":"","background-media":"","overlay-type":"","overlay-color":"","overlay-opacity":"","overlay-gradient":""},"tablet":{"background-color":"","background-image":"","background-repeat":"repeat","background-position":"center center","background-size":"auto","background-attachment":"scroll","background-type":"","background-media":"","overlay-type":"","overlay-color":"","overlay-opacity":"","overlay-gradient":""},"mobile":{"background-color":"","background-image":"","background-repeat":"repeat","background-position":"center center","background-size":"auto","background-attachment":"scroll","background-type":"","background-media":"","overlay-type":"","overlay-color":"","overlay-opacity":"","overlay-gradient":""}},"ast-content-background-meta":{"desktop":{"background-color":"var(--ast-global-color-4)","background-image":"","background-repeat":"repeat","background-position":"center center","background-size":"auto","background-attachment":"scroll","background-type":"","background-media":"","overlay-type":"","overlay-color":"","overlay-opacity":"","overlay-gradient":""},"tablet":{"background-color":"var(--ast-global-color-4)","background-image":"","background-repeat":"repeat","background-position":"center center","background-size":"auto","background-attachment":"scroll","background-type":"","background-media":"","overlay-type":"","overlay-color":"","overlay-opacity":"","overlay-gradient":""},"mobile":{"background-color":"var(--ast-global-color-4)","background-image":"","background-repeat":"repeat","background-position":"center center","background-size":"auto","background-attachment":"scroll","background-type":"","background-media":"","overlay-type":"","overlay-color":"","overlay-opacity":"","overlay-gradient":""}}},"product_brand":[],"product_cat":[42],"product_tag":[],"class_list":{"0":"post-865","1":"product","2":"type-product","3":"status-publish","4":"has-post-thumbnail","6":"product_cat-bocinas","7":"desktop-align-left","8":"tablet-align-left","9":"mobile-align-left","11":"first","12":"outofstock","13":"shipping-taxable","14":"purchasable","15":"product-type-simple"},"_links":{"self":[{"href":"https:\/\/bocimx.com.mx\/inicio\/wp-json\/wp\/v2\/product\/865","targetHints":{"allow":["GET"]}}],"collection":[{"href":"https:\/\/bocimx.com.mx\/inicio\/wp-json\/wp\/v2\/product"}],"about":[{"href":"https:\/\/bocimx.com.mx\/inicio\/wp-json\/wp\/v2\/types\/product"}],"wp:featuredmedia":[{"embeddable":true,"href":"https:\/\/bocimx.com.mx\/inicio\/wp-json\/wp\/v2\/media\/1369"}],"wp:attachment":[{"href":"https:\/\/bocimx.com.mx\/inicio\/wp-json\/wp\/v2\/media?parent=865"}],"wp:term":[{"taxonomy":"product_brand","embeddable":true,"href":"https:\/\/bocimx.com.mx\/inicio\/wp-json\/wp\/v2\/product_brand?post=865"},{"taxonomy":"product_cat","embeddable":true,"href":"https:\/\/bocimx.com.mx\/inicio\/wp-json\/wp\/v2\/product_cat?post=865"},{"taxonomy":"product_tag","embeddable":true,"href":"https:\/\/bocimx.com.mx\/inicio\/wp-json\/wp\/v2\/product_tag?post=865"}],"curies":[{"name":"wp","href":"https:\/\/api.w.org\/{rel}","templated":true}]}}