{"id":875,"date":"2025-07-10T16:49:24","date_gmt":"2025-07-10T22:49:24","guid":{"rendered":"https:\/\/bocimx.com.mx\/inicio\/?post_type=product&#038;p=875"},"modified":"2025-10-23T10:29:12","modified_gmt":"2025-10-23T16:29:12","slug":"bocina-mc-4239s","status":"publish","type":"product","link":"https:\/\/bocimx.com.mx\/inicio\/product\/bocina-mc-4239s\/","title":{"rendered":"Bocina MC-4239S"},"content":{"rendered":"<p>Especificaci\u00f3n:<br \/>\nTipo: Altavoz de fiesta<br \/>\nColor: Negro<br \/>\nTama\u00f1o: 170*172*39.9mm<br \/>\nVersi\u00f3n Bluetooth: 5.0<br \/>\nUnidad de altavoz: 2 *woofer de 4 pulgadas<br \/>\nPotencia de salida: 16W<br \/>\nPico de potencia de salida de m\u00fasica: 2000W<br \/>\nFuente de alimentaci\u00f3n: DC 5V 1A<br \/>\nBater\u00eda: 3.7V 1800mAh<br \/>\nTiempo de reproducci\u00f3n: 3-5H<br \/>\nRespuesta en frecuencia: 150-18KHz<br \/>\nFunciones: Bluetooth\/Micr\u00f3fono\/USB\/TF\/AUX\/FM\/TWS\/Mando a distancia<\/p>\n<p>El paquete incluye:<br \/>\n1 * Altavoz Bluetooth<br \/>\n1 * Micr\u00f3fono con cable<br \/>\n1 * Mando a distancia<br \/>\n1 * Correa<br \/>\n1 * Cable de carga<\/p>\n<p>[Con funci\u00f3n TWS]: La interconexi\u00f3n inal\u00e1mbrica duplica el volumen. Bluetooth 5.1 permite un verdadero emparejamiento est\u00e9reo inal\u00e1mbrico, la distancia efectiva sin barreras es de hasta 15 M, dos altavoces est\u00e1n interconectados para experimentar un campo de sonido envolvente m\u00e1s impactante. Perfecto para reuniones en interiores, fogatas al aire libre, campamentos o fiestas. El sonido de los dos altavoces est\u00e1 sincronizado para crear un sonido de doble canal izquierdo y derecho, duplicando el volumen y la felicidad.<\/p>\n<p>[Fuerte compatibilidad]: Compatible con Bluetooth, puede reproducir m\u00fasica de forma inal\u00e1mbrica desde su tel\u00e9fono, tableta, MP3, Ipad, MAC, Notebook u otros dispositivos Bluetooth. Adem\u00e1s, tambi\u00e9n admite conexi\u00f3n mediante USB\/AUX y tarjeta TF, lo que le permite reproducir m\u00fasica almacenada en dispositivos de almacenamiento. El chip Bluetooth proporciona un rango de se\u00f1al de 10m.<\/p>\n<p>[M\u00faltiples m\u00e9todos de conexi\u00f3n y RGB]: El sistema de karaoke con altavoz Bluetooth est\u00e1 equipado con un lector de unidad flash USB para que pueda funcionar como un reproductor de MP3, una entrada AUX de 3,5 mm para conectar dispositivos externos, una entrada para tarjeta TF y una entrada de micr\u00f3fono\/guitarra de 8&#8243;. Equipado con radio FM con pantalla LED digital.<\/p>\n<p>[Gran capacidad de bater\u00eda]:Potente bater\u00eda recargable, el Altavoces Bluetooth est\u00e1 equipado con cuatro bater\u00edas de 2000mAh. Tarda entre 6 horas en cargarse por completo. La potente bater\u00eda recargable puede reproducir m\u00fasica al m\u00e1ximo volumen durante mucho tiempo sin interrupci\u00f3n. Por lo tanto, ya sea una fiesta de baile en el interior o una fiesta de baile al aire libre. \u00a1puede disfrutar del carnaval!<\/p>\n<p>[Funcionamiento f\u00e1cil y conveniente]: La m\u00e1quina karaoke port\u00e1til para fiestas grandes est\u00e1 equipado con una perilla grande para ajustar el volumen y un bot\u00f3n para cambiar los modos de conexi\u00f3n y ajustar las luces. Muy claro y sencillo. Lo que le permite ajustar f\u00e1cil y simplemente la calidad del sonido a su gusto.<\/p>\n<p>[Versatilidad para m\u00faltiples escenarios]: Ya sea que est\u00e9 trabajando desde casa, escuchando m\u00fasica o viendo pel\u00edculas, o organizando fiestas o eventos al aire libre, este altavoz Bluetooth es ideal para usted. Tambi\u00e9n es compatible con computadoras, tabletas y otros dispositivos, lo que te permite disfrutar de m\u00fasica de alta calidad en cualquier momento y lugar.<\/p>\n<p>[Sonido envolvente est\u00e9reo de alta calidad]: El altavoz Bluetooth est\u00e1 equipado con un altavoz eficiente de 14 vatios en su estructura compacta para un sonido alto y claro. Ofrece m\u00fasica potente dondequiera que se reproduzca. Puede disfrutar f\u00e1cilmente de la transmisi\u00f3n de m\u00fasica inal\u00e1mbrica est\u00e9reo en cualquier lugar.<\/p>\n<p>[Conexi\u00f3n Bluetooth 5.1]: El altavoz inal\u00e1mbrico Bluetooth 5.1 tiene una velocidad de transmisi\u00f3n inal\u00e1mbrica r\u00e1pida y una transmisi\u00f3n estable, puede reproducir m\u00fasica a largas distancias y es compatible con la mayor\u00eda de los dispositivos y disfrutar f\u00e1cilmente de la felicidad tra\u00edda por la m\u00fasica.<\/p>\n","protected":false},"excerpt":{"rendered":"<p class=\"ui-pdp-title\">Altavoz Bluetooth Recargable Grande Con Micr\u00f3fono Radio Fm<\/p>\n","protected":false},"featured_media":876,"template":"","meta":{"site-sidebar-layout":"default","site-content-layout":"","ast-site-content-layout":"default","site-content-style":"default","site-sidebar-style":"default","ast-global-header-display":"","ast-banner-title-visibility":"","ast-main-header-display":"","ast-hfb-above-header-display":"","ast-hfb-below-header-display":"","ast-hfb-mobile-header-display":"","site-post-title":"","ast-breadcrumbs-content":"","ast-featured-img":"","footer-sml-layout":"","ast-disable-related-posts":"","theme-transparent-header-meta":"","adv-header-id-meta":"","stick-header-meta":"","header-above-stick-meta":"","header-main-stick-meta":"","header-below-stick-meta":"","astra-migrate-meta-layouts":"default","ast-page-background-enabled":"default","ast-page-background-meta":{"desktop":{"background-color":"var(--ast-global-color-5)","background-image":"","background-repeat":"repeat","background-position":"center center","background-size":"auto","background-attachment":"scroll","background-type":"","background-media":"","overlay-type":"","overlay-color":"","overlay-opacity":"","overlay-gradient":""},"tablet":{"background-color":"","background-image":"","background-repeat":"repeat","background-position":"center center","background-size":"auto","background-attachment":"scroll","background-type":"","background-media":"","overlay-type":"","overlay-color":"","overlay-opacity":"","overlay-gradient":""},"mobile":{"background-color":"","background-image":"","background-repeat":"repeat","background-position":"center center","background-size":"auto","background-attachment":"scroll","background-type":"","background-media":"","overlay-type":"","overlay-color":"","overlay-opacity":"","overlay-gradient":""}},"ast-content-background-meta":{"desktop":{"background-color":"var(--ast-global-color-4)","background-image":"","background-repeat":"repeat","background-position":"center center","background-size":"auto","background-attachment":"scroll","background-type":"","background-media":"","overlay-type":"","overlay-color":"","overlay-opacity":"","overlay-gradient":""},"tablet":{"background-color":"var(--ast-global-color-4)","background-image":"","background-repeat":"repeat","background-position":"center center","background-size":"auto","background-attachment":"scroll","background-type":"","background-media":"","overlay-type":"","overlay-color":"","overlay-opacity":"","overlay-gradient":""},"mobile":{"background-color":"var(--ast-global-color-4)","background-image":"","background-repeat":"repeat","background-position":"center center","background-size":"auto","background-attachment":"scroll","background-type":"","background-media":"","overlay-type":"","overlay-color":"","overlay-opacity":"","overlay-gradient":""}}},"product_brand":[],"product_cat":[42],"product_tag":[],"class_list":{"0":"post-875","1":"product","2":"type-product","3":"status-publish","4":"has-post-thumbnail","6":"product_cat-bocinas","7":"product_shipping_class-ligero-medio","8":"desktop-align-left","9":"tablet-align-left","10":"mobile-align-left","12":"first","13":"outofstock","14":"shipping-taxable","15":"purchasable","16":"product-type-simple"},"_links":{"self":[{"href":"https:\/\/bocimx.com.mx\/inicio\/wp-json\/wp\/v2\/product\/875","targetHints":{"allow":["GET"]}}],"collection":[{"href":"https:\/\/bocimx.com.mx\/inicio\/wp-json\/wp\/v2\/product"}],"about":[{"href":"https:\/\/bocimx.com.mx\/inicio\/wp-json\/wp\/v2\/types\/product"}],"wp:featuredmedia":[{"embeddable":true,"href":"https:\/\/bocimx.com.mx\/inicio\/wp-json\/wp\/v2\/media\/876"}],"wp:attachment":[{"href":"https:\/\/bocimx.com.mx\/inicio\/wp-json\/wp\/v2\/media?parent=875"}],"wp:term":[{"taxonomy":"product_brand","embeddable":true,"href":"https:\/\/bocimx.com.mx\/inicio\/wp-json\/wp\/v2\/product_brand?post=875"},{"taxonomy":"product_cat","embeddable":true,"href":"https:\/\/bocimx.com.mx\/inicio\/wp-json\/wp\/v2\/product_cat?post=875"},{"taxonomy":"product_tag","embeddable":true,"href":"https:\/\/bocimx.com.mx\/inicio\/wp-json\/wp\/v2\/product_tag?post=875"}],"curies":[{"name":"wp","href":"https:\/\/api.w.org\/{rel}","templated":true}]}}