{"id":88,"date":"2021-12-15T13:34:14","date_gmt":"2021-12-15T13:34:14","guid":{"rendered":"https:\/\/startersites.io\/blocksy\/garderobe\/?post_type=product&#038;p=88"},"modified":"2026-01-14T16:24:34","modified_gmt":"2026-01-14T22:24:34","slug":"bocina-mc-c3","status":"publish","type":"product","link":"https:\/\/bocimx.com.mx\/inicio\/product\/bocina-mc-c3\/","title":{"rendered":"Bocina MC-C3"},"content":{"rendered":"<p>Sonido envolvente est\u00e9reo de 360\u00b0 Portable Multimedia RGB Speaker altavoz de la computadora, pastilla negra dos potentes altavoces magn\u00e9ticos de 8 vatios, los canales izquierdo y derecho est\u00e1n separados seg\u00fan los gabinetes, lo que hace que las capas sean m\u00e1s realistas y delicadas, produciendo un efecto de campo sonoro m\u00e1s tridimensional.El efecto de sonido es claro y natural, completo y hermoso, y el. El sonido es fuerte, lo que te sumerge en la escena.<\/p>\n<p>Luces RGB geniales: Bluetooth usb bocinas luz negra led. El dise\u00f1o exclusivo de la forma de apagado y el efecto de apagado sincronizado con la m\u00fasica pueden agregar atm\u00f3sfera a la m\u00fasica, ver pel\u00edculas y jugar.Se pueden cambiar m\u00faltiples modos de apagado de luz a voluntad.No es solo un altavoz, sino tambi\u00e9n una luz decorativa en su escritorio.<\/p>\n<p>Ampliamente compatible, admite cable USB y conexi\u00f3n Bluetooth: Bocinas para computadora, conexi\u00f3n de cable USB, plug and play, lo que significa que no necesita instalar controladores complicados. Simplemente conecte el cable USB a su dispositivo para alimentarlo y conecte su dispositivo para comenzar a disfrutar de su m\u00fasica favorita. Compatible con ordenadores, port\u00e1tiles, tel\u00e9fonos m\u00f3viles, tablets y proyectores.<\/p>\n<p>Ajuste de control de cable independiente: Micr\u00f3fono profesional con cable PC,Dise\u00f1o de control por cable, botones independientes de apagado de luz, volumen y modo de reproducci\u00f3n. Haz que disfrutar de la m\u00fasica sea m\u00e1s c\u00f3modo.<\/p>\n<p>Bocinas port\u00e1tiles de escritorio: Altavoces pc de escritorio est\u00e1 dise\u00f1ado como un altavoz LED port\u00e1til. El tama\u00f1o es de solo 95 * 96 * 96 mm (largo x ancho x alto), peque\u00f1o y port\u00e1til, y se puede colocar f\u00e1cilmente en su escritorio, ahorrando m\u00e1s espacio en el escritorio. Incluso se puede llevar a cualquier lugar, lo que lo hace perfecto para cualquier hogar, oficina, lugar de trabajo o viaje moderno.<\/p>\n","protected":false},"excerpt":{"rendered":"<p>Sonido envolvente est\u00e9reo de 360\u00b0 Portable Multimedia RGB Speaker altavoz de la computadora, pastilla negra dos potentes altavoces magn\u00e9ticos de 8 vatios, los canales izquierdo y derecho est\u00e1n separados seg\u00fan los gabinetes, lo que hace que las capas sean m\u00e1s realistas y delicadas, produciendo un efecto de campo sonoro m\u00e1s tridimensional.El efecto de sonido es claro y natural, completo y hermoso, y el. El sonido es fuerte, lo que te sumerge en la escena.<\/p>\n","protected":false},"featured_media":783,"template":"","meta":{"site-sidebar-layout":"default","site-content-layout":"","ast-site-content-layout":"default","site-content-style":"default","site-sidebar-style":"default","ast-global-header-display":"","ast-banner-title-visibility":"","ast-main-header-display":"","ast-hfb-above-header-display":"","ast-hfb-below-header-display":"","ast-hfb-mobile-header-display":"","site-post-title":"","ast-breadcrumbs-content":"","ast-featured-img":"","footer-sml-layout":"","ast-disable-related-posts":"","theme-transparent-header-meta":"","adv-header-id-meta":"","stick-header-meta":"","header-above-stick-meta":"","header-main-stick-meta":"","header-below-stick-meta":"","astra-migrate-meta-layouts":"default","ast-page-background-enabled":"default","ast-page-background-meta":{"desktop":{"background-color":"var(--ast-global-color-5)","background-image":"","background-repeat":"repeat","background-position":"center center","background-size":"auto","background-attachment":"scroll","background-type":"","background-media":"","overlay-type":"","overlay-color":"","overlay-opacity":"","overlay-gradient":""},"tablet":{"background-color":"","background-image":"","background-repeat":"repeat","background-position":"center center","background-size":"auto","background-attachment":"scroll","background-type":"","background-media":"","overlay-type":"","overlay-color":"","overlay-opacity":"","overlay-gradient":""},"mobile":{"background-color":"","background-image":"","background-repeat":"repeat","background-position":"center center","background-size":"auto","background-attachment":"scroll","background-type":"","background-media":"","overlay-type":"","overlay-color":"","overlay-opacity":"","overlay-gradient":""}},"ast-content-background-meta":{"desktop":{"background-color":"var(--ast-global-color-4)","background-image":"","background-repeat":"repeat","background-position":"center center","background-size":"auto","background-attachment":"scroll","background-type":"","background-media":"","overlay-type":"","overlay-color":"","overlay-opacity":"","overlay-gradient":""},"tablet":{"background-color":"var(--ast-global-color-4)","background-image":"","background-repeat":"repeat","background-position":"center center","background-size":"auto","background-attachment":"scroll","background-type":"","background-media":"","overlay-type":"","overlay-color":"","overlay-opacity":"","overlay-gradient":""},"mobile":{"background-color":"var(--ast-global-color-4)","background-image":"","background-repeat":"repeat","background-position":"center center","background-size":"auto","background-attachment":"scroll","background-type":"","background-media":"","overlay-type":"","overlay-color":"","overlay-opacity":"","overlay-gradient":""}}},"product_brand":[],"product_cat":[42],"product_tag":[],"class_list":{"0":"post-88","1":"product","2":"type-product","3":"status-publish","4":"has-post-thumbnail","6":"product_cat-bocinas","7":"product_shipping_class-ligero","8":"desktop-align-left","9":"tablet-align-left","10":"mobile-align-left","12":"first","13":"outofstock","14":"shipping-taxable","15":"purchasable","16":"product-type-simple"},"_links":{"self":[{"href":"https:\/\/bocimx.com.mx\/inicio\/wp-json\/wp\/v2\/product\/88","targetHints":{"allow":["GET"]}}],"collection":[{"href":"https:\/\/bocimx.com.mx\/inicio\/wp-json\/wp\/v2\/product"}],"about":[{"href":"https:\/\/bocimx.com.mx\/inicio\/wp-json\/wp\/v2\/types\/product"}],"wp:featuredmedia":[{"embeddable":true,"href":"https:\/\/bocimx.com.mx\/inicio\/wp-json\/wp\/v2\/media\/783"}],"wp:attachment":[{"href":"https:\/\/bocimx.com.mx\/inicio\/wp-json\/wp\/v2\/media?parent=88"}],"wp:term":[{"taxonomy":"product_brand","embeddable":true,"href":"https:\/\/bocimx.com.mx\/inicio\/wp-json\/wp\/v2\/product_brand?post=88"},{"taxonomy":"product_cat","embeddable":true,"href":"https:\/\/bocimx.com.mx\/inicio\/wp-json\/wp\/v2\/product_cat?post=88"},{"taxonomy":"product_tag","embeddable":true,"href":"https:\/\/bocimx.com.mx\/inicio\/wp-json\/wp\/v2\/product_tag?post=88"}],"curies":[{"name":"wp","href":"https:\/\/api.w.org\/{rel}","templated":true}]}}