{"id":880,"date":"2025-07-11T10:06:44","date_gmt":"2025-07-11T16:06:44","guid":{"rendered":"https:\/\/bocimx.com.mx\/inicio\/?post_type=product&#038;p=880"},"modified":"2025-10-23T10:30:09","modified_gmt":"2025-10-23T16:30:09","slug":"bocina-mc-1205","status":"publish","type":"product","link":"https:\/\/bocimx.com.mx\/inicio\/product\/bocina-mc-1205\/","title":{"rendered":"Bocina MC-1205"},"content":{"rendered":"<p>Excelente calidad de sonido<br \/>\nProporciona un sonido envolvente con graves, profundidad y agudos ricos, lo que le permite sumergirse en la m\u00fasica en cualquier momento y en cualquier lugar.<\/p>\n<p>Potentes funciones<br \/>\nEste altavoz Bluetooth port\u00e1til es ampliamente compatible y no selecciona ning\u00fan dispositivo. Admite reproducci\u00f3n de tarjeta BT\/FM\/U disk\/TF. Puede conectarse de forma estable a largas distancias mediante la tecnolog\u00eda Bluetooth 5.1. La distancia efectiva sin barreras es de aproximadamente 10 m, lo que le permite disfrutar tanto en interiores como en exteriores. Disfrute de la m\u00fasica en cualquier momento y en cualquier lugar, brindando opciones de reproducci\u00f3n de m\u00fasica convenientes y vers\u00e1tiles.<\/p>\n<p>Luces RGB geniales<br \/>\nAIRAMP mejora su experiencia musical con este altavoz Bluetooth, cuyas encantadoras luces que cambian de color se sincronizan con su m\u00fasica, brindando un fest\u00edn audiovisual.<\/p>\n<p>Modo acoplado TWS<br \/>\nEncienda el altavoz, haga clic continuamente en el bot\u00f3n de pausa y reproducci\u00f3n de cualquier altavoz Bluetooth inal\u00e1mbrico para ingresar al modo TWS y se conectar\u00e1 autom\u00e1ticamente para experimentar una calidad de sonido envolvente m\u00e1s impactante.<\/p>\n<p>Bater\u00eda de larga duraci\u00f3n<br \/>\nBater\u00eda de litio incorporada de 800 mAh, satisface plenamente las necesidades audiovisuales diarias, interfaz de carga USB, carga conveniente.<\/p>\n<p>La mejor opci\u00f3n de regalo<br \/>\nMini altavoz lindo y exquisito con un sonido potente y una luz hermosa, es la mejor opci\u00f3n de regalo para ni\u00f1os, familiares y amigos. Se puede utilizar para cualquier ocasi\u00f3n, como yoga, reuniones de amigos, acampar al aire libre con familiares y amigos, Navidad, Pascua, Acci\u00f3n de Gracias, cumplea\u00f1os, aniversarios, D\u00eda de la Madre, D\u00eda del Padre, Halloween, bodas, etc.<\/p>\n<p>Especificaciones<br \/>\nModelo de producto: MC-1205<br \/>\nTipo de altavoz: Altavoz Bluetooth inal\u00e1mbrico<br \/>\nEspecificaciones del altavoz: 2 pulgadas<br \/>\nVersi\u00f3n de Bluetooth: 5.1<br \/>\nFunciones compatibles: BT\/USB\/TF\/FM\/TWS<br \/>\nDistancia de conexi\u00f3n: Acerca de10 metros<br \/>\nNombre de Bluetooth: MC-1205<br \/>\nTensi\u00f3n nominal: CC 5 V.<br \/>\nPotencia nominal: 8W<br \/>\nTiempo de carga: 2-3 horas<br \/>\nCapacidad de la bater\u00eda: 800 mAh<br \/>\nTama\u00f1o del producto: 120x72x120MM<br \/>\nPeso del producto: 0.26 KG<\/p>\n","protected":false},"excerpt":{"rendered":"<p class=\"ui-pdp-title\">Bocina Bluetooth Recargable Port\u00e1til Speaker Altavoz Inal\u00e1mbrico Luces RGB Soporte Micro SD\/TF\/ Radio\/negro Decoraci\u00f3n De Iluminaci\u00f3n<\/p>\n","protected":false},"featured_media":881,"template":"","meta":{"site-sidebar-layout":"default","site-content-layout":"","ast-site-content-layout":"default","site-content-style":"default","site-sidebar-style":"default","ast-global-header-display":"","ast-banner-title-visibility":"","ast-main-header-display":"","ast-hfb-above-header-display":"","ast-hfb-below-header-display":"","ast-hfb-mobile-header-display":"","site-post-title":"","ast-breadcrumbs-content":"","ast-featured-img":"","footer-sml-layout":"","ast-disable-related-posts":"","theme-transparent-header-meta":"","adv-header-id-meta":"","stick-header-meta":"","header-above-stick-meta":"","header-main-stick-meta":"","header-below-stick-meta":"","astra-migrate-meta-layouts":"default","ast-page-background-enabled":"default","ast-page-background-meta":{"desktop":{"background-color":"var(--ast-global-color-5)","background-image":"","background-repeat":"repeat","background-position":"center center","background-size":"auto","background-attachment":"scroll","background-type":"","background-media":"","overlay-type":"","overlay-color":"","overlay-opacity":"","overlay-gradient":""},"tablet":{"background-color":"","background-image":"","background-repeat":"repeat","background-position":"center center","background-size":"auto","background-attachment":"scroll","background-type":"","background-media":"","overlay-type":"","overlay-color":"","overlay-opacity":"","overlay-gradient":""},"mobile":{"background-color":"","background-image":"","background-repeat":"repeat","background-position":"center center","background-size":"auto","background-attachment":"scroll","background-type":"","background-media":"","overlay-type":"","overlay-color":"","overlay-opacity":"","overlay-gradient":""}},"ast-content-background-meta":{"desktop":{"background-color":"var(--ast-global-color-4)","background-image":"","background-repeat":"repeat","background-position":"center center","background-size":"auto","background-attachment":"scroll","background-type":"","background-media":"","overlay-type":"","overlay-color":"","overlay-opacity":"","overlay-gradient":""},"tablet":{"background-color":"var(--ast-global-color-4)","background-image":"","background-repeat":"repeat","background-position":"center center","background-size":"auto","background-attachment":"scroll","background-type":"","background-media":"","overlay-type":"","overlay-color":"","overlay-opacity":"","overlay-gradient":""},"mobile":{"background-color":"var(--ast-global-color-4)","background-image":"","background-repeat":"repeat","background-position":"center center","background-size":"auto","background-attachment":"scroll","background-type":"","background-media":"","overlay-type":"","overlay-color":"","overlay-opacity":"","overlay-gradient":""}}},"product_brand":[],"product_cat":[42],"product_tag":[],"class_list":{"0":"post-880","1":"product","2":"type-product","3":"status-publish","4":"has-post-thumbnail","6":"product_cat-bocinas","7":"product_shipping_class-ligero","8":"desktop-align-left","9":"tablet-align-left","10":"mobile-align-left","12":"first","13":"outofstock","14":"shipping-taxable","15":"purchasable","16":"product-type-simple"},"_links":{"self":[{"href":"https:\/\/bocimx.com.mx\/inicio\/wp-json\/wp\/v2\/product\/880","targetHints":{"allow":["GET"]}}],"collection":[{"href":"https:\/\/bocimx.com.mx\/inicio\/wp-json\/wp\/v2\/product"}],"about":[{"href":"https:\/\/bocimx.com.mx\/inicio\/wp-json\/wp\/v2\/types\/product"}],"wp:featuredmedia":[{"embeddable":true,"href":"https:\/\/bocimx.com.mx\/inicio\/wp-json\/wp\/v2\/media\/881"}],"wp:attachment":[{"href":"https:\/\/bocimx.com.mx\/inicio\/wp-json\/wp\/v2\/media?parent=880"}],"wp:term":[{"taxonomy":"product_brand","embeddable":true,"href":"https:\/\/bocimx.com.mx\/inicio\/wp-json\/wp\/v2\/product_brand?post=880"},{"taxonomy":"product_cat","embeddable":true,"href":"https:\/\/bocimx.com.mx\/inicio\/wp-json\/wp\/v2\/product_cat?post=880"},{"taxonomy":"product_tag","embeddable":true,"href":"https:\/\/bocimx.com.mx\/inicio\/wp-json\/wp\/v2\/product_tag?post=880"}],"curies":[{"name":"wp","href":"https:\/\/api.w.org\/{rel}","templated":true}]}}