{"id":885,"date":"2025-07-11T10:13:07","date_gmt":"2025-07-11T16:13:07","guid":{"rendered":"https:\/\/bocimx.com.mx\/inicio\/?post_type=product&#038;p=885"},"modified":"2025-10-23T10:27:40","modified_gmt":"2025-10-23T16:27:40","slug":"bocina-mc-2208","status":"publish","type":"product","link":"https:\/\/bocimx.com.mx\/inicio\/product\/bocina-mc-2208\/","title":{"rendered":"Bocina MC-2208"},"content":{"rendered":"<p>Excelente calidad de sonido<br \/>\nAltavoces y diafragmas duales, efecto de sonido envolvente de 360, agudos fuertes y graves m\u00e1s impactantes, que te brindan un fest\u00edn musical inmersivo.<\/p>\n<p>Sistema de control de sonido EQ<br \/>\n3 ajustes de modo EQ. Proporciona frecuencia completa\/pop\/graves, 3 modos de efectos de sonido, que permiten a los usuarios cambiar f\u00e1cilmente entre diferentes estilos de m\u00fasica y disfrutar de una experiencia musical incomparable en cualquier momento.<\/p>\n<p>Excelente textura<br \/>\nSuperficie de malla met\u00e1lica, robusta y resistente a ca\u00eddas, equipada con un cord\u00f3n desmontable, el altavoz port\u00e1til se puede colgar en bicicletas, motocicletas, mochilas y tiendas de campa\u00f1a. Los oradores son regalos ideales.<\/p>\n<p>Funci\u00f3n TWS<br \/>\nPuede emparejar 2 altavoces Bluetooth para obtener un total de 32 vatios de sonido envolvente. Las salidas combinadas producen un sonido realista y est\u00e9reo completo.<\/p>\n<p>M\u00faltiples modos de compatibilidad<br \/>\nPuede cambiar entre diferentes opciones de conexi\u00f3n mediante Bluetooth, tarjeta USB o tarjeta TF, como tu quieras.<\/p>\n<p>Largo tiempo de duraci\u00f3n<br \/>\nLa bater\u00eda recargable incorporada 2000 mAh tiene una gran capacidad de energ\u00eda y puede jugar hasta 5 horas. Puede usarse al aire libre de manera segura y tiene m\u00e1s diversi\u00f3n.<\/p>\n<p>Par\u00e1metros<br \/>\nModelo de producto: MC-2208<br \/>\nTipo de altavoz: Altavoz Bluetooth inal\u00e1mbrico<br \/>\nEspecificaciones de los altavoces: 1,5 pulgadas \u00d7 2<br \/>\nVersi\u00f3n de Bluetooth: 5.1<br \/>\nFunciones compatibles: BT\/USB\/AUX\/TWS<br \/>\nNombre de Bluetooth: MC-2208<br \/>\nTensi\u00f3n nominal: CC 5 V.<br \/>\nPotencia nominal: 5W*2<br \/>\nTiempo de carga: 3-4 horas<br \/>\nCapacidad de la bater\u00eda: 2000 mAh<br \/>\nTama\u00f1o del producto: 77*77*178MM<br \/>\nPeso del producto: 0,6 KG<\/p>\n","protected":false},"excerpt":{"rendered":"<p class=\"ui-pdp-title\">Altavoz Bluetooth Inal\u00e1mbrico Port\u00e1til con Funci\u00f3n EQ, Subwoofer Bluetooth Bocina Recargable, Soporta Funci\u00f3n BT\/USB\/AUX\/TWS,20W,MC-2208<\/p>\n","protected":false},"featured_media":887,"template":"","meta":{"site-sidebar-layout":"default","site-content-layout":"","ast-site-content-layout":"default","site-content-style":"default","site-sidebar-style":"default","ast-global-header-display":"","ast-banner-title-visibility":"","ast-main-header-display":"","ast-hfb-above-header-display":"","ast-hfb-below-header-display":"","ast-hfb-mobile-header-display":"","site-post-title":"","ast-breadcrumbs-content":"","ast-featured-img":"","footer-sml-layout":"","ast-disable-related-posts":"","theme-transparent-header-meta":"","adv-header-id-meta":"","stick-header-meta":"","header-above-stick-meta":"","header-main-stick-meta":"","header-below-stick-meta":"","astra-migrate-meta-layouts":"default","ast-page-background-enabled":"default","ast-page-background-meta":{"desktop":{"background-color":"var(--ast-global-color-5)","background-image":"","background-repeat":"repeat","background-position":"center center","background-size":"auto","background-attachment":"scroll","background-type":"","background-media":"","overlay-type":"","overlay-color":"","overlay-opacity":"","overlay-gradient":""},"tablet":{"background-color":"","background-image":"","background-repeat":"repeat","background-position":"center center","background-size":"auto","background-attachment":"scroll","background-type":"","background-media":"","overlay-type":"","overlay-color":"","overlay-opacity":"","overlay-gradient":""},"mobile":{"background-color":"","background-image":"","background-repeat":"repeat","background-position":"center center","background-size":"auto","background-attachment":"scroll","background-type":"","background-media":"","overlay-type":"","overlay-color":"","overlay-opacity":"","overlay-gradient":""}},"ast-content-background-meta":{"desktop":{"background-color":"var(--ast-global-color-4)","background-image":"","background-repeat":"repeat","background-position":"center center","background-size":"auto","background-attachment":"scroll","background-type":"","background-media":"","overlay-type":"","overlay-color":"","overlay-opacity":"","overlay-gradient":""},"tablet":{"background-color":"var(--ast-global-color-4)","background-image":"","background-repeat":"repeat","background-position":"center center","background-size":"auto","background-attachment":"scroll","background-type":"","background-media":"","overlay-type":"","overlay-color":"","overlay-opacity":"","overlay-gradient":""},"mobile":{"background-color":"var(--ast-global-color-4)","background-image":"","background-repeat":"repeat","background-position":"center center","background-size":"auto","background-attachment":"scroll","background-type":"","background-media":"","overlay-type":"","overlay-color":"","overlay-opacity":"","overlay-gradient":""}}},"product_brand":[],"product_cat":[42],"product_tag":[],"class_list":{"0":"post-885","1":"product","2":"type-product","3":"status-publish","4":"has-post-thumbnail","6":"product_cat-bocinas","7":"product_shipping_class-ligero","8":"desktop-align-left","9":"tablet-align-left","10":"mobile-align-left","12":"first","13":"outofstock","14":"shipping-taxable","15":"purchasable","16":"product-type-simple"},"_links":{"self":[{"href":"https:\/\/bocimx.com.mx\/inicio\/wp-json\/wp\/v2\/product\/885","targetHints":{"allow":["GET"]}}],"collection":[{"href":"https:\/\/bocimx.com.mx\/inicio\/wp-json\/wp\/v2\/product"}],"about":[{"href":"https:\/\/bocimx.com.mx\/inicio\/wp-json\/wp\/v2\/types\/product"}],"wp:featuredmedia":[{"embeddable":true,"href":"https:\/\/bocimx.com.mx\/inicio\/wp-json\/wp\/v2\/media\/887"}],"wp:attachment":[{"href":"https:\/\/bocimx.com.mx\/inicio\/wp-json\/wp\/v2\/media?parent=885"}],"wp:term":[{"taxonomy":"product_brand","embeddable":true,"href":"https:\/\/bocimx.com.mx\/inicio\/wp-json\/wp\/v2\/product_brand?post=885"},{"taxonomy":"product_cat","embeddable":true,"href":"https:\/\/bocimx.com.mx\/inicio\/wp-json\/wp\/v2\/product_cat?post=885"},{"taxonomy":"product_tag","embeddable":true,"href":"https:\/\/bocimx.com.mx\/inicio\/wp-json\/wp\/v2\/product_tag?post=885"}],"curies":[{"name":"wp","href":"https:\/\/api.w.org\/{rel}","templated":true}]}}