{"id":891,"date":"2025-07-11T10:23:52","date_gmt":"2025-07-11T16:23:52","guid":{"rendered":"https:\/\/bocimx.com.mx\/inicio\/?post_type=product&#038;p=891"},"modified":"2025-10-23T10:28:20","modified_gmt":"2025-10-23T16:28:20","slug":"bocina-g7","status":"publish","type":"product","link":"https:\/\/bocimx.com.mx\/inicio\/product\/bocina-g7\/","title":{"rendered":"Bocina MC-G7"},"content":{"rendered":"<p>Sonido envolvente est\u00e9reo de 360<br \/>\nDos potentes altavoces magn\u00e9ticos de 8 vatios, los canales izquierdo y derecho est\u00e1n separados seg\u00fan los gabinetes, lo que hace que las capas sean m\u00e1s realistas y delicadas, produciendo un efecto de campo sonoro m\u00e1s tridimensional. El efecto de sonido es claro y natural, completo y hermoso, y el. El sonido es fuerte,lo que te sumerge en la escena.<\/p>\n<p>Luces RGB geniales<br \/>\nEl dise\u00f1o exclusivo de la forma de apagado y el efecto de apagado sincronizado con la m\u00fasica pueden agregar atm\u00f3sfera a la m\u00fasica, ver pel\u00edculas y jugar. Se pueden cambiar m\u00faltiples modos de apagado de luz a voluntad. No es solo un altavoz, sino tambi\u00e9n una luz decorativa en su escritorio.<\/p>\n<p>Ampliamente compatible, admite cable USB y conexi\u00f3n Bluetooth<br \/>\nbocinas para computadora, conexi\u00f3n de cable USB, plug and play, lo que significa que no necesita instalar controladores complicados. Simplemente conecte el cable USB a su dispositivo para alimentarlo y conecte su dispositivo para comenzar a disfrutar de su m\u00fasica favorita. Compatible con ordenadores, port\u00e1tiles, tel\u00e9fonos m\u00f3viles, tablets y proyectores.<\/p>\n<p>Compacto y port\u00e1til<br \/>\nEl dise\u00f1o compacto facilita su colocaci\u00f3n, no ocupa espacio dondequiera que lo coloque y le brinda un escritorio limpio y ordenado.<\/p>\n<p>Ajuste de control de cable independiente<br \/>\nDise\u00f1o de control por cable, botones independientes de apagado de luz, volumen y modo de reproducci\u00f3n. Haz que disfrutar de la m\u00fasica sea m\u00e1s c\u00f3modo.<\/p>\n<p>Especificaciones<br \/>\nModelo de producto: MC-G7<br \/>\nTipo de bocina: bocinas para pc<br \/>\nEspecificaciones de los altavoces: 2,5 pulgadas x2<br \/>\nVersi\u00f3n de Bluetooth: 5.3<br \/>\nFunci\u00f3n de soporte: BT\/2,0 USB<br \/>\nDistancia de Bluetooth: unos 10 metros<br \/>\nNombre de Bluetooth: MC-G7<br \/>\nTensi\u00f3n nominal: CC 5 V.<br \/>\nPotencia nominal: 8Wx2<br \/>\nTama\u00f1o del producto: 90W*103H*190D mil\u00edmetro<br \/>\nPeso del producto: 0,56 KG<\/p>\n","protected":false},"excerpt":{"rendered":"<p id=\"title\" class=\"a-size-large a-spacing-none\"><span id=\"productTitle\" class=\"a-size-large product-title-word-break\">Bocinas para PC 2 Pack Altavoces para PC RGB Bocinas Bluetooth Inal\u00e1mbricas con Cable USB Bocinas PC Gamer Bocinas para Computadora Tableta tel\u00e9fono m\u00f3vil Computadora Port\u00e1til<\/span><\/p>\n","protected":false},"featured_media":892,"template":"","meta":{"site-sidebar-layout":"default","site-content-layout":"","ast-site-content-layout":"default","site-content-style":"default","site-sidebar-style":"default","ast-global-header-display":"","ast-banner-title-visibility":"","ast-main-header-display":"","ast-hfb-above-header-display":"","ast-hfb-below-header-display":"","ast-hfb-mobile-header-display":"","site-post-title":"","ast-breadcrumbs-content":"","ast-featured-img":"","footer-sml-layout":"","ast-disable-related-posts":"","theme-transparent-header-meta":"","adv-header-id-meta":"","stick-header-meta":"","header-above-stick-meta":"","header-main-stick-meta":"","header-below-stick-meta":"","astra-migrate-meta-layouts":"default","ast-page-background-enabled":"default","ast-page-background-meta":{"desktop":{"background-color":"var(--ast-global-color-5)","background-image":"","background-repeat":"repeat","background-position":"center center","background-size":"auto","background-attachment":"scroll","background-type":"","background-media":"","overlay-type":"","overlay-color":"","overlay-opacity":"","overlay-gradient":""},"tablet":{"background-color":"","background-image":"","background-repeat":"repeat","background-position":"center center","background-size":"auto","background-attachment":"scroll","background-type":"","background-media":"","overlay-type":"","overlay-color":"","overlay-opacity":"","overlay-gradient":""},"mobile":{"background-color":"","background-image":"","background-repeat":"repeat","background-position":"center center","background-size":"auto","background-attachment":"scroll","background-type":"","background-media":"","overlay-type":"","overlay-color":"","overlay-opacity":"","overlay-gradient":""}},"ast-content-background-meta":{"desktop":{"background-color":"var(--ast-global-color-4)","background-image":"","background-repeat":"repeat","background-position":"center center","background-size":"auto","background-attachment":"scroll","background-type":"","background-media":"","overlay-type":"","overlay-color":"","overlay-opacity":"","overlay-gradient":""},"tablet":{"background-color":"var(--ast-global-color-4)","background-image":"","background-repeat":"repeat","background-position":"center center","background-size":"auto","background-attachment":"scroll","background-type":"","background-media":"","overlay-type":"","overlay-color":"","overlay-opacity":"","overlay-gradient":""},"mobile":{"background-color":"var(--ast-global-color-4)","background-image":"","background-repeat":"repeat","background-position":"center center","background-size":"auto","background-attachment":"scroll","background-type":"","background-media":"","overlay-type":"","overlay-color":"","overlay-opacity":"","overlay-gradient":""}}},"product_brand":[],"product_cat":[42],"product_tag":[],"class_list":{"0":"post-891","1":"product","2":"type-product","3":"status-publish","4":"has-post-thumbnail","6":"product_cat-bocinas","7":"product_shipping_class-ligero","8":"desktop-align-left","9":"tablet-align-left","10":"mobile-align-left","12":"first","13":"outofstock","14":"shipping-taxable","15":"purchasable","16":"product-type-simple"},"_links":{"self":[{"href":"https:\/\/bocimx.com.mx\/inicio\/wp-json\/wp\/v2\/product\/891","targetHints":{"allow":["GET"]}}],"collection":[{"href":"https:\/\/bocimx.com.mx\/inicio\/wp-json\/wp\/v2\/product"}],"about":[{"href":"https:\/\/bocimx.com.mx\/inicio\/wp-json\/wp\/v2\/types\/product"}],"wp:featuredmedia":[{"embeddable":true,"href":"https:\/\/bocimx.com.mx\/inicio\/wp-json\/wp\/v2\/media\/892"}],"wp:attachment":[{"href":"https:\/\/bocimx.com.mx\/inicio\/wp-json\/wp\/v2\/media?parent=891"}],"wp:term":[{"taxonomy":"product_brand","embeddable":true,"href":"https:\/\/bocimx.com.mx\/inicio\/wp-json\/wp\/v2\/product_brand?post=891"},{"taxonomy":"product_cat","embeddable":true,"href":"https:\/\/bocimx.com.mx\/inicio\/wp-json\/wp\/v2\/product_cat?post=891"},{"taxonomy":"product_tag","embeddable":true,"href":"https:\/\/bocimx.com.mx\/inicio\/wp-json\/wp\/v2\/product_tag?post=891"}],"curies":[{"name":"wp","href":"https:\/\/api.w.org\/{rel}","templated":true}]}}