{"id":904,"date":"2025-07-11T11:58:16","date_gmt":"2025-07-11T17:58:16","guid":{"rendered":"https:\/\/bocimx.com.mx\/inicio\/?post_type=product&#038;p=904"},"modified":"2025-09-15T14:01:39","modified_gmt":"2025-09-15T20:01:39","slug":"almohada-brz-m","status":"publish","type":"product","link":"https:\/\/bocimx.com.mx\/inicio\/product\/almohada-brz-m\/","title":{"rendered":"Almohada BRZ-M"},"content":{"rendered":"<ul class=\"a-unordered-list a-vertical a-spacing-mini\">\n<li class=\"a-spacing-mini\"><span class=\"a-list-item\">Dise\u00f1o original para mayor comodidad: nuestra almohada de lactancia est\u00e1 cuidadosamente dise\u00f1ada para proporcionar un gran apoyo tanto para la mam\u00e1 como para el beb\u00e9 durante la lactancia y la alimentaci\u00f3n con biber\u00f3n. Al promover una mejor postura, alivia la presi\u00f3n de los hombros y el cuello, haciendo que la experiencia de lactancia materna de cada madre sea m\u00e1s f\u00e1cil, feliz y sin dolor.<\/span><\/li>\n<li class=\"a-spacing-mini\"><span class=\"a-list-item\">Correa de cintura ajustable para un ajuste seguro: nuestra almohada de lactancia viene equipada con una correa de cintura ajustable, proporcionando una posici\u00f3n segura e ideal que elimina el espacio entre mam\u00e1 y beb\u00e9. Esta funci\u00f3n permite a las mam\u00e1s liberar una mano para realizar m\u00faltiples tareas mientras amamantan.<\/span><\/li>\n<li class=\"a-spacing-mini\"><span class=\"a-list-item\">Multiusos y vers\u00e1tiles: nuestra almohada de lactancia est\u00e1 dise\u00f1ada para acompa\u00f1ar el crecimiento del beb\u00e9, sirviendo para varios prop\u00f3sitos, desde la alimentaci\u00f3n (0+ meses) hasta el apoyo (m\u00e1s de 3 meses), tiempo boca abajo (m\u00e1s de 6 meses) y sentado (m\u00e1s de 9 meses). Su multifuncionalidad lo convierte en un art\u00edculo imprescindible y el regalo perfecto para cualquier baby shower.<\/span><\/li>\n<li class=\"a-spacing-mini\"><span class=\"a-list-item\">Preferido por profesionales: nuestra almohada de lactancia ha ganado popularidad entre los profesionales y se ha convertido en un art\u00edculo de registro codiciado. Su dise\u00f1o adorable y original, junto con sus beneficios pr\u00e1cticos, lo convierte en una opci\u00f3n ideal para amigos y familiares que buscan apoyar a las nuevas madres de manera efectiva.<\/span><\/li>\n<li class=\"a-spacing-mini\"><span class=\"a-list-item\">Imprescindible para la guarder\u00eda: mejora tu experiencia de lactancia con nuestra almohada de lactancia esencial, un art\u00edculo imprescindible y el regalo perfecto para cualquier baby shower. Dise\u00f1ada para proporcionar la m\u00e1xima comodidad y apoyo, esta almohada garantiza que las madres ya no tengan que doblarse inc\u00f3modamente, lo que permite una lactancia materna m\u00e1s f\u00e1cil con la espalda recta. Adem\u00e1s, ofrece una asistencia invaluable a los miembros de la familia que desean sostener al beb\u00e9 de forma segura.<\/span><\/li>\n<\/ul>\n","protected":false},"excerpt":{"rendered":"<p class=\"p1\">Almohada de embarazo de algod\u00f3n puro, con forro de fibra de poli\u00e9ster, relleno de fibra de poli\u00e9ster (algod\u00f3n PP). Suave al tacto y de gran ayuda durante el embarazo.<\/p>\n","protected":false},"featured_media":905,"template":"","meta":{"site-sidebar-layout":"default","site-content-layout":"","ast-site-content-layout":"default","site-content-style":"default","site-sidebar-style":"default","ast-global-header-display":"","ast-banner-title-visibility":"","ast-main-header-display":"","ast-hfb-above-header-display":"","ast-hfb-below-header-display":"","ast-hfb-mobile-header-display":"","site-post-title":"","ast-breadcrumbs-content":"","ast-featured-img":"","footer-sml-layout":"","ast-disable-related-posts":"","theme-transparent-header-meta":"","adv-header-id-meta":"","stick-header-meta":"","header-above-stick-meta":"","header-main-stick-meta":"","header-below-stick-meta":"","astra-migrate-meta-layouts":"default","ast-page-background-enabled":"default","ast-page-background-meta":{"desktop":{"background-color":"var(--ast-global-color-5)","background-image":"","background-repeat":"repeat","background-position":"center center","background-size":"auto","background-attachment":"scroll","background-type":"","background-media":"","overlay-type":"","overlay-color":"","overlay-opacity":"","overlay-gradient":""},"tablet":{"background-color":"","background-image":"","background-repeat":"repeat","background-position":"center center","background-size":"auto","background-attachment":"scroll","background-type":"","background-media":"","overlay-type":"","overlay-color":"","overlay-opacity":"","overlay-gradient":""},"mobile":{"background-color":"","background-image":"","background-repeat":"repeat","background-position":"center center","background-size":"auto","background-attachment":"scroll","background-type":"","background-media":"","overlay-type":"","overlay-color":"","overlay-opacity":"","overlay-gradient":""}},"ast-content-background-meta":{"desktop":{"background-color":"var(--ast-global-color-4)","background-image":"","background-repeat":"repeat","background-position":"center center","background-size":"auto","background-attachment":"scroll","background-type":"","background-media":"","overlay-type":"","overlay-color":"","overlay-opacity":"","overlay-gradient":""},"tablet":{"background-color":"var(--ast-global-color-4)","background-image":"","background-repeat":"repeat","background-position":"center center","background-size":"auto","background-attachment":"scroll","background-type":"","background-media":"","overlay-type":"","overlay-color":"","overlay-opacity":"","overlay-gradient":""},"mobile":{"background-color":"var(--ast-global-color-4)","background-image":"","background-repeat":"repeat","background-position":"center center","background-size":"auto","background-attachment":"scroll","background-type":"","background-media":"","overlay-type":"","overlay-color":"","overlay-opacity":"","overlay-gradient":""}}},"product_brand":[],"product_cat":[43],"product_tag":[],"class_list":{"0":"post-904","1":"product","2":"type-product","3":"status-publish","4":"has-post-thumbnail","6":"product_cat-almohadas","7":"desktop-align-left","8":"tablet-align-left","9":"mobile-align-left","11":"first","12":"instock","13":"shipping-taxable","14":"purchasable","15":"product-type-simple"},"_links":{"self":[{"href":"https:\/\/bocimx.com.mx\/inicio\/wp-json\/wp\/v2\/product\/904","targetHints":{"allow":["GET"]}}],"collection":[{"href":"https:\/\/bocimx.com.mx\/inicio\/wp-json\/wp\/v2\/product"}],"about":[{"href":"https:\/\/bocimx.com.mx\/inicio\/wp-json\/wp\/v2\/types\/product"}],"wp:featuredmedia":[{"embeddable":true,"href":"https:\/\/bocimx.com.mx\/inicio\/wp-json\/wp\/v2\/media\/905"}],"wp:attachment":[{"href":"https:\/\/bocimx.com.mx\/inicio\/wp-json\/wp\/v2\/media?parent=904"}],"wp:term":[{"taxonomy":"product_brand","embeddable":true,"href":"https:\/\/bocimx.com.mx\/inicio\/wp-json\/wp\/v2\/product_brand?post=904"},{"taxonomy":"product_cat","embeddable":true,"href":"https:\/\/bocimx.com.mx\/inicio\/wp-json\/wp\/v2\/product_cat?post=904"},{"taxonomy":"product_tag","embeddable":true,"href":"https:\/\/bocimx.com.mx\/inicio\/wp-json\/wp\/v2\/product_tag?post=904"}],"curies":[{"name":"wp","href":"https:\/\/api.w.org\/{rel}","templated":true}]}}