{"id":908,"date":"2025-07-11T12:26:17","date_gmt":"2025-07-11T18:26:17","guid":{"rendered":"https:\/\/bocimx.com.mx\/inicio\/?post_type=product&#038;p=908"},"modified":"2025-09-15T14:01:09","modified_gmt":"2025-09-15T20:01:09","slug":"almohada-byz-r","status":"publish","type":"product","link":"https:\/\/bocimx.com.mx\/inicio\/product\/almohada-byz-r\/","title":{"rendered":"Almohada BYZ-R"},"content":{"rendered":"<ul class=\"a-unordered-list a-vertical a-spacing-mini\">\n<li class=\"a-spacing-mini\"><span class=\"a-list-item\">La almohada embarazada dormir se adapta al contorno y la forma natural de su cuerpo y brinda un soporte c\u00f3modo para el est\u00f3mago y la cintura de la mujer embarazada. Con un dise\u00f1o de partes m\u00f3viles, puede ajustar f\u00e1cilmente la distancia entre las dos cu\u00f1as para encontrar una posici\u00f3n c\u00f3moda a medida que su beb\u00e9 crece durante el embarazo.<\/span><\/li>\n<li class=\"a-spacing-mini\"><span class=\"a-list-item\">Relleno: relleno de algod\u00f3n 100% hueco con alto rebote, que puede recuperarse despu\u00e9s de tres segundos de apretar. Brinda comodidad para dormir lateralmente con un mejor rendimiento y una vida \u00fatil m\u00e1s prolongada.<\/span><\/li>\n<li class=\"a-spacing-mini\"><span class=\"a-list-item\">Nuestra almohada de cuerpo completo es adecuada para mujeres embarazadas, personas que duermen de lado y personas que duermen boca arriba. No tienes que estar embarazada para usarlo, tambi\u00e9n es una almohada de lactancia. Se transforma en una almohada para crear una postura relajante para ti cuando duermes en casa, miras televisi\u00f3n\/pel\u00edculas, lees, descansas, juegas y trabajas.<\/span><\/li>\n<li class=\"a-spacing-mini\"><span class=\"a-list-item\">La almohada de maternidad y la funda de la almohada son removibles para facilitar el cuidado. El material de jersey ultrasuave est\u00e1 cerca de la piel y es transpirable. Abra el envase al vac\u00edo, coloque el coj\u00edn de lactancia durante 24 horas o exp\u00f3ngalo al sol durante 8 horas para que recupere su elasticidad.<\/span><\/li>\n<\/ul>\n","protected":false},"excerpt":{"rendered":"<p class=\"p1\">Almohada de embarazo de terciopelo cristal, con forro de fibra de poli\u00e9ster, relleno de fibra de poli\u00e9ster (algod\u00f3n PP). Suave al tacto y de gran ayuda durante el embarazo.<\/p>\n","protected":false},"featured_media":909,"template":"","meta":{"site-sidebar-layout":"default","site-content-layout":"","ast-site-content-layout":"default","site-content-style":"default","site-sidebar-style":"default","ast-global-header-display":"","ast-banner-title-visibility":"","ast-main-header-display":"","ast-hfb-above-header-display":"","ast-hfb-below-header-display":"","ast-hfb-mobile-header-display":"","site-post-title":"","ast-breadcrumbs-content":"","ast-featured-img":"","footer-sml-layout":"","ast-disable-related-posts":"","theme-transparent-header-meta":"","adv-header-id-meta":"","stick-header-meta":"","header-above-stick-meta":"","header-main-stick-meta":"","header-below-stick-meta":"","astra-migrate-meta-layouts":"default","ast-page-background-enabled":"default","ast-page-background-meta":{"desktop":{"background-color":"var(--ast-global-color-5)","background-image":"","background-repeat":"repeat","background-position":"center center","background-size":"auto","background-attachment":"scroll","background-type":"","background-media":"","overlay-type":"","overlay-color":"","overlay-opacity":"","overlay-gradient":""},"tablet":{"background-color":"","background-image":"","background-repeat":"repeat","background-position":"center center","background-size":"auto","background-attachment":"scroll","background-type":"","background-media":"","overlay-type":"","overlay-color":"","overlay-opacity":"","overlay-gradient":""},"mobile":{"background-color":"","background-image":"","background-repeat":"repeat","background-position":"center center","background-size":"auto","background-attachment":"scroll","background-type":"","background-media":"","overlay-type":"","overlay-color":"","overlay-opacity":"","overlay-gradient":""}},"ast-content-background-meta":{"desktop":{"background-color":"var(--ast-global-color-4)","background-image":"","background-repeat":"repeat","background-position":"center center","background-size":"auto","background-attachment":"scroll","background-type":"","background-media":"","overlay-type":"","overlay-color":"","overlay-opacity":"","overlay-gradient":""},"tablet":{"background-color":"var(--ast-global-color-4)","background-image":"","background-repeat":"repeat","background-position":"center center","background-size":"auto","background-attachment":"scroll","background-type":"","background-media":"","overlay-type":"","overlay-color":"","overlay-opacity":"","overlay-gradient":""},"mobile":{"background-color":"var(--ast-global-color-4)","background-image":"","background-repeat":"repeat","background-position":"center center","background-size":"auto","background-attachment":"scroll","background-type":"","background-media":"","overlay-type":"","overlay-color":"","overlay-opacity":"","overlay-gradient":""}}},"product_brand":[],"product_cat":[43],"product_tag":[],"class_list":{"0":"post-908","1":"product","2":"type-product","3":"status-publish","4":"has-post-thumbnail","6":"product_cat-almohadas","7":"desktop-align-left","8":"tablet-align-left","9":"mobile-align-left","11":"first","12":"instock","13":"shipping-taxable","14":"purchasable","15":"product-type-simple"},"_links":{"self":[{"href":"https:\/\/bocimx.com.mx\/inicio\/wp-json\/wp\/v2\/product\/908","targetHints":{"allow":["GET"]}}],"collection":[{"href":"https:\/\/bocimx.com.mx\/inicio\/wp-json\/wp\/v2\/product"}],"about":[{"href":"https:\/\/bocimx.com.mx\/inicio\/wp-json\/wp\/v2\/types\/product"}],"wp:featuredmedia":[{"embeddable":true,"href":"https:\/\/bocimx.com.mx\/inicio\/wp-json\/wp\/v2\/media\/909"}],"wp:attachment":[{"href":"https:\/\/bocimx.com.mx\/inicio\/wp-json\/wp\/v2\/media?parent=908"}],"wp:term":[{"taxonomy":"product_brand","embeddable":true,"href":"https:\/\/bocimx.com.mx\/inicio\/wp-json\/wp\/v2\/product_brand?post=908"},{"taxonomy":"product_cat","embeddable":true,"href":"https:\/\/bocimx.com.mx\/inicio\/wp-json\/wp\/v2\/product_cat?post=908"},{"taxonomy":"product_tag","embeddable":true,"href":"https:\/\/bocimx.com.mx\/inicio\/wp-json\/wp\/v2\/product_tag?post=908"}],"curies":[{"name":"wp","href":"https:\/\/api.w.org\/{rel}","templated":true}]}}