{"id":912,"date":"2025-07-11T12:51:55","date_gmt":"2025-07-11T18:51:55","guid":{"rendered":"https:\/\/bocimx.com.mx\/inicio\/?post_type=product&#038;p=912"},"modified":"2025-12-29T16:24:12","modified_gmt":"2025-12-29T22:24:12","slug":"almohada-cr-hl","status":"publish","type":"product","link":"https:\/\/bocimx.com.mx\/inicio\/product\/almohada-cr-hl\/","title":{"rendered":"Almohada CR-HL"},"content":{"rendered":"<ul class=\"a-unordered-list a-vertical a-spacing-mini\">\n<li class=\"a-spacing-mini\"><span class=\"a-list-item\">La mejor almohada para el embarazo: como una almohada antidolor de cuerpo completo de almohadas de embarazo para dormir boca abajo, la almohada corporal del embarazo abraza todo tu cuerpo y se adapta a ambos lados, apoyando perfectamente la cabeza, cuello, brazos, vientre, rodillas y pies para liberar tu presi\u00f3n corporal y alivia el dolor de espalda, dolor de espalda, hinchaz\u00f3n de piernas, dolor de tobillo, dolor de cadera.<\/span><\/li>\n<li class=\"a-spacing-mini\"><span class=\"a-list-item\">Almohada de apoyo al embarazo: el embarazo debe tener una almohada corporal para el embarazo de maternidad para adultos que ofrece apoyo corporal y relajaci\u00f3n como una almohada de embarazo que es id\u00e9ntica a otras almohadas de embarazo. Las almohadas de embarazo que debe tener el embarazo pueden conducir a un estado mientras se usan almohadas corporales para el embarazo para dormir. Especialmente como almohadas embarazadas para dormir cuando entra en almohadas embarazadas para dormir en forma de C.<\/span><\/li>\n<li class=\"a-spacing-mini\"><span class=\"a-list-item\">Almohadas multiusos para el embarazo: en comparaci\u00f3n con otras almohadas de embarazo en forma de C como almohada de embarazo, la almohada de embarazo de maternidad corporal no es solo una almohada de embarazo que se enfr\u00eda para dormir dise\u00f1ada para mujeres embarazadas o madres lactantes, sino tambi\u00e9n una almohada de embarazo de cuerpo completo que debe tener el embarazo y la gente quiere dormir mejor que necesita almohadas de embarazo. Especialmente podr\u00eda ser un regalo de embarazo para madres por primera vez.<\/span><\/li>\n<li class=\"a-spacing-mini\"><span class=\"a-list-item\">Relleno de alta calidad en almohada embarazada: la almohada embarazada con forma de C rellena con relleno que proporciona extra suave y de alta densidad, as\u00ed como almohadas embarazadas para dormir, almohadas de embarazo en forma de C para dormir, almohadas de maternidad para dormir, almohada de maternidad para dormir, almohada de maternidad. Tambi\u00e9n puede ser un regalo de embarazo para madres por primera vez, se puede organizar cuando despu\u00e9s de la lista de art\u00edculos de boda. Esta almohada larga tambi\u00e9n se puede utilizar como decoraci\u00f3n de habitaci\u00f3n.<\/span><\/li>\n<li class=\"a-spacing-mini\"><span class=\"a-list-item\">Funda de almohada extra\u00edble y lavable: esta almohada de cuerpo completo para adultos que el embarazo debe tener como almohadas embarazadas para dormir con cremalleras en ambos lados, la funda de almohadas de embarazo nunca se agrupar\u00e1, incluso despu\u00e9s de repetidos lavados, por lo que puedes esperar una comodidad limpia y duradera para dormir y simplemente arroja la almohada de maternidad para mujeres embarazadas en una lavadora y secadora normales para limpiar. Almohada de maternidad sin complicaciones en forma de C<\/span><\/li>\n<\/ul>\n","protected":false},"excerpt":{"rendered":"<p class=\"p1\">Almohada de embarazo de terciopelo cristal, con forro de fibra de poli\u00e9ster, relleno de fibra de poli\u00e9ster (algod\u00f3n PP). Suave al tacto y de gran ayuda durante el embarazo.<\/p>\n","protected":false},"featured_media":913,"template":"","meta":{"site-sidebar-layout":"default","site-content-layout":"","ast-site-content-layout":"default","site-content-style":"default","site-sidebar-style":"default","ast-global-header-display":"","ast-banner-title-visibility":"","ast-main-header-display":"","ast-hfb-above-header-display":"","ast-hfb-below-header-display":"","ast-hfb-mobile-header-display":"","site-post-title":"","ast-breadcrumbs-content":"","ast-featured-img":"","footer-sml-layout":"","ast-disable-related-posts":"","theme-transparent-header-meta":"","adv-header-id-meta":"","stick-header-meta":"","header-above-stick-meta":"","header-main-stick-meta":"","header-below-stick-meta":"","astra-migrate-meta-layouts":"default","ast-page-background-enabled":"default","ast-page-background-meta":{"desktop":{"background-color":"var(--ast-global-color-5)","background-image":"","background-repeat":"repeat","background-position":"center center","background-size":"auto","background-attachment":"scroll","background-type":"","background-media":"","overlay-type":"","overlay-color":"","overlay-opacity":"","overlay-gradient":""},"tablet":{"background-color":"","background-image":"","background-repeat":"repeat","background-position":"center center","background-size":"auto","background-attachment":"scroll","background-type":"","background-media":"","overlay-type":"","overlay-color":"","overlay-opacity":"","overlay-gradient":""},"mobile":{"background-color":"","background-image":"","background-repeat":"repeat","background-position":"center center","background-size":"auto","background-attachment":"scroll","background-type":"","background-media":"","overlay-type":"","overlay-color":"","overlay-opacity":"","overlay-gradient":""}},"ast-content-background-meta":{"desktop":{"background-color":"var(--ast-global-color-4)","background-image":"","background-repeat":"repeat","background-position":"center center","background-size":"auto","background-attachment":"scroll","background-type":"","background-media":"","overlay-type":"","overlay-color":"","overlay-opacity":"","overlay-gradient":""},"tablet":{"background-color":"var(--ast-global-color-4)","background-image":"","background-repeat":"repeat","background-position":"center center","background-size":"auto","background-attachment":"scroll","background-type":"","background-media":"","overlay-type":"","overlay-color":"","overlay-opacity":"","overlay-gradient":""},"mobile":{"background-color":"var(--ast-global-color-4)","background-image":"","background-repeat":"repeat","background-position":"center center","background-size":"auto","background-attachment":"scroll","background-type":"","background-media":"","overlay-type":"","overlay-color":"","overlay-opacity":"","overlay-gradient":""}}},"product_brand":[],"product_cat":[43],"product_tag":[],"class_list":{"0":"post-912","1":"product","2":"type-product","3":"status-publish","4":"has-post-thumbnail","6":"product_cat-almohadas","7":"product_shipping_class-ligero-medio","8":"desktop-align-left","9":"tablet-align-left","10":"mobile-align-left","12":"first","13":"instock","14":"shipping-taxable","15":"purchasable","16":"product-type-simple"},"_links":{"self":[{"href":"https:\/\/bocimx.com.mx\/inicio\/wp-json\/wp\/v2\/product\/912","targetHints":{"allow":["GET"]}}],"collection":[{"href":"https:\/\/bocimx.com.mx\/inicio\/wp-json\/wp\/v2\/product"}],"about":[{"href":"https:\/\/bocimx.com.mx\/inicio\/wp-json\/wp\/v2\/types\/product"}],"wp:featuredmedia":[{"embeddable":true,"href":"https:\/\/bocimx.com.mx\/inicio\/wp-json\/wp\/v2\/media\/913"}],"wp:attachment":[{"href":"https:\/\/bocimx.com.mx\/inicio\/wp-json\/wp\/v2\/media?parent=912"}],"wp:term":[{"taxonomy":"product_brand","embeddable":true,"href":"https:\/\/bocimx.com.mx\/inicio\/wp-json\/wp\/v2\/product_brand?post=912"},{"taxonomy":"product_cat","embeddable":true,"href":"https:\/\/bocimx.com.mx\/inicio\/wp-json\/wp\/v2\/product_cat?post=912"},{"taxonomy":"product_tag","embeddable":true,"href":"https:\/\/bocimx.com.mx\/inicio\/wp-json\/wp\/v2\/product_tag?post=912"}],"curies":[{"name":"wp","href":"https:\/\/api.w.org\/{rel}","templated":true}]}}