{"id":945,"date":"2025-07-11T15:08:06","date_gmt":"2025-07-11T21:08:06","guid":{"rendered":"https:\/\/bocimx.com.mx\/inicio\/?post_type=product&#038;p=945"},"modified":"2025-12-29T16:46:58","modified_gmt":"2025-12-29T22:46:58","slug":"almohada-jr-hl","status":"publish","type":"product","link":"https:\/\/bocimx.com.mx\/inicio\/product\/almohada-jr-hl\/","title":{"rendered":"Almohada JR-HL"},"content":{"rendered":"<div id=\"featurebullets_feature_div\" class=\"celwidget\" data-feature-name=\"featurebullets\" data-csa-c-type=\"widget\" data-csa-c-content-id=\"featurebullets\" data-csa-c-slot-id=\"featurebullets_feature_div\" data-csa-c-asin=\"B0D2ZRB8H5\" data-csa-c-is-in-initial-active-row=\"false\" data-csa-c-id=\"6hlm69-3bodl0-4w50yk-3y10dm\" data-cel-widget=\"featurebullets_feature_div\">\n<div id=\"feature-bullets\" class=\"a-section a-spacing-medium a-spacing-top-small\">\n<ul class=\"a-unordered-list a-vertical a-spacing-mini\">\n<li class=\"a-spacing-mini\"><span class=\"a-list-item\">Almohada de cuerpo completo para mujeres embarazadas: Hemos dise\u00f1ado un tama\u00f1o m\u00e1s grande y relleno m\u00e1s completo para apoyar perfectamente todo tu cuerpo. proporciona un apoyo total a tu cabeza, espalda, caderas y piernas, almohadas de maternidad para dormir todo el cuerpo. El embarazo debe tener almohada corporal embarazada almohadas para dormir te ayudan a decir adi\u00f3s a los dolores y dolores del embarazo<\/span><\/li>\n<li class=\"a-spacing-mini\"><span class=\"a-list-item\">Relleno de alta calidad y lavable extra\u00edble: como una almohada corporal en forma de U para mujeres embarazadas, adem\u00e1s de proporcionar comodidad, la almohada refrescante para el embarazo tambi\u00e9n tiene buena practicidad, la funda de almohada para embarazadas es extra\u00edble y lavable a m\u00e1quina. Simplemente coloca la funda en la lavadora para una sensaci\u00f3n fresca cuando sea necesario, despu\u00e9s de eso, puedes esperar una almohada de maternidad limpia y duradera.<\/span><\/li>\n<li class=\"a-spacing-mini\"><span class=\"a-list-item\">Almohada de maternidad multiusos: no solo es una almohada corporal de embarazo para dormir, sino tambi\u00e9n una almohada corporal de maternidad para leer, alimentar o relajarse, las almohadas de embarazo para dormir y refrescarse tambi\u00e9n son una buena almohada para dormir de lado. Por supuesto, se puede utilizar como una almohada relajante de cuerpo completo en tu cama o sof\u00e1 cuando est\u00e1s cansada, la almohada embarazada tambi\u00e9n es el regalo perfecto para ti o para alguien que quiere dormir mejor.<\/span><\/li>\n<li class=\"a-spacing-mini\"><span class=\"a-list-item\">Hemos combinado el concepto de dise\u00f1o de la vieja almohada de embarazo U y C, y no solo hemos aumentado el tama\u00f1o, sino que agregamos m\u00e1s relleno de alta calidad, almohadas de embarazo refrescantes para darte un apoyo m\u00e1s c\u00f3modo en m\u00e1s \u00e1reas. Ayuda a aliviar las molestias asociadas con el embarazo, ci\u00e1tica, fibromialgia, reflujo g\u00e1strico y mucho m\u00e1s.<\/span><\/li>\n<li class=\"a-spacing-mini\"><span class=\"a-list-item\">M\u00e1s que una almohada de maternidad: la almohada corporal para el embarazo no es solo para mujeres embarazadas, sino para cualquier persona que necesite m\u00e1s apoyo, si necesitas una almohada para dormir de lado o m\u00e1s apoyo para tu cabeza, cuello, piernas y espalda mientras duermes, debes tener esta. Comienza con la almohada de maternidad, que soporta perfectamente todas las partes de tu cuerpo para una mejor noche de sue\u00f1o.<\/span><\/li>\n<li class=\"a-spacing-mini\"><span class=\"a-list-item\">La almohada de maternidad imprescindible para el embarazo es de alta calidad, vers\u00e1til en una, para proporcionar comodidad y apoyo para todo tu embarazo, si tienes alguna pregunta sobre nuestra almohada de embarazo, no dudes en ponerte en contacto con nosotros, responderemos y resolveremos tu problema en 12 horas, estamos muy felices de servirte.<\/span><\/li>\n<\/ul>\n<\/div>\n<\/div>\n<div id=\"productDetailsVoyagerAccordion_feature_div\" class=\"celwidget\" data-feature-name=\"productDetailsVoyagerAccordion\" data-csa-c-type=\"widget\" data-csa-c-content-id=\"productDetailsVoyagerAccordion\" data-csa-c-slot-id=\"productDetailsVoyagerAccordion_feature_div\" data-csa-c-asin=\"B0D2ZRB8H5\" data-csa-c-is-in-initial-active-row=\"false\" data-csa-c-id=\"255hde-wa7v25-entgnk-gypwxp\" data-cel-widget=\"productDetailsVoyagerAccordion_feature_div\"><\/div>\n<div id=\"provenanceCertifications_feature_div\" class=\"celwidget\" data-feature-name=\"provenanceCertifications\" data-csa-c-type=\"widget\" data-csa-c-content-id=\"provenanceCertifications\" data-csa-c-slot-id=\"provenanceCertifications_feature_div\" data-csa-c-asin=\"B0D2ZRB8H5\" data-csa-c-is-in-initial-active-row=\"false\" data-csa-c-id=\"b6lqo5-cojss1-pki5ot-jydmz6\" data-cel-widget=\"provenanceCertifications_feature_div\"><\/div>\n<div id=\"handmadeArtisanCard_feature_div\" class=\"celwidget\" data-feature-name=\"handmadeArtisanCard\" data-csa-c-type=\"widget\" data-csa-c-content-id=\"handmadeArtisanCard\" data-csa-c-slot-id=\"handmadeArtisanCard_feature_div\" data-csa-c-asin=\"B0D2ZRB8H5\" data-csa-c-is-in-initial-active-row=\"false\" data-csa-c-id=\"k2nmfs-ovdsx9-pa8k17-aonb61\" data-cel-widget=\"handmadeArtisanCard_feature_div\"><\/div>\n<div id=\"billOfMaterial_feature_div\" class=\"celwidget\" data-feature-name=\"billOfMaterial\" data-csa-c-type=\"widget\" data-csa-c-content-id=\"billOfMaterial\" data-csa-c-slot-id=\"billOfMaterial_feature_div\" data-csa-c-asin=\"B0D2ZRB8H5\" data-csa-c-is-in-initial-active-row=\"false\" data-csa-c-id=\"5rtxaq-76xlm2-7xl524-8wdrqt\" data-cel-widget=\"billOfMaterial_feature_div\"><\/div>\n<div id=\"customerReviewsAttribute_feature_div\" class=\"celwidget\" data-feature-name=\"customerReviewsAttribute\" data-csa-c-type=\"widget\" data-csa-c-content-id=\"customerReviewsAttribute\" data-csa-c-slot-id=\"customerReviewsAttribute_feature_div\" data-csa-c-asin=\"B0D2ZRB8H5\" data-csa-c-is-in-initial-active-row=\"false\" data-csa-c-id=\"hdi77n-j4lynq-zaonp0-1kxvut\" data-cel-widget=\"customerReviewsAttribute_feature_div\"><\/div>\n<div id=\"globalStoreInfoBullets_feature_div\" class=\"celwidget\" data-feature-name=\"globalStoreInfoBullets\" data-csa-c-type=\"widget\" data-csa-c-content-id=\"globalStoreInfoBullets\" data-csa-c-slot-id=\"globalStoreInfoBullets_feature_div\" data-csa-c-asin=\"B0D2ZRB8H5\" data-csa-c-is-in-initial-active-row=\"false\" data-csa-c-id=\"y3a1a8-b39sc1-mbo9nr-cbba6h\" data-cel-widget=\"globalStoreInfoBullets_feature_div\"><\/div>\n<div id=\"HLCXComparisonJumplink_feature_div\"><\/div>\n<div id=\"addOnItem_feature_div\" class=\"celwidget\" data-feature-name=\"addOnItem\" data-csa-c-type=\"widget\" data-csa-c-content-id=\"addOnItem\" data-csa-c-slot-id=\"addOnItem_feature_div\" data-csa-c-asin=\"B0D2ZRB8H5\" data-csa-c-is-in-initial-active-row=\"false\" data-csa-c-id=\"qth0l5-2xpshh-pzv4ia-8ljtsj\" data-cel-widget=\"addOnItem_feature_div\"><\/div>\n<div id=\"giftcard-holiday-availability-messaging_feature_div\" class=\"celwidget\" data-feature-name=\"giftCardHolidayAvailabilityMessaging\" data-csa-c-type=\"widget\" data-csa-c-content-id=\"giftCardHolidayAvailabilityMessaging\" data-csa-c-slot-id=\"giftcard-holiday-availability-messaging_feature_div\" data-csa-c-asin=\"B0D2ZRB8H5\" data-csa-c-is-in-initial-active-row=\"false\" data-csa-c-id=\"zfmwzp-kjp2l4-grgy5q-f55qwz\" data-cel-widget=\"giftcard-holiday-availability-messaging_feature_div\"><\/div>\n<div id=\"olp_feature_div\" class=\"celwidget\" data-feature-name=\"olp\" data-csa-c-type=\"widget\" data-csa-c-content-id=\"olp\" data-csa-c-slot-id=\"olp_feature_div\" data-csa-c-asin=\"B0D2ZRB8H5\" data-csa-c-is-in-initial-active-row=\"false\" data-csa-c-id=\"vokhdd-cprw6-317tam-bn89c6\" data-cel-widget=\"olp_feature_div\">\n<div id=\"all-offers-display\" class=\"a-section\"><\/div>\n<\/div>\n<div id=\"buyingOptionNostosBadge_feature_div\" class=\"celwidget\" data-feature-name=\"buyingOptionNostosBadge\" data-csa-c-type=\"widget\" data-csa-c-content-id=\"buyingOptionNostosBadge\" data-csa-c-slot-id=\"buyingOptionNostosBadge_feature_div\" data-csa-c-asin=\"B0D2ZRB8H5\" data-csa-c-is-in-initial-active-row=\"false\" data-csa-c-id=\"j4qq4v-367cj7-847ulh-794xzt\" data-cel-widget=\"buyingOptionNostosBadge_feature_div\"><\/div>\n<div id=\"tellAmazon_feature_div\" class=\"celwidget\" data-feature-name=\"tellAmazon\" data-csa-c-type=\"widget\" data-csa-c-content-id=\"tellAmazon\" data-csa-c-slot-id=\"tellAmazon_feature_div\" data-csa-c-asin=\"B0D2ZRB8H5\" data-csa-c-is-in-initial-active-row=\"false\" data-csa-c-id=\"n9uyd-eua10n-ad5gii-18x3h5\" data-cel-widget=\"tellAmazon_feature_div\">\n<div class=\"celwidget c-f\" data-csa-op-log-render=\"\" data-csa-c-content-id=\"DsUnknown\" data-csa-c-slot-id=\"DsUnknown-9\" data-csa-c-type=\"widget\" data-csa-c-painter=\"tell-amazon-desktop-cards\" data-csa-c-id=\"6koot0-ycntu9-czqsn9-882d7y\" data-cel-widget=\"tell-amazon-desktop_DetailPage_8\">\n<div id=\"CardInstanceaXceTpzxomIofQIIGhGubQ\" data-card-metrics-id=\"tell-amazon-desktop_DetailPage_8\" data-acp-tracking=\"{}\" data-mix-claimed=\"true\">\n<div class=\"_tell-amazon-desktop_style_tell_amazon_div__1YDZk\" data-asin=\"B0D2ZRB8H5\" data-marketplace=\"ATVPDKIKX0DER\" data-logged-in=\"false\"><\/div>\n<\/div>\n<\/div>\n<\/div>\n","protected":false},"excerpt":{"rendered":"<p class=\"p1\">Almohada de embarazo de terciopelo cristal, con forro de fibra de poli\u00e9ster, relleno de fibra de poli\u00e9ster (algod\u00f3n PP). Suave al tacto y de gran ayuda durante el embarazo.<\/p>\n","protected":false},"featured_media":946,"template":"","meta":{"site-sidebar-layout":"default","site-content-layout":"","ast-site-content-layout":"default","site-content-style":"default","site-sidebar-style":"default","ast-global-header-display":"","ast-banner-title-visibility":"","ast-main-header-display":"","ast-hfb-above-header-display":"","ast-hfb-below-header-display":"","ast-hfb-mobile-header-display":"","site-post-title":"","ast-breadcrumbs-content":"","ast-featured-img":"","footer-sml-layout":"","ast-disable-related-posts":"","theme-transparent-header-meta":"","adv-header-id-meta":"","stick-header-meta":"","header-above-stick-meta":"","header-main-stick-meta":"","header-below-stick-meta":"","astra-migrate-meta-layouts":"default","ast-page-background-enabled":"default","ast-page-background-meta":{"desktop":{"background-color":"var(--ast-global-color-5)","background-image":"","background-repeat":"repeat","background-position":"center center","background-size":"auto","background-attachment":"scroll","background-type":"","background-media":"","overlay-type":"","overlay-color":"","overlay-opacity":"","overlay-gradient":""},"tablet":{"background-color":"","background-image":"","background-repeat":"repeat","background-position":"center center","background-size":"auto","background-attachment":"scroll","background-type":"","background-media":"","overlay-type":"","overlay-color":"","overlay-opacity":"","overlay-gradient":""},"mobile":{"background-color":"","background-image":"","background-repeat":"repeat","background-position":"center center","background-size":"auto","background-attachment":"scroll","background-type":"","background-media":"","overlay-type":"","overlay-color":"","overlay-opacity":"","overlay-gradient":""}},"ast-content-background-meta":{"desktop":{"background-color":"var(--ast-global-color-4)","background-image":"","background-repeat":"repeat","background-position":"center center","background-size":"auto","background-attachment":"scroll","background-type":"","background-media":"","overlay-type":"","overlay-color":"","overlay-opacity":"","overlay-gradient":""},"tablet":{"background-color":"var(--ast-global-color-4)","background-image":"","background-repeat":"repeat","background-position":"center center","background-size":"auto","background-attachment":"scroll","background-type":"","background-media":"","overlay-type":"","overlay-color":"","overlay-opacity":"","overlay-gradient":""},"mobile":{"background-color":"var(--ast-global-color-4)","background-image":"","background-repeat":"repeat","background-position":"center center","background-size":"auto","background-attachment":"scroll","background-type":"","background-media":"","overlay-type":"","overlay-color":"","overlay-opacity":"","overlay-gradient":""}}},"product_brand":[],"product_cat":[43],"product_tag":[],"class_list":{"0":"post-945","1":"product","2":"type-product","3":"status-publish","4":"has-post-thumbnail","6":"product_cat-almohadas","7":"product_shipping_class-ligero-medio","8":"desktop-align-left","9":"tablet-align-left","10":"mobile-align-left","12":"first","13":"outofstock","14":"shipping-taxable","15":"purchasable","16":"product-type-simple"},"_links":{"self":[{"href":"https:\/\/bocimx.com.mx\/inicio\/wp-json\/wp\/v2\/product\/945","targetHints":{"allow":["GET"]}}],"collection":[{"href":"https:\/\/bocimx.com.mx\/inicio\/wp-json\/wp\/v2\/product"}],"about":[{"href":"https:\/\/bocimx.com.mx\/inicio\/wp-json\/wp\/v2\/types\/product"}],"wp:featuredmedia":[{"embeddable":true,"href":"https:\/\/bocimx.com.mx\/inicio\/wp-json\/wp\/v2\/media\/946"}],"wp:attachment":[{"href":"https:\/\/bocimx.com.mx\/inicio\/wp-json\/wp\/v2\/media?parent=945"}],"wp:term":[{"taxonomy":"product_brand","embeddable":true,"href":"https:\/\/bocimx.com.mx\/inicio\/wp-json\/wp\/v2\/product_brand?post=945"},{"taxonomy":"product_cat","embeddable":true,"href":"https:\/\/bocimx.com.mx\/inicio\/wp-json\/wp\/v2\/product_cat?post=945"},{"taxonomy":"product_tag","embeddable":true,"href":"https:\/\/bocimx.com.mx\/inicio\/wp-json\/wp\/v2\/product_tag?post=945"}],"curies":[{"name":"wp","href":"https:\/\/api.w.org\/{rel}","templated":true}]}}