{"id":949,"date":"2025-07-11T15:19:12","date_gmt":"2025-07-11T21:19:12","guid":{"rendered":"https:\/\/bocimx.com.mx\/inicio\/?post_type=product&#038;p=949"},"modified":"2025-12-29T16:47:12","modified_gmt":"2025-12-29T22:47:12","slug":"almohada-ur-h","status":"publish","type":"product","link":"https:\/\/bocimx.com.mx\/inicio\/product\/almohada-ur-h\/","title":{"rendered":"Almohada UR-H"},"content":{"rendered":"<div class=\"ui-pdp-container__col col-3 ui-pdp-container--column-center pb-40\">\n<div class=\"ui-pdp-container__row\">\n<div class=\"ui-pdp-container__col col-1 pl-24 pr-24\">\n<div class=\"ui-pdp-collapsable mt-24 ui-pdp-description-collapse\">\n<div class=\"ui-pdp-collapsable__container\">\n<div id=\"description\" class=\"ui-pdp-description\">\n<p class=\"ui-pdp-description__content\" data-testid=\"content\">La Almohada Ortop\u00e9dica de Embarazo y Lactancia Prenatal Estilo Puff es un producto dise\u00f1ado para brindar el m\u00e1ximo confort y apoyo durante una de las etapas m\u00e1s importantes de la vida de una mujer. Su color gris neutro se adapta a cualquier decoraci\u00f3n, aportando un toque de elegancia y sofisticaci\u00f3n a tu hogar.<\/p>\n<p>Este producto es ideal para las futuras madres, ya que su tama\u00f1o grande y su material exterior de poliuretano termopl\u00e1stico proporcionan un soporte \u00f3ptimo para el cuerpo, aliviando la presi\u00f3n en la espalda y las caderas. Adem\u00e1s, su relleno de vell\u00f3n siliconado garantiza una suavidad inigualable, ofreciendo un descanso placentero y reparador.<\/p>\n<p>La Almohada Ortop\u00e9dica de Embarazo y Lactancia Prenatal Estilo Puff es tambi\u00e9n perfecta para las madres de mellizos, ya que su dise\u00f1o permite acomodar a dos beb\u00e9s al mismo tiempo durante la lactancia. Adem\u00e1s, su funda removible facilita su limpieza, asegurando un ambiente higi\u00e9nico y seguro para ti y tus peque\u00f1os.<\/p>\n<p>En resumen, este producto combina funcionalidad y estilo, convirti\u00e9ndose en un elemento esencial para cualquier madre. Su dise\u00f1o ergon\u00f3mico y su alta calidad de materiales garantizan un uso prolongado, acompa\u00f1\u00e1ndote durante el embarazo y la lactancia. Con la Almohada Ortop\u00e9dica de Embarazo y Lactancia Prenatal Estilo Puff, disfrutar\u00e1s de momentos de descanso y conexi\u00f3n con tus beb\u00e9s de la manera m\u00e1s c\u00f3moda y segura.<\/p>\n<\/div>\n<\/div>\n<\/div>\n<\/div>\n<\/div>\n<\/div>\n","protected":false},"excerpt":{"rendered":"<p class=\"p1\">Almohada de embarazo de terciopelo cristal, con forro de fibra de poli\u00e9ster, relleno de fibra de poli\u00e9ster (algod\u00f3n PP). Suave al tacto y de gran ayuda durante el embarazo.<\/p>\n","protected":false},"featured_media":950,"template":"","meta":{"site-sidebar-layout":"default","site-content-layout":"","ast-site-content-layout":"default","site-content-style":"default","site-sidebar-style":"default","ast-global-header-display":"","ast-banner-title-visibility":"","ast-main-header-display":"","ast-hfb-above-header-display":"","ast-hfb-below-header-display":"","ast-hfb-mobile-header-display":"","site-post-title":"","ast-breadcrumbs-content":"","ast-featured-img":"","footer-sml-layout":"","ast-disable-related-posts":"","theme-transparent-header-meta":"","adv-header-id-meta":"","stick-header-meta":"","header-above-stick-meta":"","header-main-stick-meta":"","header-below-stick-meta":"","astra-migrate-meta-layouts":"default","ast-page-background-enabled":"default","ast-page-background-meta":{"desktop":{"background-color":"var(--ast-global-color-5)","background-image":"","background-repeat":"repeat","background-position":"center center","background-size":"auto","background-attachment":"scroll","background-type":"","background-media":"","overlay-type":"","overlay-color":"","overlay-opacity":"","overlay-gradient":""},"tablet":{"background-color":"","background-image":"","background-repeat":"repeat","background-position":"center center","background-size":"auto","background-attachment":"scroll","background-type":"","background-media":"","overlay-type":"","overlay-color":"","overlay-opacity":"","overlay-gradient":""},"mobile":{"background-color":"","background-image":"","background-repeat":"repeat","background-position":"center center","background-size":"auto","background-attachment":"scroll","background-type":"","background-media":"","overlay-type":"","overlay-color":"","overlay-opacity":"","overlay-gradient":""}},"ast-content-background-meta":{"desktop":{"background-color":"var(--ast-global-color-4)","background-image":"","background-repeat":"repeat","background-position":"center center","background-size":"auto","background-attachment":"scroll","background-type":"","background-media":"","overlay-type":"","overlay-color":"","overlay-opacity":"","overlay-gradient":""},"tablet":{"background-color":"var(--ast-global-color-4)","background-image":"","background-repeat":"repeat","background-position":"center center","background-size":"auto","background-attachment":"scroll","background-type":"","background-media":"","overlay-type":"","overlay-color":"","overlay-opacity":"","overlay-gradient":""},"mobile":{"background-color":"var(--ast-global-color-4)","background-image":"","background-repeat":"repeat","background-position":"center center","background-size":"auto","background-attachment":"scroll","background-type":"","background-media":"","overlay-type":"","overlay-color":"","overlay-opacity":"","overlay-gradient":""}}},"product_brand":[],"product_cat":[43],"product_tag":[],"class_list":{"0":"post-949","1":"product","2":"type-product","3":"status-publish","4":"has-post-thumbnail","6":"product_cat-almohadas","7":"product_shipping_class-ligero-medio","8":"desktop-align-left","9":"tablet-align-left","10":"mobile-align-left","12":"first","13":"outofstock","14":"shipping-taxable","15":"purchasable","16":"product-type-simple"},"_links":{"self":[{"href":"https:\/\/bocimx.com.mx\/inicio\/wp-json\/wp\/v2\/product\/949","targetHints":{"allow":["GET"]}}],"collection":[{"href":"https:\/\/bocimx.com.mx\/inicio\/wp-json\/wp\/v2\/product"}],"about":[{"href":"https:\/\/bocimx.com.mx\/inicio\/wp-json\/wp\/v2\/types\/product"}],"wp:featuredmedia":[{"embeddable":true,"href":"https:\/\/bocimx.com.mx\/inicio\/wp-json\/wp\/v2\/media\/950"}],"wp:attachment":[{"href":"https:\/\/bocimx.com.mx\/inicio\/wp-json\/wp\/v2\/media?parent=949"}],"wp:term":[{"taxonomy":"product_brand","embeddable":true,"href":"https:\/\/bocimx.com.mx\/inicio\/wp-json\/wp\/v2\/product_brand?post=949"},{"taxonomy":"product_cat","embeddable":true,"href":"https:\/\/bocimx.com.mx\/inicio\/wp-json\/wp\/v2\/product_cat?post=949"},{"taxonomy":"product_tag","embeddable":true,"href":"https:\/\/bocimx.com.mx\/inicio\/wp-json\/wp\/v2\/product_tag?post=949"}],"curies":[{"name":"wp","href":"https:\/\/api.w.org\/{rel}","templated":true}]}}