{"id":953,"date":"2025-07-11T15:38:42","date_gmt":"2025-07-11T21:38:42","guid":{"rendered":"https:\/\/bocimx.com.mx\/inicio\/?post_type=product&#038;p=953"},"modified":"2025-12-29T16:47:25","modified_gmt":"2025-12-29T22:47:25","slug":"almohada-ur-hl","status":"publish","type":"product","link":"https:\/\/bocimx.com.mx\/inicio\/product\/almohada-ur-hl\/","title":{"rendered":"Almohada UR-HL"},"content":{"rendered":"<ul class=\"a-unordered-list a-vertical a-spacing-mini\">\n<li class=\"a-spacing-mini\"><span class=\"a-list-item\">Dise\u00f1o ergon\u00f3mico: esta almohada est\u00e1 dise\u00f1ada ergon\u00f3micamente en una forma de contorno que ayuda a alinear su columna vertebral y aliviar la presi\u00f3n para reducir el dolor y las molestias, especialmente durante el embarazo. Su dise\u00f1o sigue la forma natural de tu cuerpo para apoyar completamente tu cabeza, cuello, espalda, caderas y vientre.<\/span><\/li>\n<li class=\"a-spacing-mini\"><span class=\"a-list-item\">Multiusos: esta almohada no es solo para mujeres embarazadas, sino para cualquier persona que necesite apoyo adicional, recuper\u00e1ndose de una cirug\u00eda o cansada de tener que usar varias almohadas para apoyar su cuerpo. Esta almohada te permite reemplazar tu almohada est\u00e1ndar. Se puede formar en diferentes formas, dependiendo de sus necesidades. Cualquiera puede utilizar esta almohada para ver la televisi\u00f3n, leer en la cama, dormir o simplemente para relajarse.<\/span><\/li>\n<li class=\"a-spacing-mini\"><span class=\"a-list-item\">ALIVIO DEL DOLOR: La forma de U y el contorno permiten que la almohada ayude a aliviar el dolor, y cualquier molestia asociada con el embarazo, la ci\u00e1tica, la fibromialgia, el reflujo g\u00e1strico, etc. Esta almohada ayuda a prevenir problemas de sue\u00f1o causados por dolores, dolores, rigidez o embarazo. Tambi\u00e9n elimina los lanzamientos y giros para un mejor sue\u00f1o.<\/span><\/li>\n<li class=\"a-spacing-mini\"><span class=\"a-list-item\">Material de grado industrial: nuestra almohada de embarazo est\u00e1 hecha con una mezcla de relleno de poli\u00e9ster que es suave al tacto pero lo suficientemente resistente como para apoyar tu cuerpo. Tambi\u00e9n puede ajustar la cantidad de llenado seg\u00fan el nivel de soporte deseado. La funda de almohada est\u00e1 hecha con terciopelo 100% suave que es duradero y duradero. La funda tiene una cremallera para una r\u00e1pida y f\u00e1cil extracci\u00f3n y lavado.<\/span><\/li>\n<li class=\"a-spacing-mini\"><span class=\"a-list-item\">CALIDAD PREMIUM: Su satisfacci\u00f3n es nuestra prioridad, por lo que nos aseguramos de que cada producto que reciba de nosotros est\u00e9 hecho con materias primas de alta calidad y est\u00e9 libre de defectos.\u00a0<\/span><\/li>\n<\/ul>\n","protected":false},"excerpt":{"rendered":"<p class=\"p1\">Almohada de embarazo de terciopelo cristal, con forro de fibra de poli\u00e9ster, relleno de fibra de poli\u00e9ster (algod\u00f3n PP). Suave al tacto y de gran ayuda durante el embarazo.<\/p>\n","protected":false},"featured_media":954,"template":"","meta":{"site-sidebar-layout":"default","site-content-layout":"","ast-site-content-layout":"default","site-content-style":"default","site-sidebar-style":"default","ast-global-header-display":"","ast-banner-title-visibility":"","ast-main-header-display":"","ast-hfb-above-header-display":"","ast-hfb-below-header-display":"","ast-hfb-mobile-header-display":"","site-post-title":"","ast-breadcrumbs-content":"","ast-featured-img":"","footer-sml-layout":"","ast-disable-related-posts":"","theme-transparent-header-meta":"","adv-header-id-meta":"","stick-header-meta":"","header-above-stick-meta":"","header-main-stick-meta":"","header-below-stick-meta":"","astra-migrate-meta-layouts":"default","ast-page-background-enabled":"default","ast-page-background-meta":{"desktop":{"background-color":"var(--ast-global-color-5)","background-image":"","background-repeat":"repeat","background-position":"center center","background-size":"auto","background-attachment":"scroll","background-type":"","background-media":"","overlay-type":"","overlay-color":"","overlay-opacity":"","overlay-gradient":""},"tablet":{"background-color":"","background-image":"","background-repeat":"repeat","background-position":"center center","background-size":"auto","background-attachment":"scroll","background-type":"","background-media":"","overlay-type":"","overlay-color":"","overlay-opacity":"","overlay-gradient":""},"mobile":{"background-color":"","background-image":"","background-repeat":"repeat","background-position":"center center","background-size":"auto","background-attachment":"scroll","background-type":"","background-media":"","overlay-type":"","overlay-color":"","overlay-opacity":"","overlay-gradient":""}},"ast-content-background-meta":{"desktop":{"background-color":"var(--ast-global-color-4)","background-image":"","background-repeat":"repeat","background-position":"center center","background-size":"auto","background-attachment":"scroll","background-type":"","background-media":"","overlay-type":"","overlay-color":"","overlay-opacity":"","overlay-gradient":""},"tablet":{"background-color":"var(--ast-global-color-4)","background-image":"","background-repeat":"repeat","background-position":"center center","background-size":"auto","background-attachment":"scroll","background-type":"","background-media":"","overlay-type":"","overlay-color":"","overlay-opacity":"","overlay-gradient":""},"mobile":{"background-color":"var(--ast-global-color-4)","background-image":"","background-repeat":"repeat","background-position":"center center","background-size":"auto","background-attachment":"scroll","background-type":"","background-media":"","overlay-type":"","overlay-color":"","overlay-opacity":"","overlay-gradient":""}}},"product_brand":[],"product_cat":[43],"product_tag":[],"class_list":{"0":"post-953","1":"product","2":"type-product","3":"status-publish","4":"has-post-thumbnail","6":"product_cat-almohadas","7":"product_shipping_class-ligero-medio","8":"desktop-align-left","9":"tablet-align-left","10":"mobile-align-left","12":"first","13":"outofstock","14":"shipping-taxable","15":"purchasable","16":"product-type-simple"},"_links":{"self":[{"href":"https:\/\/bocimx.com.mx\/inicio\/wp-json\/wp\/v2\/product\/953","targetHints":{"allow":["GET"]}}],"collection":[{"href":"https:\/\/bocimx.com.mx\/inicio\/wp-json\/wp\/v2\/product"}],"about":[{"href":"https:\/\/bocimx.com.mx\/inicio\/wp-json\/wp\/v2\/types\/product"}],"wp:featuredmedia":[{"embeddable":true,"href":"https:\/\/bocimx.com.mx\/inicio\/wp-json\/wp\/v2\/media\/954"}],"wp:attachment":[{"href":"https:\/\/bocimx.com.mx\/inicio\/wp-json\/wp\/v2\/media?parent=953"}],"wp:term":[{"taxonomy":"product_brand","embeddable":true,"href":"https:\/\/bocimx.com.mx\/inicio\/wp-json\/wp\/v2\/product_brand?post=953"},{"taxonomy":"product_cat","embeddable":true,"href":"https:\/\/bocimx.com.mx\/inicio\/wp-json\/wp\/v2\/product_cat?post=953"},{"taxonomy":"product_tag","embeddable":true,"href":"https:\/\/bocimx.com.mx\/inicio\/wp-json\/wp\/v2\/product_tag?post=953"}],"curies":[{"name":"wp","href":"https:\/\/api.w.org\/{rel}","templated":true}]}}