{"id":970,"date":"2025-07-12T10:09:00","date_gmt":"2025-07-12T16:09:00","guid":{"rendered":"https:\/\/bocimx.com.mx\/inicio\/?post_type=product&#038;p=970"},"modified":"2025-12-29T16:57:16","modified_gmt":"2025-12-29T22:57:16","slug":"bocina-mc-wgy-5501","status":"publish","type":"product","link":"https:\/\/bocimx.com.mx\/inicio\/product\/bocina-mc-wgy-5501\/","title":{"rendered":"Bocina MC-WGY-5501"},"content":{"rendered":"<p>Modelo del producto:WGY-5501<br \/>\nTipo de altavoz:Bocinas Bluetooth inal\u00e1mbricas<br \/>\nCapacidad de la bater\u00eda:2400mAh<br \/>\nFunci\u00f3n de soporte:BT\/USB\/TF\/AUX\/MIC<br \/>\nDistancia Bluetooth:unos 10 metros<br \/>\nVoltaje nominal:DC 13.5V<br \/>\nPotencia nominal:60W<br \/>\nTiempo de carga:2-3 horas (depende del cargador)<br \/>\nTama\u00f1o del producto:210*270*496mm<br \/>\nPeso del producto:4.55KG<\/p>\n<p>Caracter\u00edsticas.<br \/>\n60W alta potencia, alto volumen, subwoofer<br \/>\nEsta bocina port\u00e1til bluetooth karaoke incorpora 2 altavoces (1 de graves y 1 de agudos), la calidad de sonido del audio bluetooth es muy clara y alta, los graves son mas potentes, el volumen es mas moderado, suficiente para llenar toda la gran sala, le aportara un efecto audiovisual impactante. bocinas recargables Los port\u00e1tiles son perfectos para fiestas, karaoke familiar, bodas, reuniones de eventos al aire libre\/interior.<\/p>\n<p>Conecta f\u00e1cilmente varios dispositivos.<br \/>\nBocinas tiene cuatro tipos de m\u00e9todos de conexi\u00f3n, BT\/USB\/TF\/AUX, puede reproducir musica en formato MP3 y WAV en el disco U. bocina bluetooth en cualquier momento, en cualquier lugar, escucha cuando quieras escuchar.<\/p>\n<p>Deslumbrantes luces RGB.<br \/>\nLa deslumbrante caja de luz de colores de este altavoz de karaoke bluetooth inal\u00e1mbrico crea una experiencia de karaoke envolvente y din\u00e1mica. El altavoz de karaoke iluminado multicolor acorta la distancia entre t\u00fa y tus amigos y lleva tu noche de karaoke al siguiente nivel con estas cautivadoras luces. Es el regalo perfecto para los que adoran cantar y jugar con la magia de la m\u00fasica.<\/p>\n<p>Bater\u00eda de larga duraci\u00f3n.<br \/>\nEsta bocinas bluetooth recargables tiene una bater\u00eda de litio incorporada de 2400mAh de capacidad, que proporciona aproximadamente 6 horas de tiempo de reproducci\u00f3n (100% de potencia de reproducci\u00f3n a volumen medio), la bater\u00eda recargable le asegura disfrutar de su musica durante todo el d\u00eda y satisface plenamente sus necesidades audiovisuales diarias.<\/p>\n<p>Sistema de altavoces Bluetooth todo en uno.<br \/>\nEste bocinas recargables port\u00e1tiles esta tambi\u00e9n equipado con led para pantalla, dise\u00f1ado para satisfacer mejor sus necesidades de canto. Un sistema de altavoces multifuncional que funciona con dispositivos multifuncionales como m\u00e1quinas de karaoke, sistemas de megafon\u00eda port\u00e1tiles y altavoces de m\u00fasica Bluetooth. Es ideal para altavoces de karaoke dom\u00e9sticos.<\/p>\n<p>Es adecuado para una gran variedad de escenarios.<br \/>\nEsta bocina port\u00e1til soporta TWS, m\u00e1s adecuado para uso en fiestas, est\u00e1 equipado con 1 micr\u00f3fono inal\u00e1mbrico, 2 altavoces, tambi\u00e9n mejora el sonido en directo, haciendo que el efecto en directo sea mejor.<\/p>\n<p>Bocina bluetooth port\u00e1til recargable f\u00e1ciles de llevar, en bocina bluetooth inal\u00e1mbrica con 1 micr\u00f3fono inal\u00e1mbrico, dise\u00f1ado para el entretenimiento, la correa de hombro se puede ajustar en longitud, puede ser de mano o llevar en la espalda. Cumplir con sus diversos usos: escenario, perfecto para cualquier fiesta o reuni\u00f3n. Bocina bluetooth recargable ideal para cumplea\u00f1os, navidad, a\u00f1o nuevo y otras ocasiones especiales.<\/p>\n","protected":false},"excerpt":{"rendered":"<p>Bocina port\u00e1til bluetooth karaoke incorpora 2 altavoces (1 de graves y 1 de agudos), la calidad de sonido del audio bluetooth es muy clara y alta, los graves son mas potentes. Tiene cinco tipos de m\u00e9todos de conexi\u00f3n, BT\/USB\/TF\/AUX\/MIC<\/p>\n","protected":false},"featured_media":971,"template":"","meta":{"site-sidebar-layout":"default","site-content-layout":"","ast-site-content-layout":"default","site-content-style":"default","site-sidebar-style":"default","ast-global-header-display":"","ast-banner-title-visibility":"","ast-main-header-display":"","ast-hfb-above-header-display":"","ast-hfb-below-header-display":"","ast-hfb-mobile-header-display":"","site-post-title":"","ast-breadcrumbs-content":"","ast-featured-img":"","footer-sml-layout":"","ast-disable-related-posts":"","theme-transparent-header-meta":"","adv-header-id-meta":"","stick-header-meta":"","header-above-stick-meta":"","header-main-stick-meta":"","header-below-stick-meta":"","astra-migrate-meta-layouts":"default","ast-page-background-enabled":"default","ast-page-background-meta":{"desktop":{"background-color":"var(--ast-global-color-5)","background-image":"","background-repeat":"repeat","background-position":"center center","background-size":"auto","background-attachment":"scroll","background-type":"","background-media":"","overlay-type":"","overlay-color":"","overlay-opacity":"","overlay-gradient":""},"tablet":{"background-color":"","background-image":"","background-repeat":"repeat","background-position":"center center","background-size":"auto","background-attachment":"scroll","background-type":"","background-media":"","overlay-type":"","overlay-color":"","overlay-opacity":"","overlay-gradient":""},"mobile":{"background-color":"","background-image":"","background-repeat":"repeat","background-position":"center center","background-size":"auto","background-attachment":"scroll","background-type":"","background-media":"","overlay-type":"","overlay-color":"","overlay-opacity":"","overlay-gradient":""}},"ast-content-background-meta":{"desktop":{"background-color":"var(--ast-global-color-4)","background-image":"","background-repeat":"repeat","background-position":"center center","background-size":"auto","background-attachment":"scroll","background-type":"","background-media":"","overlay-type":"","overlay-color":"","overlay-opacity":"","overlay-gradient":""},"tablet":{"background-color":"var(--ast-global-color-4)","background-image":"","background-repeat":"repeat","background-position":"center center","background-size":"auto","background-attachment":"scroll","background-type":"","background-media":"","overlay-type":"","overlay-color":"","overlay-opacity":"","overlay-gradient":""},"mobile":{"background-color":"var(--ast-global-color-4)","background-image":"","background-repeat":"repeat","background-position":"center center","background-size":"auto","background-attachment":"scroll","background-type":"","background-media":"","overlay-type":"","overlay-color":"","overlay-opacity":"","overlay-gradient":""}}},"product_brand":[],"product_cat":[42],"product_tag":[],"class_list":{"0":"post-970","1":"product","2":"type-product","3":"status-publish","4":"has-post-thumbnail","6":"product_cat-bocinas","7":"product_shipping_class-ligero-medio","8":"desktop-align-left","9":"tablet-align-left","10":"mobile-align-left","12":"first","13":"outofstock","14":"shipping-taxable","15":"purchasable","16":"product-type-simple"},"_links":{"self":[{"href":"https:\/\/bocimx.com.mx\/inicio\/wp-json\/wp\/v2\/product\/970","targetHints":{"allow":["GET"]}}],"collection":[{"href":"https:\/\/bocimx.com.mx\/inicio\/wp-json\/wp\/v2\/product"}],"about":[{"href":"https:\/\/bocimx.com.mx\/inicio\/wp-json\/wp\/v2\/types\/product"}],"wp:featuredmedia":[{"embeddable":true,"href":"https:\/\/bocimx.com.mx\/inicio\/wp-json\/wp\/v2\/media\/971"}],"wp:attachment":[{"href":"https:\/\/bocimx.com.mx\/inicio\/wp-json\/wp\/v2\/media?parent=970"}],"wp:term":[{"taxonomy":"product_brand","embeddable":true,"href":"https:\/\/bocimx.com.mx\/inicio\/wp-json\/wp\/v2\/product_brand?post=970"},{"taxonomy":"product_cat","embeddable":true,"href":"https:\/\/bocimx.com.mx\/inicio\/wp-json\/wp\/v2\/product_cat?post=970"},{"taxonomy":"product_tag","embeddable":true,"href":"https:\/\/bocimx.com.mx\/inicio\/wp-json\/wp\/v2\/product_tag?post=970"}],"curies":[{"name":"wp","href":"https:\/\/api.w.org\/{rel}","templated":true}]}}