{"id":990,"date":"2025-07-30T11:15:32","date_gmt":"2025-07-30T17:15:32","guid":{"rendered":"https:\/\/bocimx.com.mx\/inicio\/?post_type=product&#038;p=990"},"modified":"2025-09-15T15:23:14","modified_gmt":"2025-09-15T21:23:14","slug":"bocina-bk-2603","status":"publish","type":"product","link":"https:\/\/bocimx.com.mx\/inicio\/product\/bocina-bk-2603\/","title":{"rendered":"Bocina BK-2603"},"content":{"rendered":"<p>Graves potentes y profundos La potencia nominal de 30 W hace que el altavoz Bluetooth sea ruidoso de forma inal\u00e1mbrica, equipado con dos controladores duales de alto rendimiento de rango completo de 6,5 pulgadas, que cambian entre agudos y graves a voluntad, puede liberar y quemar su pasi\u00f3n en la m\u00fasica din\u00e1mica. ritmos!<\/p>\n<p>TWS est\u00e9reo envolvente y espect\u00e1culo de luces<br \/>\nEmpareje 2 altavoces Bluetooth con luces para obtener la funcionalidad TWS y una experiencia de audio espacial y totalmente inmersiva. Adem\u00e1s, el espect\u00e1culo de luces inal\u00e1mbrico Bluetooth del altavoz es una locura, un nuevo modo de salto que ocupa tu campo de visi\u00f3n, ilumina la fiesta ardiente y lleva la pasi\u00f3n a nuevas alturas.<\/p>\n<p>F\u00e1cil conexi\u00f3n y versatilidad<br \/>\nEl altavoz inal\u00e1mbrico Bluetooth port\u00e1til tiene 4 m\u00e9todos de conexi\u00f3n para reproducir m\u00fasica: Bluetooth inal\u00e1mbrico, AUX de 3,5 mm, disco USB, tarjeta TF. F\u00e1cil conexi\u00f3n para disfrutar de la m\u00fasica en cualquier momento y en cualquier lugar. Tambi\u00e9n es una grabadora y una radio, puedes grabar tu hermosa m\u00fasica y escuchar estaciones de radio en tiempo real en cualquier momento, el altavoz Bluetooth para exteriores puede reproducir hasta 3 horas a volumen medio. \u00a1Los parlantes Bluetooth port\u00e1tiles son los regalos m\u00e1s c\u00e1lidos para cumplea\u00f1os, Acci\u00f3n de Gracias y Navidad!<\/p>\n<p>Organiza una fiesta en cualquier momento y en cualquier lugar Este gran altavoz est\u00e1 equipado con un micr\u00f3fono inal\u00e1mbrico, para que puedas disfrutar de tu karaoke en cualquier momento y en cualquier lugar, y tambi\u00e9n est\u00e1 equipado con una correa para el hombro resistente y duradera para facilitar su transporte. La bater\u00eda recargable dura de 3 a 4 horas, por lo que puedes cantar en cualquier lugar y en cualquier momento. Es m\u00e1s grande que los altavoces normales, tama\u00f1o del producto: 245*230*490MM<\/p>\n<p>&#8212;&#8211;Par\u00e1metros del producto:&#8212;&#8211;<br \/>\nPotencia nominal: 30W<br \/>\nTama\u00f1o del altavoz: 6,5 pulgadas*2<br \/>\nBater\u00eda: 11.1V2400mA<br \/>\nTama\u00f1o del producto: 245*230*490MM<br \/>\nPeso del producto: 5,6 kg<br \/>\nFunciones soportadas: USB, tarjeta TF, BT, con pantalla, FM, TWS, MIC<\/p>\n","protected":false},"excerpt":{"rendered":"<p>El altavoz Bluetooth perfecto para cualquier ocasi\u00f3n: potente sonido de 30W con graves profundos, efectos de luces vibrantes y conexi\u00f3n TWS para una experiencia envolvente. Con m\u00faltiples opciones de reproducci\u00f3n, micr\u00f3fono inal\u00e1mbrico y bater\u00eda recargable, es ideal para fiestas, karaoke o simplemente disfrutar tu m\u00fasica donde quieras. \u00a1Vers\u00e1til, port\u00e1til y listo para encender el ambiente!<\/p>\n","protected":false},"featured_media":991,"template":"","meta":{"site-sidebar-layout":"default","site-content-layout":"","ast-site-content-layout":"default","site-content-style":"default","site-sidebar-style":"default","ast-global-header-display":"","ast-banner-title-visibility":"","ast-main-header-display":"","ast-hfb-above-header-display":"","ast-hfb-below-header-display":"","ast-hfb-mobile-header-display":"","site-post-title":"","ast-breadcrumbs-content":"","ast-featured-img":"","footer-sml-layout":"","ast-disable-related-posts":"","theme-transparent-header-meta":"","adv-header-id-meta":"","stick-header-meta":"","header-above-stick-meta":"","header-main-stick-meta":"","header-below-stick-meta":"","astra-migrate-meta-layouts":"default","ast-page-background-enabled":"default","ast-page-background-meta":{"desktop":{"background-color":"var(--ast-global-color-5)","background-image":"","background-repeat":"repeat","background-position":"center center","background-size":"auto","background-attachment":"scroll","background-type":"","background-media":"","overlay-type":"","overlay-color":"","overlay-opacity":"","overlay-gradient":""},"tablet":{"background-color":"","background-image":"","background-repeat":"repeat","background-position":"center center","background-size":"auto","background-attachment":"scroll","background-type":"","background-media":"","overlay-type":"","overlay-color":"","overlay-opacity":"","overlay-gradient":""},"mobile":{"background-color":"","background-image":"","background-repeat":"repeat","background-position":"center center","background-size":"auto","background-attachment":"scroll","background-type":"","background-media":"","overlay-type":"","overlay-color":"","overlay-opacity":"","overlay-gradient":""}},"ast-content-background-meta":{"desktop":{"background-color":"var(--ast-global-color-4)","background-image":"","background-repeat":"repeat","background-position":"center center","background-size":"auto","background-attachment":"scroll","background-type":"","background-media":"","overlay-type":"","overlay-color":"","overlay-opacity":"","overlay-gradient":""},"tablet":{"background-color":"var(--ast-global-color-4)","background-image":"","background-repeat":"repeat","background-position":"center center","background-size":"auto","background-attachment":"scroll","background-type":"","background-media":"","overlay-type":"","overlay-color":"","overlay-opacity":"","overlay-gradient":""},"mobile":{"background-color":"var(--ast-global-color-4)","background-image":"","background-repeat":"repeat","background-position":"center center","background-size":"auto","background-attachment":"scroll","background-type":"","background-media":"","overlay-type":"","overlay-color":"","overlay-opacity":"","overlay-gradient":""}}},"product_brand":[],"product_cat":[42],"product_tag":[],"class_list":{"0":"post-990","1":"product","2":"type-product","3":"status-publish","4":"has-post-thumbnail","6":"product_cat-bocinas","7":"product_shipping_class-ligero-medio","8":"desktop-align-left","9":"tablet-align-left","10":"mobile-align-left","12":"first","13":"outofstock","14":"shipping-taxable","15":"purchasable","16":"product-type-simple"},"_links":{"self":[{"href":"https:\/\/bocimx.com.mx\/inicio\/wp-json\/wp\/v2\/product\/990","targetHints":{"allow":["GET"]}}],"collection":[{"href":"https:\/\/bocimx.com.mx\/inicio\/wp-json\/wp\/v2\/product"}],"about":[{"href":"https:\/\/bocimx.com.mx\/inicio\/wp-json\/wp\/v2\/types\/product"}],"wp:featuredmedia":[{"embeddable":true,"href":"https:\/\/bocimx.com.mx\/inicio\/wp-json\/wp\/v2\/media\/991"}],"wp:attachment":[{"href":"https:\/\/bocimx.com.mx\/inicio\/wp-json\/wp\/v2\/media?parent=990"}],"wp:term":[{"taxonomy":"product_brand","embeddable":true,"href":"https:\/\/bocimx.com.mx\/inicio\/wp-json\/wp\/v2\/product_brand?post=990"},{"taxonomy":"product_cat","embeddable":true,"href":"https:\/\/bocimx.com.mx\/inicio\/wp-json\/wp\/v2\/product_cat?post=990"},{"taxonomy":"product_tag","embeddable":true,"href":"https:\/\/bocimx.com.mx\/inicio\/wp-json\/wp\/v2\/product_tag?post=990"}],"curies":[{"name":"wp","href":"https:\/\/api.w.org\/{rel}","templated":true}]}}