{"id":994,"date":"2025-07-30T11:36:44","date_gmt":"2025-07-30T17:36:44","guid":{"rendered":"https:\/\/bocimx.com.mx\/inicio\/?post_type=product&#038;p=994"},"modified":"2026-03-20T14:31:08","modified_gmt":"2026-03-20T20:31:08","slug":"bocina-mc-bs-28e","status":"publish","type":"product","link":"https:\/\/bocimx.com.mx\/inicio\/product\/bocina-mc-bs-28e\/","title":{"rendered":"Bocina MC-BS-28E"},"content":{"rendered":"<p>Barra De Sonido De TV Bluetooth Con 4 Parlantes, Luz RGB De 7 Colores<\/p>\n<p>El dise\u00f1o envolvente est\u00e9reo del sistema de subwoofer de 4 altavoces de alta potencia de 20 W proporciona un excelente sonido envolvente, lo que le ayuda a obtener un efecto m\u00e1s potente al reproducir m\u00fasica o pel\u00edculas.<br \/>\nAdoptado Bluetooth 5.0, la barra de sonido tiene un sonido m\u00e1s claro, una conexi\u00f3n m\u00e1s r\u00e1pida y una transmisi\u00f3n m\u00e1s estable. Puede conectarse con su tel\u00e9fono, tableta, PC, TV o cualquier otro dispositivo con conectividad Bluetooth AUX o audio.<br \/>\nCon bater\u00eda incorporada de 2000 mAh, tiempo de trabajo prolongado y tiempo de espera de hasta 240 horas.<br \/>\nAdmite tarjeta TF, disco U, AUX de 3,5 mm, coaxial, con funci\u00f3n de radio. Admite puerto de recepci\u00f3n de infrarrojos (con control remoto).<br \/>\nEsta barra de sonido de 22 pulgadas es elegante y compacta, con tres modos de iluminaci\u00f3n, luz ambiental RGB de 7 colores, una decoraci\u00f3n de moda para su sala de estar.<\/p>\n<p>Especificaci\u00f3n:<\/p>\n<p>Material: Metal Pl\u00e1stico<br \/>\nTama\u00f1o: 550&#215;50 mm \/ 21,6&#215;2 pulgadas<br \/>\nDe color negro<br \/>\nVersi\u00f3n de Bluetooth: V5.0<br \/>\nDistancia de transmisi\u00f3n: 10 m<br \/>\nBater\u00eda: 3,7 V \/ 2000 mA<br \/>\nVoltaje de carga: DC 5V \/ 1A-2A<br \/>\nPotencia del altavoz: 5 W \u00d7 4<br \/>\nTiempo en espera: 240 horas.<\/p>\n","protected":false},"excerpt":{"rendered":"<p>Mejora tu experiencia de audio con esta elegante barra de sonido Bluetooth de 4 parlantes y luces RGB de 7 colores. Con sonido envolvente de 20\u202fW, conexi\u00f3n Bluetooth 5.0 y m\u00faltiples opciones de reproducci\u00f3n, ofrece potencia, estilo y versatilidad en un solo dispositivo. Ideal para tu sala, pel\u00edculas o m\u00fasica con un toque moderno.<\/p>\n","protected":false},"featured_media":995,"template":"","meta":{"site-sidebar-layout":"default","site-content-layout":"","ast-site-content-layout":"default","site-content-style":"default","site-sidebar-style":"default","ast-global-header-display":"","ast-banner-title-visibility":"","ast-main-header-display":"","ast-hfb-above-header-display":"","ast-hfb-below-header-display":"","ast-hfb-mobile-header-display":"","site-post-title":"","ast-breadcrumbs-content":"","ast-featured-img":"","footer-sml-layout":"","ast-disable-related-posts":"","theme-transparent-header-meta":"","adv-header-id-meta":"","stick-header-meta":"","header-above-stick-meta":"","header-main-stick-meta":"","header-below-stick-meta":"","astra-migrate-meta-layouts":"default","ast-page-background-enabled":"default","ast-page-background-meta":{"desktop":{"background-color":"var(--ast-global-color-5)","background-image":"","background-repeat":"repeat","background-position":"center center","background-size":"auto","background-attachment":"scroll","background-type":"","background-media":"","overlay-type":"","overlay-color":"","overlay-opacity":"","overlay-gradient":""},"tablet":{"background-color":"","background-image":"","background-repeat":"repeat","background-position":"center center","background-size":"auto","background-attachment":"scroll","background-type":"","background-media":"","overlay-type":"","overlay-color":"","overlay-opacity":"","overlay-gradient":""},"mobile":{"background-color":"","background-image":"","background-repeat":"repeat","background-position":"center center","background-size":"auto","background-attachment":"scroll","background-type":"","background-media":"","overlay-type":"","overlay-color":"","overlay-opacity":"","overlay-gradient":""}},"ast-content-background-meta":{"desktop":{"background-color":"var(--ast-global-color-4)","background-image":"","background-repeat":"repeat","background-position":"center center","background-size":"auto","background-attachment":"scroll","background-type":"","background-media":"","overlay-type":"","overlay-color":"","overlay-opacity":"","overlay-gradient":""},"tablet":{"background-color":"var(--ast-global-color-4)","background-image":"","background-repeat":"repeat","background-position":"center center","background-size":"auto","background-attachment":"scroll","background-type":"","background-media":"","overlay-type":"","overlay-color":"","overlay-opacity":"","overlay-gradient":""},"mobile":{"background-color":"var(--ast-global-color-4)","background-image":"","background-repeat":"repeat","background-position":"center center","background-size":"auto","background-attachment":"scroll","background-type":"","background-media":"","overlay-type":"","overlay-color":"","overlay-opacity":"","overlay-gradient":""}}},"product_brand":[],"product_cat":[42],"product_tag":[],"class_list":{"0":"post-994","1":"product","2":"type-product","3":"status-publish","4":"has-post-thumbnail","6":"product_cat-bocinas","7":"product_shipping_class-ligero","8":"desktop-align-left","9":"tablet-align-left","10":"mobile-align-left","12":"first","13":"instock","14":"shipping-taxable","15":"purchasable","16":"product-type-simple"},"_links":{"self":[{"href":"https:\/\/bocimx.com.mx\/inicio\/wp-json\/wp\/v2\/product\/994","targetHints":{"allow":["GET"]}}],"collection":[{"href":"https:\/\/bocimx.com.mx\/inicio\/wp-json\/wp\/v2\/product"}],"about":[{"href":"https:\/\/bocimx.com.mx\/inicio\/wp-json\/wp\/v2\/types\/product"}],"wp:featuredmedia":[{"embeddable":true,"href":"https:\/\/bocimx.com.mx\/inicio\/wp-json\/wp\/v2\/media\/995"}],"wp:attachment":[{"href":"https:\/\/bocimx.com.mx\/inicio\/wp-json\/wp\/v2\/media?parent=994"}],"wp:term":[{"taxonomy":"product_brand","embeddable":true,"href":"https:\/\/bocimx.com.mx\/inicio\/wp-json\/wp\/v2\/product_brand?post=994"},{"taxonomy":"product_cat","embeddable":true,"href":"https:\/\/bocimx.com.mx\/inicio\/wp-json\/wp\/v2\/product_cat?post=994"},{"taxonomy":"product_tag","embeddable":true,"href":"https:\/\/bocimx.com.mx\/inicio\/wp-json\/wp\/v2\/product_tag?post=994"}],"curies":[{"name":"wp","href":"https:\/\/api.w.org\/{rel}","templated":true}]}}